{"id":9681,"date":"2021-04-28T20:39:26","date_gmt":"2021-04-28T20:39:26","guid":{"rendered":"https:\/\/motokary-karting.sk\/?post_type=product&#038;p=9681"},"modified":"2026-02-21T17:46:43","modified_gmt":"2026-02-21T17:46:43","slug":"zavodni-odev-s-chranicem-zeber-rk-1","status":"publish","type":"product","link":"https:\/\/motokary-karting.sk\/cz\/produkt\/rebrovy-chranic-racewear-rk-1\/","title":{"rendered":"Chr\u00e1ni\u010d \u017eeber RACEWEAR RK-1"},"content":{"rendered":"<p>motok\u00e1rov\u00fd chr\u00e1ni\u010d \u017eeber<br \/>\nprofesion\u00e1ln\u00ed chr\u00e1ni\u010d \u017eeber (bez homologace FIA)<br \/>\noptim\u00e1ln\u00ed pohodl\u00ed p\u0159i no\u0161en\u00ed d\u00edky nastaviteln\u00fdm ramenn\u00edm popruh\u016fm<br \/>\noptim\u00e1ln\u011b nastaviteln\u00e9 pomoc\u00ed such\u00fdch zip\u016f<br \/>\nlze nosit p\u0159es nebo pod kombin\u00e9zou<\/p>","protected":false},"excerpt":{"rendered":"<p>motok\u00e1rov\u00fd chr\u00e1ni\u010d \u017eeber profesion\u00e1ln\u00ed chr\u00e1ni\u010d \u017eeber (bez homologace FIA) optim\u00e1ln\u00ed komfort no\u0161en\u00ed d\u00edky nastaviteln\u00fdm ramenn\u00edm popruh\u016fm optim\u00e1ln\u011b nastaviteln\u00fd pomoc\u00ed such\u00fdch zip\u016f lze nosit...<\/p>","protected":false},"featured_media":32962,"template":"","meta":[],"product_brand":[],"product_cat":[88,18],"product_tag":[1243,721,1728,142,1344,2049,81,1030],"class_list":{"0":"post-9681","1":"product","2":"type-product","3":"status-publish","4":"has-post-thumbnail","6":"product_cat-ochrana-rebier","7":"product_cat-vybava-pretekara","8":"product_tag-chranic-na-rebra","9":"product_tag-chranic-rebier","10":"product_tag-kart-shop","11":"product_tag-karting","12":"product_tag-karting-shop","13":"product_tag-motokarovy-chranic-rebeier","14":"product_tag-motokary","15":"product_tag-rebrovy-chranic","17":"first","18":"instock","19":"taxable","20":"shipping-taxable","21":"purchasable","22":"product-type-variable","23":"customify-col","24":"product-has-gallery"},"aioseo_notices":[],"_links":{"self":[{"href":"https:\/\/motokary-karting.sk\/cz\/wp-json\/wp\/v2\/product\/9681","targetHints":{"allow":["GET"]}}],"collection":[{"href":"https:\/\/motokary-karting.sk\/cz\/wp-json\/wp\/v2\/product"}],"about":[{"href":"https:\/\/motokary-karting.sk\/cz\/wp-json\/wp\/v2\/types\/product"}],"wp:featuredmedia":[{"embeddable":true,"href":"https:\/\/motokary-karting.sk\/cz\/wp-json\/wp\/v2\/media\/32962"}],"wp:attachment":[{"href":"https:\/\/motokary-karting.sk\/cz\/wp-json\/wp\/v2\/media?parent=9681"}],"wp:term":[{"taxonomy":"product_brand","embeddable":true,"href":"https:\/\/motokary-karting.sk\/cz\/wp-json\/wp\/v2\/product_brand?post=9681"},{"taxonomy":"product_cat","embeddable":true,"href":"https:\/\/motokary-karting.sk\/cz\/wp-json\/wp\/v2\/product_cat?post=9681"},{"taxonomy":"product_tag","embeddable":true,"href":"https:\/\/motokary-karting.sk\/cz\/wp-json\/wp\/v2\/product_tag?post=9681"}],"curies":[{"name":"wp","href":"https:\/\/api.w.org\/{rel}","templated":true}]}}