{"id":9720,"date":"2021-05-03T15:30:07","date_gmt":"2021-05-03T15:30:07","guid":{"rendered":"https:\/\/motokary-karting.sk\/?post_type=product&#038;p=9720"},"modified":"2025-02-10T20:11:45","modified_gmt":"2025-02-10T20:11:45","slug":"h2o-sada-pro-upevneni-hadice-vodniho-chlazeni-sedadla-cerveny-plast","status":"publish","type":"product","link":"https:\/\/motokary-karting.sk\/cz\/produkt\/h2o-kit-pre-sedadlo-uchyt-hadice-vodneho-chladenia-cerveny-plast\/","title":{"rendered":"H2o kit pro sedadlo - dr\u017e\u00e1k hadice vodn\u00edho chlazen\u00ed \u010derven\u00fd plast"},"content":{"rendered":"<p>speci\u00e1ln\u00ed dr\u017e\u00e1k sedadla pro hadice vodn\u00edho chlazen\u00ed<\/p>","protected":false},"excerpt":{"rendered":"<p>speci\u00e1ln\u00ed dr\u017e\u00e1k sedadla pro hadice vodn\u00edho chlazen\u00ed<\/p>","protected":false},"featured_media":9721,"template":"","meta":[],"product_brand":[],"product_cat":[280,271,366,279],"product_tag":[1221,437,436,142,1344,81,1220,278],"class_list":{"0":"post-9720","1":"product","2":"type-product","3":"status-publish","4":"has-post-thumbnail","6":"product_cat-chladice-vody-prislusenstvo","7":"product_cat-nahradne-diely-na-podvozky","8":"product_cat-prislusenstvo-k-sedadlam","9":"product_cat-sedadla-prislusenstvo","10":"product_tag-drziak-vednej-hadice","11":"product_tag-drziak-voadnej-hadice","12":"product_tag-h20-kit","13":"product_tag-karting","14":"product_tag-karting-shop","15":"product_tag-motokary","16":"product_tag-x-seats","17":"product_tag-xseats","19":"first","20":"instock","21":"taxable","22":"shipping-taxable","23":"purchasable","24":"product-type-simple","25":"customify-col"},"aioseo_notices":[],"_links":{"self":[{"href":"https:\/\/motokary-karting.sk\/cz\/wp-json\/wp\/v2\/product\/9720","targetHints":{"allow":["GET"]}}],"collection":[{"href":"https:\/\/motokary-karting.sk\/cz\/wp-json\/wp\/v2\/product"}],"about":[{"href":"https:\/\/motokary-karting.sk\/cz\/wp-json\/wp\/v2\/types\/product"}],"wp:featuredmedia":[{"embeddable":true,"href":"https:\/\/motokary-karting.sk\/cz\/wp-json\/wp\/v2\/media\/9721"}],"wp:attachment":[{"href":"https:\/\/motokary-karting.sk\/cz\/wp-json\/wp\/v2\/media?parent=9720"}],"wp:term":[{"taxonomy":"product_brand","embeddable":true,"href":"https:\/\/motokary-karting.sk\/cz\/wp-json\/wp\/v2\/product_brand?post=9720"},{"taxonomy":"product_cat","embeddable":true,"href":"https:\/\/motokary-karting.sk\/cz\/wp-json\/wp\/v2\/product_cat?post=9720"},{"taxonomy":"product_tag","embeddable":true,"href":"https:\/\/motokary-karting.sk\/cz\/wp-json\/wp\/v2\/product_tag?post=9720"}],"curies":[{"name":"wp","href":"https:\/\/api.w.org\/{rel}","templated":true}]}}