{"id":9740,"date":"2021-05-06T20:57:25","date_gmt":"2021-05-06T20:57:25","guid":{"rendered":"https:\/\/motokary-karting.sk\/?post_type=product&#038;p=9740"},"modified":"2023-07-31T09:05:56","modified_gmt":"2023-07-31T09:05:56","slug":"spojkovy-talir-pro-tm-racing","status":"publish","type":"product","link":"https:\/\/motokary-karting.sk\/cz\/produkt\/vymedzovaci-plech-spojkovej-lamely-tm-racing\/","title":{"rendered":"Spojkov\u00fd tal\u00ed\u0159 TM Racing"},"content":{"rendered":"<p>Spojkov\u00fd tal\u00ed\u0159 z oceli o tlou\u0161\u0165ce 1,5 mm pro motory TM od K8 do KZ10C, KZR1<\/p>\n<p>PRO motory KZ10B a KZ10C, KZ R1 - kotou\u010de \u010d. 5 tohoto typu jsou namontov\u00e1ny na motoru.<\/p>\n<p>MOTOR K8, K9, K9B, K9C a KZ10 - na motoru jsou namontov\u00e1ny 4 kotou\u010de tohoto typu.<\/p>\n<p>&nbsp;<\/p>","protected":false},"excerpt":{"rendered":"<p>Spojkov\u00fd tal\u00ed\u0159 z oceli o tlou\u0161\u0165ce 1,5 mm pro motory TM od K8 do KZ10C, KZR1 PRO MOTORY KZ10B a KZ10C, KZ R1 - Na...<\/p>","protected":false},"featured_media":9741,"template":"","meta":[],"product_brand":[],"product_cat":[2332,2331,2333,645,858],"product_tag":[2335,2334,142,1344,81,2340,2341,2336,2338,431,2342,2337,2339],"class_list":{"0":"post-9740","1":"product","2":"type-product","3":"status-publish","4":"has-post-thumbnail","6":"product_cat-model-tm-k10c","7":"product_cat-model-tm-k9c","8":"product_cat-model-tm-kz-r1","9":"product_cat-nahradne-diely-na-motory","10":"product_cat-tm-racing-nahradne-diely-na-motory","11":"product_tag-diely-na-tm-k9c","12":"product_tag-diely-na-tm-racimg","13":"product_tag-karting","14":"product_tag-karting-shop","15":"product_tag-motokary","16":"product_tag-plechy-na-spojku-tm-racing","17":"product_tag-spojkove-plechy-tm","18":"product_tag-spojkovy-kos","19":"product_tag-spojkovy-kos-tm-racing-k9c","20":"product_tag-tm-racing","21":"product_tag-tm-racing-spojkove-plechy","22":"product_tag-tm-spojkovy-kos","23":"product_tag-vymedzovaci-plech-lamely-tm-racing","25":"first","26":"instock","27":"taxable","28":"shipping-taxable","29":"purchasable","30":"product-type-simple","31":"customify-col"},"aioseo_notices":[],"_links":{"self":[{"href":"https:\/\/motokary-karting.sk\/cz\/wp-json\/wp\/v2\/product\/9740","targetHints":{"allow":["GET"]}}],"collection":[{"href":"https:\/\/motokary-karting.sk\/cz\/wp-json\/wp\/v2\/product"}],"about":[{"href":"https:\/\/motokary-karting.sk\/cz\/wp-json\/wp\/v2\/types\/product"}],"wp:featuredmedia":[{"embeddable":true,"href":"https:\/\/motokary-karting.sk\/cz\/wp-json\/wp\/v2\/media\/9741"}],"wp:attachment":[{"href":"https:\/\/motokary-karting.sk\/cz\/wp-json\/wp\/v2\/media?parent=9740"}],"wp:term":[{"taxonomy":"product_brand","embeddable":true,"href":"https:\/\/motokary-karting.sk\/cz\/wp-json\/wp\/v2\/product_brand?post=9740"},{"taxonomy":"product_cat","embeddable":true,"href":"https:\/\/motokary-karting.sk\/cz\/wp-json\/wp\/v2\/product_cat?post=9740"},{"taxonomy":"product_tag","embeddable":true,"href":"https:\/\/motokary-karting.sk\/cz\/wp-json\/wp\/v2\/product_tag?post=9740"}],"curies":[{"name":"wp","href":"https:\/\/api.w.org\/{rel}","templated":true}]}}