{"id":9798,"date":"2021-05-13T06:40:51","date_gmt":"2021-05-13T06:40:51","guid":{"rendered":"https:\/\/motokary-karting.sk\/?post_type=product&#038;p=9798"},"modified":"2025-05-30T05:18:16","modified_gmt":"2025-05-30T05:18:16","slug":"gumovy-pasek-pro-drzak-vzduchoveho-filtru","status":"publish","type":"product","link":"https:\/\/motokary-karting.sk\/cz\/produkt\/gumicka-na-drziak-vzduchoveho-filtra\/","title":{"rendered":"Gumov\u00e1 p\u00e1ska pro dr\u017e\u00e1k vzduchov\u00e9ho filtru"},"content":{"rendered":"<p>&nbsp;<\/p>\n<p>Ide\u00e1ln\u00ed pro mont\u00e1\u017e NOX, APE, Freeline, RR atd.<\/p>\n<p>500 mm, obvodov\u00e9 lano, tlou\u0161\u0165ka cca 3,5 mm<\/p>","protected":false},"excerpt":{"rendered":"<p>&nbsp; Ide\u00e1ln\u00ed pro upevn\u011bn\u00ed NOX, APE, Freeline, RR atd. 500 mm, obvodov\u00e9 lano, tlou\u0161\u0165ka cca 3,5 mm.<\/p>","protected":false},"featured_media":9799,"template":"","meta":[],"product_brand":[],"product_cat":[390,645],"product_tag":[2361,2363,2362,2364,142,1344,81],"class_list":{"0":"post-9798","1":"product","2":"type-product","3":"status-publish","4":"has-post-thumbnail","6":"product_cat-filtre-vzduchu","7":"product_cat-nahradne-diely-na-motory","8":"product_tag-diely-na-motokary","9":"product_tag-drziak-filtra-nox","10":"product_tag-drziak-vzduchoveho-filtra","11":"product_tag-gumicka-na-vzduchovy-filter","12":"product_tag-karting","13":"product_tag-karting-shop","14":"product_tag-motokary","16":"first","17":"onbackorder","18":"taxable","19":"shipping-taxable","20":"purchasable","21":"product-type-simple","22":"customify-col"},"aioseo_notices":[],"_links":{"self":[{"href":"https:\/\/motokary-karting.sk\/cz\/wp-json\/wp\/v2\/product\/9798","targetHints":{"allow":["GET"]}}],"collection":[{"href":"https:\/\/motokary-karting.sk\/cz\/wp-json\/wp\/v2\/product"}],"about":[{"href":"https:\/\/motokary-karting.sk\/cz\/wp-json\/wp\/v2\/types\/product"}],"wp:featuredmedia":[{"embeddable":true,"href":"https:\/\/motokary-karting.sk\/cz\/wp-json\/wp\/v2\/media\/9799"}],"wp:attachment":[{"href":"https:\/\/motokary-karting.sk\/cz\/wp-json\/wp\/v2\/media?parent=9798"}],"wp:term":[{"taxonomy":"product_brand","embeddable":true,"href":"https:\/\/motokary-karting.sk\/cz\/wp-json\/wp\/v2\/product_brand?post=9798"},{"taxonomy":"product_cat","embeddable":true,"href":"https:\/\/motokary-karting.sk\/cz\/wp-json\/wp\/v2\/product_cat?post=9798"},{"taxonomy":"product_tag","embeddable":true,"href":"https:\/\/motokary-karting.sk\/cz\/wp-json\/wp\/v2\/product_tag?post=9798"}],"curies":[{"name":"wp","href":"https:\/\/api.w.org\/{rel}","templated":true}]}}