{"id":9806,"date":"2021-05-13T11:38:14","date_gmt":"2021-05-13T11:38:14","guid":{"rendered":"https:\/\/motokary-karting.sk\/?post_type=product&#038;p=9806"},"modified":"2026-03-12T10:26:05","modified_gmt":"2026-03-12T10:26:05","slug":"zvon-sani-vzduchu-pruhledna-sada-3ks","status":"publish","type":"product","link":"https:\/\/motokary-karting.sk\/cz\/produkt\/bell-nasavace-vzduchu-priesvitne-sada-3ks\/","title":{"rendered":"P\u0159\u00edvody vzduchu Bell - pr\u016fsvitn\u00e9 | SADA 3 kus\u016f"},"content":{"rendered":"<p>Vhodn\u00e9 pro GP3 Carbon, GP3 Sport<\/p>\n<p>Sada 3 kus\u016f<\/p>","protected":false},"excerpt":{"rendered":"<p>Vhodn\u00e9 pro GP3 Carbon, GP3 Sport Set of 3<\/p>","protected":false},"featured_media":9807,"template":"","meta":[],"product_brand":[],"product_cat":[2722,21,18],"product_tag":[2372,142,1344,81,2374,2373,2015,1675],"class_list":{"0":"post-9806","1":"product","2":"type-product","3":"status-publish","4":"has-post-thumbnail","6":"product_cat-bell-prislusenstvo","7":"product_cat-prilby","8":"product_cat-vybava-pretekara","9":"product_tag-bell-nasavac","10":"product_tag-karting","11":"product_tag-karting-shop","12":"product_tag-motokary","13":"product_tag-nasavac-na-bell","14":"product_tag-nasavac-vzduchu-bell","15":"product_tag-predaj-prilieb-bell","16":"product_tag-prilby-bell","18":"first","19":"onbackorder","20":"taxable","21":"shipping-taxable","22":"purchasable","23":"product-type-simple","24":"customify-col"},"aioseo_notices":[],"_links":{"self":[{"href":"https:\/\/motokary-karting.sk\/cz\/wp-json\/wp\/v2\/product\/9806","targetHints":{"allow":["GET"]}}],"collection":[{"href":"https:\/\/motokary-karting.sk\/cz\/wp-json\/wp\/v2\/product"}],"about":[{"href":"https:\/\/motokary-karting.sk\/cz\/wp-json\/wp\/v2\/types\/product"}],"wp:featuredmedia":[{"embeddable":true,"href":"https:\/\/motokary-karting.sk\/cz\/wp-json\/wp\/v2\/media\/9807"}],"wp:attachment":[{"href":"https:\/\/motokary-karting.sk\/cz\/wp-json\/wp\/v2\/media?parent=9806"}],"wp:term":[{"taxonomy":"product_brand","embeddable":true,"href":"https:\/\/motokary-karting.sk\/cz\/wp-json\/wp\/v2\/product_brand?post=9806"},{"taxonomy":"product_cat","embeddable":true,"href":"https:\/\/motokary-karting.sk\/cz\/wp-json\/wp\/v2\/product_cat?post=9806"},{"taxonomy":"product_tag","embeddable":true,"href":"https:\/\/motokary-karting.sk\/cz\/wp-json\/wp\/v2\/product_tag?post=9806"}],"curies":[{"name":"wp","href":"https:\/\/api.w.org\/{rel}","templated":true}]}}