{"id":9838,"date":"2021-05-16T20:01:56","date_gmt":"2021-05-16T20:01:56","guid":{"rendered":"https:\/\/motokary-karting.sk\/?post_type=product&#038;p=9838"},"modified":"2026-02-11T10:28:37","modified_gmt":"2026-02-11T10:28:37","slug":"prilba-stylo-st5f-n-kompozitni-vzorec","status":"publish","type":"product","link":"https:\/\/motokary-karting.sk\/cz\/produkt\/stilo-prilba-st5f-n-composite-formula\/","title":{"rendered":"P\u0159ilba Stilo ST5F N Composite Formula"},"content":{"rendered":"<p>P\u0159ilba Stilo je naprosto \u0161pi\u010dkov\u00e1! D\u00edky extr\u00e9mn\u011b \u0161t\u00edhl\u00e9mu designu a ergonomick\u00e9mu vnit\u0159n\u00edmu polstrov\u00e1n\u00ed kombinuje p\u0159ilba Stilo ST5 nejlep\u0161\u00ed aerodynamiku, skv\u011ble padnouc\u00ed tvar a vynikaj\u00edc\u00ed ventilaci. D\u00edky nejnov\u011bj\u0161\u00ed v\u00fdrobn\u00ed technologii a v\u00fdb\u011bru nejkvalitn\u011bj\u0161\u00edch materi\u00e1l\u016f je tato p\u0159ilba jednou z absolutn\u011b neju\u017e\u0161\u00edch a nejleh\u010d\u00edch ve sv\u00e9 t\u0159\u00edd\u011b. Ji\u017e zabudovan\u00e9 prohlubn\u011b zjednodu\u0161uj\u00ed n\u00e1slednou mont\u00e1\u017e interkom\u016f a nap\u00e1jec\u00edch trubic. D\u00edky patentovan\u00e9mu a praktick\u00e9mu syst\u00e9mu uzamyk\u00e1n\u00ed \u0161t\u00edtu lze \u0161t\u00edt uzamknout ve dvou stupn\u00edch. Roz\u0161\u00ed\u0159en\u00ed o r\u016fzn\u00e9 spoilery a p\u0159\u00eddavn\u00e9 ventila\u010dn\u00ed vlo\u017eky je mo\u017en\u00e9 bez probl\u00e9m\u016f. H.A.N.S. Klipy jsou ji\u017e sou\u010d\u00e1st\u00ed dod\u00e1vky.<\/p>\n<p>Barva b\u00edl\u00e1<\/p>\n<p>Pozn\u00e1mka k ulo\u017een\u00ed<br \/>\nPraxe ukazuje, \u017ee p\u0159ilby Stilo jsou pom\u011brn\u011b mal\u00e9. Proto doporu\u010dujeme k nam\u011b\u0159en\u00e9mu obvodu hlavy p\u0159i\u010d\u00edst p\u0159ibli\u017en\u011b 1-2 cm.<\/p>\n<p>Materi\u00e1l<br \/>\nKompozitn\u00ed sm\u011bs skeln\u00fdch vl\u00e1ken a kevlaru<\/p>\n<p>Hmotnost (v\u010detn\u011b interkomu) Velikosti *<br \/>\nMal\u00e1 miska: 1 520 g (+\/- 30 gram\u016f) | XS (54), S (55-56), M (57-58)<br \/>\nVelk\u00e1 m\u00edsa: 1 660 g (+\/- 30 gram\u016f) | L (59-60), XL (61-62), XXL (63)<\/p>","protected":false},"excerpt":{"rendered":"<p>P\u0159ilba Stilo je naprosto \u0161pi\u010dkov\u00e1! D\u00edky extr\u00e9mn\u011b \u0161t\u00edhl\u00e9mu designu a ergonomick\u00e9mu vnit\u0159n\u00edmu polstrov\u00e1n\u00ed kombinuje p\u0159ilba Stilo ST5 nejlep\u0161\u00ed aerodynamiku, skv\u011ble padnouc\u00ed tvar a vynikaj\u00edc\u00ed ventilaci. D\u00edky...<\/p>","protected":false},"featured_media":9845,"template":"","meta":[],"product_brand":[],"product_cat":[21,1667,18],"product_tag":[142,984,1672,81,985,1670,1668,1590,1673,1671,2402,1693,1669,1694],"class_list":{"0":"post-9838","1":"product","2":"type-product","3":"status-publish","4":"has-post-thumbnail","6":"product_cat-prilby","7":"product_cat-stilo","8":"product_cat-vybava-pretekara","9":"product_tag-karting","10":"product_tag-motokarova-prilba","11":"product_tag-motokarova-prilba-stilo","12":"product_tag-motokary","13":"product_tag-prilba-na-motokary","14":"product_tag-prilba-stilo","15":"product_tag-prilby-stilo","16":"product_tag-stilo","17":"product_tag-stilo-motokarova-prilba","18":"product_tag-stilo-prilba","19":"product_tag-stilo-prilba-st5f-n-composite-formula","20":"product_tag-stilo-prilba-st5f-n-composite-karting","21":"product_tag-stilo-prilby","22":"product_tag-stilo-st5f-n-composite-karting","24":"first","25":"onbackorder","26":"taxable","27":"shipping-taxable","28":"purchasable","29":"product-type-variable","30":"customify-col","31":"product-has-gallery"},"aioseo_notices":[],"_links":{"self":[{"href":"https:\/\/motokary-karting.sk\/cz\/wp-json\/wp\/v2\/product\/9838","targetHints":{"allow":["GET"]}}],"collection":[{"href":"https:\/\/motokary-karting.sk\/cz\/wp-json\/wp\/v2\/product"}],"about":[{"href":"https:\/\/motokary-karting.sk\/cz\/wp-json\/wp\/v2\/types\/product"}],"wp:featuredmedia":[{"embeddable":true,"href":"https:\/\/motokary-karting.sk\/cz\/wp-json\/wp\/v2\/media\/9845"}],"wp:attachment":[{"href":"https:\/\/motokary-karting.sk\/cz\/wp-json\/wp\/v2\/media?parent=9838"}],"wp:term":[{"taxonomy":"product_brand","embeddable":true,"href":"https:\/\/motokary-karting.sk\/cz\/wp-json\/wp\/v2\/product_brand?post=9838"},{"taxonomy":"product_cat","embeddable":true,"href":"https:\/\/motokary-karting.sk\/cz\/wp-json\/wp\/v2\/product_cat?post=9838"},{"taxonomy":"product_tag","embeddable":true,"href":"https:\/\/motokary-karting.sk\/cz\/wp-json\/wp\/v2\/product_tag?post=9838"}],"curies":[{"name":"wp","href":"https:\/\/api.w.org\/{rel}","templated":true}]}}