{"id":985,"date":"2020-06-03T07:42:01","date_gmt":"2020-06-03T07:42:01","guid":{"rendered":"https:\/\/motokary-karting.sk\/?post_type=product&#038;p=985"},"modified":"2026-04-07T12:01:02","modified_gmt":"2026-04-07T12:01:02","slug":"vlozka-do-sedadla-pro-deti-makka","status":"publish","type":"product","link":"https:\/\/motokary-karting.sk\/cz\/produkt\/vlozka-do-sedadla-detska-makka\/","title":{"rendered":"M\u011bkk\u00e1 vlo\u017eka do d\u011btsk\u00e9 seda\u010dky"},"content":{"rendered":"","protected":false},"excerpt":{"rendered":"","protected":false},"featured_media":986,"template":"","meta":[],"product_brand":[],"product_cat":[271,173,366,77,279,1241],"product_tag":[1382,142,1344,2703,81,2704],"class_list":{"0":"post-985","1":"product","2":"type-product","3":"status-publish","4":"has-post-thumbnail","6":"product_cat-nahradne-diely-na-podvozky","7":"product_cat-podvozky-nahradne-diely","8":"product_cat-prislusenstvo-k-sedadlam","9":"product_cat-rental-karting","10":"product_cat-sedadla-prislusenstvo","11":"product_cat-sedadla-prislusenstvo-pozicovna","12":"product_tag-detska-vlozka-do-sedadla","13":"product_tag-karting","14":"product_tag-karting-shop","15":"product_tag-makka-vlozka-do-sedacky-na-motokaru","16":"product_tag-motokary","17":"product_tag-vlozka-do-sedadla-na-motokaru","19":"first","20":"onbackorder","21":"taxable","22":"shipping-taxable","23":"purchasable","24":"product-type-simple","25":"customify-col"},"aioseo_notices":[],"_links":{"self":[{"href":"https:\/\/motokary-karting.sk\/cz\/wp-json\/wp\/v2\/product\/985","targetHints":{"allow":["GET"]}}],"collection":[{"href":"https:\/\/motokary-karting.sk\/cz\/wp-json\/wp\/v2\/product"}],"about":[{"href":"https:\/\/motokary-karting.sk\/cz\/wp-json\/wp\/v2\/types\/product"}],"wp:featuredmedia":[{"embeddable":true,"href":"https:\/\/motokary-karting.sk\/cz\/wp-json\/wp\/v2\/media\/986"}],"wp:attachment":[{"href":"https:\/\/motokary-karting.sk\/cz\/wp-json\/wp\/v2\/media?parent=985"}],"wp:term":[{"taxonomy":"product_brand","embeddable":true,"href":"https:\/\/motokary-karting.sk\/cz\/wp-json\/wp\/v2\/product_brand?post=985"},{"taxonomy":"product_cat","embeddable":true,"href":"https:\/\/motokary-karting.sk\/cz\/wp-json\/wp\/v2\/product_cat?post=985"},{"taxonomy":"product_tag","embeddable":true,"href":"https:\/\/motokary-karting.sk\/cz\/wp-json\/wp\/v2\/product_tag?post=985"}],"curies":[{"name":"wp","href":"https:\/\/api.w.org\/{rel}","templated":true}]}}