{"id":9862,"date":"2021-05-16T20:30:26","date_gmt":"2021-05-16T20:30:26","guid":{"rendered":"https:\/\/motokary-karting.sk\/?post_type=product&#038;p=9862"},"modified":"2026-02-11T10:20:28","modified_gmt":"2026-02-11T10:20:28","slug":"bell-helma-gp3-sport-hans-white","status":"publish","type":"product","link":"https:\/\/motokary-karting.sk\/cz\/produkt\/bell-prilba-gp3-sport-hans-biela\/","title":{"rendered":"P\u0159ilba Bell GP3 Sport HANS b\u00edl\u00e1"},"content":{"rendered":"<p>Celoobli\u010dejov\u00e1 p\u0159ilba GP3 Sport vyroben\u00e1 ze skeln\u00fdch vl\u00e1ken vyztu\u017een\u00fdch kevlarem a karbonem. Je vybavena \u00fa\u010dinn\u00fdm ventila\u010dn\u00edm syst\u00e9mem sest\u00e1vaj\u00edc\u00edm z celkem 7 \u010d\u00e1ste\u010dn\u011b uzav\u00edrateln\u00fdch v\u011btrac\u00edch otvor\u016f.<\/p>\n<p>Aerodynamicky optimalizovan\u00fd bradov\u00fd spoiler udr\u017euje p\u0159ilbu stabiln\u00ed i p\u0159i maxim\u00e1ln\u00ed rychlosti v otev\u0159en\u00fdch vozidlech a zabra\u0148uje zved\u00e1n\u00ed celoobli\u010dejov\u00e9 p\u0159ilby GP3 Sport. D\u00edky sv\u00fdm \u0161t\u00edhl\u00fdm lini\u00edm a v\u00fdkonn\u00e9mu ventila\u010dn\u00edmu syst\u00e9mu je celoobli\u010dejov\u00e1 p\u0159ilba GP3 Sport vhodn\u00e1 nejen pro uzav\u0159en\u00e1 vozidla, ale tak\u00e9 jako skute\u010dn\u00fd univerz\u00e1l pro otev\u0159en\u00e1 vozidla.<\/p>\n<p>S klipy H.A.N.S.<\/p>\n<p>Barva b\u00edl\u00e1<\/p>","protected":false},"excerpt":{"rendered":"<p>Celoobli\u010dejov\u00e1 p\u0159ilba GP3 Sport vyroben\u00e1 ze skeln\u00fdch vl\u00e1ken vyztu\u017een\u00fdch kevlarem a karbonem. Je vybavena \u00fa\u010dinn\u00fdm ventila\u010dn\u00edm syst\u00e9mem, kter\u00fd se skl\u00e1d\u00e1 z celkem 7 \u010d\u00e1ste\u010dn\u011b uzav\u00edrateln\u00fdch v\u011btrac\u00edch otvor\u016f....<\/p>","protected":false},"featured_media":9871,"template":"","meta":[],"product_brand":[],"product_cat":[962,21,18],"product_tag":[963,2412,964,965,2411,2222,2225,2224,1728,142,1344,2019,2018,984,81,2221,2223,985,1675],"class_list":{"0":"post-9862","1":"product","2":"type-product","3":"status-publish","4":"has-post-thumbnail","6":"product_cat-bell","7":"product_cat-prilby","8":"product_cat-vybava-pretekara","9":"product_tag-bell","10":"product_tag-bell-gp3-sport","11":"product_tag-bell-helmets","12":"product_tag-bell-prilba","13":"product_tag-bell-prilba-gp3-sport","14":"product_tag-bell-sport-5","15":"product_tag-bell-sport-5-prilba","16":"product_tag-helma-bell-sport-5","17":"product_tag-kart-shop","18":"product_tag-karting","19":"product_tag-karting-shop","20":"product_tag-kartingova-helma","21":"product_tag-kartingovs-prilba","22":"product_tag-motokarova-prilba","23":"product_tag-motokary","24":"product_tag-prilba-bell-gt5-sport","25":"product_tag-prilba-bell-sport-5","26":"product_tag-prilba-na-motokary","27":"product_tag-prilby-bell","29":"first","30":"onbackorder","31":"taxable","32":"shipping-taxable","33":"purchasable","34":"product-type-variable","35":"customify-col","36":"product-has-gallery"},"aioseo_notices":[],"_links":{"self":[{"href":"https:\/\/motokary-karting.sk\/cz\/wp-json\/wp\/v2\/product\/9862","targetHints":{"allow":["GET"]}}],"collection":[{"href":"https:\/\/motokary-karting.sk\/cz\/wp-json\/wp\/v2\/product"}],"about":[{"href":"https:\/\/motokary-karting.sk\/cz\/wp-json\/wp\/v2\/types\/product"}],"wp:featuredmedia":[{"embeddable":true,"href":"https:\/\/motokary-karting.sk\/cz\/wp-json\/wp\/v2\/media\/9871"}],"wp:attachment":[{"href":"https:\/\/motokary-karting.sk\/cz\/wp-json\/wp\/v2\/media?parent=9862"}],"wp:term":[{"taxonomy":"product_brand","embeddable":true,"href":"https:\/\/motokary-karting.sk\/cz\/wp-json\/wp\/v2\/product_brand?post=9862"},{"taxonomy":"product_cat","embeddable":true,"href":"https:\/\/motokary-karting.sk\/cz\/wp-json\/wp\/v2\/product_cat?post=9862"},{"taxonomy":"product_tag","embeddable":true,"href":"https:\/\/motokary-karting.sk\/cz\/wp-json\/wp\/v2\/product_tag?post=9862"}],"curies":[{"name":"wp","href":"https:\/\/api.w.org\/{rel}","templated":true}]}}