{"id":20287,"date":"2023-11-21T09:42:50","date_gmt":"2023-11-21T09:42:50","guid":{"rendered":"https:\/\/motokary-karting.sk\/?page_id=20287"},"modified":"2026-02-03T13:22:46","modified_gmt":"2026-02-03T13:22:46","slug":"aplikacja-mobilna","status":"publish","type":"page","link":"https:\/\/motokary-karting.sk\/pl\/mobilna-aplikacia\/","title":{"rendered":"Aplikacja mobilna"},"content":{"rendered":"<p style=\"text-align: center;\"><b>POBIERZ NASZ\u0104 APLIKACJ\u0118 MOBILN\u0104 I R\u00d3B ZAKUPY JESZCZE WYGODNIEJ BEZPO\u015aREDNIO Z TELEFONU KOM\u00d3RKOWEGO LUB TABLETU.<\/b><\/p>\n<h2>Aplikacja APPLE<\/h2>\n<p><a href=\"https:\/\/apps.apple.com\/sk\/app\/motok%C3%A1ry-karting-sk\/id6470904951\"><br \/>\n<img loading=\"lazy\" decoding=\"async\" src=\"https:\/\/motokary-karting.sk\/wp-content\/uploads\/2023\/11\/appka-apple-1024x1024.png\" sizes=\"auto, (max-width: 843px) 100vw, 843px\" srcset=\"https:\/\/motokary-karting.sk\/wp-content\/uploads\/2023\/11\/appka-apple-1024x1024.png 1024w, https:\/\/motokary-karting.sk\/wp-content\/uploads\/2023\/11\/appka-apple-300x300.png 300w, https:\/\/motokary-karting.sk\/wp-content\/uploads\/2023\/11\/appka-apple-150x150.png 150w, https:\/\/motokary-karting.sk\/wp-content\/uploads\/2023\/11\/appka-apple-768x768.png 768w, https:\/\/motokary-karting.sk\/wp-content\/uploads\/2023\/11\/appka-apple-1536x1536.png 1536w, https:\/\/motokary-karting.sk\/wp-content\/uploads\/2023\/11\/appka-apple-600x600.png 600w, https:\/\/motokary-karting.sk\/wp-content\/uploads\/2023\/11\/appka-apple-100x100.png 100w, https:\/\/motokary-karting.sk\/wp-content\/uploads\/2023\/11\/appka-apple.png 1920w\" alt=\"\" width=\"843\" height=\"843\" \/> <\/a><\/p>\n<h2>Aplikacja ANDROID<\/h2>\n<p><a href=\"https:\/\/play.google.com\/store\/apps\/details?id=sk.motokarykarting.application&amp;pli=1\"><br \/>\n<img loading=\"lazy\" decoding=\"async\" src=\"https:\/\/motokary-karting.sk\/wp-content\/uploads\/2023\/11\/appka-android-1024x1024.png\" sizes=\"auto, (max-width: 843px) 100vw, 843px\" srcset=\"https:\/\/motokary-karting.sk\/wp-content\/uploads\/2023\/11\/appka-android-1024x1024.png 1024w, https:\/\/motokary-karting.sk\/wp-content\/uploads\/2023\/11\/appka-android-300x300.png 300w, https:\/\/motokary-karting.sk\/wp-content\/uploads\/2023\/11\/appka-android-150x150.png 150w, https:\/\/motokary-karting.sk\/wp-content\/uploads\/2023\/11\/appka-android-768x768.png 768w, https:\/\/motokary-karting.sk\/wp-content\/uploads\/2023\/11\/appka-android-1536x1536.png 1536w, https:\/\/motokary-karting.sk\/wp-content\/uploads\/2023\/11\/appka-android-600x600.png 600w, https:\/\/motokary-karting.sk\/wp-content\/uploads\/2023\/11\/appka-android-100x100.png 100w, https:\/\/motokary-karting.sk\/wp-content\/uploads\/2023\/11\/appka-android.png 1920w\" alt=\"\" width=\"843\" height=\"843\" \/> <\/a><\/p>","protected":false},"excerpt":{"rendered":"<p>POBIERZ NASZ\u0104 APLIKACJ\u0118 MOBILN\u0104 I R\u00d3B WYGODNIEJSZE ZAKUPY BEZPO\u015aREDNIO Z TWOJEGO TELEFONU LUB TABLETU Aplikacja APPLE Aplikacja ANDROID<\/p>","protected":false},"author":20,"featured_media":0,"parent":0,"menu_order":0,"comment_status":"closed","ping_status":"closed","template":"","meta":{"footnotes":""},"class_list":["post-20287","page","type-page","status-publish","hentry"],"aioseo_notices":[],"_links":{"self":[{"href":"https:\/\/motokary-karting.sk\/pl\/wp-json\/wp\/v2\/pages\/20287","targetHints":{"allow":["GET"]}}],"collection":[{"href":"https:\/\/motokary-karting.sk\/pl\/wp-json\/wp\/v2\/pages"}],"about":[{"href":"https:\/\/motokary-karting.sk\/pl\/wp-json\/wp\/v2\/types\/page"}],"author":[{"embeddable":true,"href":"https:\/\/motokary-karting.sk\/pl\/wp-json\/wp\/v2\/users\/20"}],"replies":[{"embeddable":true,"href":"https:\/\/motokary-karting.sk\/pl\/wp-json\/wp\/v2\/comments?post=20287"}],"version-history":[{"count":2,"href":"https:\/\/motokary-karting.sk\/pl\/wp-json\/wp\/v2\/pages\/20287\/revisions"}],"predecessor-version":[{"id":32705,"href":"https:\/\/motokary-karting.sk\/pl\/wp-json\/wp\/v2\/pages\/20287\/revisions\/32705"}],"wp:attachment":[{"href":"https:\/\/motokary-karting.sk\/pl\/wp-json\/wp\/v2\/media?parent=20287"}],"curies":[{"name":"wp","href":"https:\/\/api.w.org\/{rel}","templated":true}]}}