{"id":33364,"date":"2026-03-09T19:14:43","date_gmt":"2026-03-09T19:14:43","guid":{"rendered":"https:\/\/motokary-karting.sk\/?page_id=33364"},"modified":"2026-03-12T18:00:31","modified_gmt":"2026-03-12T18:00:31","slug":"zespol-wyscigowy-2","status":"publish","type":"page","link":"https:\/\/motokary-karting.sk\/pl\/racing-team\/","title":{"rendered":"Szko\u0142a kartingowa | Zesp\u00f3\u0142 wy\u015bcigowy"},"content":{"rendered":"<ul class=\"wp-block-list\"><\/ul>\n\n\n\n<p class=\"has-text-align-center\"><strong>Chcieliby\u015bmy powita\u0107 Ci\u0119 na naszej nowej stronie internetowej Karting School and Racing Team! <\/strong><br><strong>Kliknij na logo poni\u017cej tego tekstu<\/strong>:<\/p>\n\n\n\n<figure class=\"wp-block-image size-large\"><a href=\"https:\/\/racingteam.motokary-karting.sk\/\" target=\"_blank\" rel=\"RACING TEAM\"><img loading=\"lazy\" decoding=\"async\" width=\"1024\" height=\"768\" src=\"https:\/\/motokary-karting.sk\/wp-content\/uploads\/2026\/03\/logo-racing-team-mensie-1024x768.jpg\" alt=\"\" class=\"wp-image-33443\" srcset=\"https:\/\/motokary-karting.sk\/wp-content\/uploads\/2026\/03\/logo-racing-team-mensie-1024x768.jpg 1024w, https:\/\/motokary-karting.sk\/wp-content\/uploads\/2026\/03\/logo-racing-team-mensie-300x225.jpg 300w, https:\/\/motokary-karting.sk\/wp-content\/uploads\/2026\/03\/logo-racing-team-mensie-768x576.jpg 768w, https:\/\/motokary-karting.sk\/wp-content\/uploads\/2026\/03\/logo-racing-team-mensie-16x12.jpg 16w, https:\/\/motokary-karting.sk\/wp-content\/uploads\/2026\/03\/logo-racing-team-mensie-600x450.jpg 600w, https:\/\/motokary-karting.sk\/wp-content\/uploads\/2026\/03\/logo-racing-team-mensie.jpg 1200w\" sizes=\"auto, (max-width: 1024px) 100vw, 1024px\" \/><\/a><\/figure>","protected":false},"excerpt":{"rendered":"<p>Serdecznie witamy na naszej nowej stronie internetowej Szko\u0142y Kartingowej i Racing Teamu ! Kliknij na logo poni\u017cej tego tekstu:<\/p>","protected":false},"author":20,"featured_media":0,"parent":0,"menu_order":0,"comment_status":"closed","ping_status":"closed","template":"","meta":{"footnotes":""},"class_list":["post-33364","page","type-page","status-publish","hentry"],"aioseo_notices":[],"_links":{"self":[{"href":"https:\/\/motokary-karting.sk\/pl\/wp-json\/wp\/v2\/pages\/33364","targetHints":{"allow":["GET"]}}],"collection":[{"href":"https:\/\/motokary-karting.sk\/pl\/wp-json\/wp\/v2\/pages"}],"about":[{"href":"https:\/\/motokary-karting.sk\/pl\/wp-json\/wp\/v2\/types\/page"}],"author":[{"embeddable":true,"href":"https:\/\/motokary-karting.sk\/pl\/wp-json\/wp\/v2\/users\/20"}],"replies":[{"embeddable":true,"href":"https:\/\/motokary-karting.sk\/pl\/wp-json\/wp\/v2\/comments?post=33364"}],"version-history":[{"count":16,"href":"https:\/\/motokary-karting.sk\/pl\/wp-json\/wp\/v2\/pages\/33364\/revisions"}],"predecessor-version":[{"id":33450,"href":"https:\/\/motokary-karting.sk\/pl\/wp-json\/wp\/v2\/pages\/33364\/revisions\/33450"}],"wp:attachment":[{"href":"https:\/\/motokary-karting.sk\/pl\/wp-json\/wp\/v2\/media?parent=33364"}],"curies":[{"name":"wp","href":"https:\/\/api.w.org\/{rel}","templated":true}]}}