{"id":82,"date":"2020-05-27T15:58:43","date_gmt":"2020-05-27T15:58:43","guid":{"rendered":"https:\/\/motokary-karting.sk\/?page_id=82"},"modified":"2026-02-06T17:51:34","modified_gmt":"2026-02-06T17:51:34","slug":"kontakt","status":"publish","type":"page","link":"https:\/\/motokary-karting.sk\/pl\/kontakt\/","title":{"rendered":"Sklep | \u0141\u0104CZNO\u015a\u0106"},"content":{"rendered":"<p class=\"has-text-align-center\"><strong>+421 948 12 12 31<\/strong><br>(mo\u017cna si\u0119 z nami skontaktowa\u0107 telefonicznie od PONIEDZIA\u0141KU do NIEDZIELI w godzinach 9:00 - 18:00)<br><strong>info@sklep-gokartowy.pl<\/strong><\/p>\n\n\n<hr \/>\n\n\n<h3 class=\"wp-block-heading has-text-align-center\"><strong>SKLEP<\/strong><\/h3>\n\n\n\n<p class=\"has-text-align-center\">\u0160tef\u00e1nikova 35, 917 01 TRNAVA, Republika S\u0142owacka<\/p>\n\n\n\n<p class=\"has-text-align-center\"><mark style=\"background-color:rgba(0, 0, 0, 0)\" class=\"has-inline-color has-vivid-red-color\"><strong>UPRZEJMIE PROSIMY NASZYCH KLIENT\u00d3W O UM\u00d3WIENIE SI\u0118 NA WIZYT\u0118 W SKLEPIE<\/strong>,&nbsp;<strong>ABY\u015aMY MOGLI SI\u0118 TOB\u0104 ZAJ\u0104\u0106.<\/strong><\/mark><\/p>\n\n\n\n<p class=\"has-text-align-center\"><strong>SKLEP NIE MA STA\u0141YCH GODZIN OTWARCIA.<\/strong><br>Nie dostosowuj si\u0119 do godzin otwarcia, my dostosujemy si\u0119 do Ciebie!<br>Zadzwo\u0144 do nas, a z przyjemno\u015bci\u0105 otworzymy w dogodnym dla Ciebie terminie, nawet je\u015bli jest to weekend \ud83d\ude42<\/p>\n\n\n\n<figure class=\"wp-block-gallery has-nested-images columns-default is-cropped wp-block-gallery-1 is-layout-flex wp-block-gallery-is-layout-flex\">\n<figure class=\"wp-block-image size-medium\"><img loading=\"lazy\" decoding=\"async\" width=\"300\" height=\"151\" data-id=\"32007\" src=\"https:\/\/motokary-karting.sk\/wp-content\/uploads\/2026\/01\/Store-1-300x151.jpg\" alt=\"\" class=\"wp-image-32007\" srcset=\"https:\/\/motokary-karting.sk\/wp-content\/uploads\/2026\/01\/Store-1-300x151.jpg 300w, https:\/\/motokary-karting.sk\/wp-content\/uploads\/2026\/01\/Store-1-1024x514.jpg 1024w, https:\/\/motokary-karting.sk\/wp-content\/uploads\/2026\/01\/Store-1-768x386.jpg 768w, https:\/\/motokary-karting.sk\/wp-content\/uploads\/2026\/01\/Store-1-18x9.jpg 18w, https:\/\/motokary-karting.sk\/wp-content\/uploads\/2026\/01\/Store-1-600x301.jpg 600w, https:\/\/motokary-karting.sk\/wp-content\/uploads\/2026\/01\/Store-1.jpg 1179w\" sizes=\"auto, (max-width: 300px) 100vw, 300px\" \/><\/figure>\n\n\n\n<figure class=\"wp-block-image size-medium\"><img loading=\"lazy\" decoding=\"async\" width=\"300\" height=\"184\" data-id=\"32008\" src=\"https:\/\/motokary-karting.sk\/wp-content\/uploads\/2026\/01\/Store-2-300x184.jpg\" alt=\"\" class=\"wp-image-32008\" srcset=\"https:\/\/motokary-karting.sk\/wp-content\/uploads\/2026\/01\/Store-2-300x184.jpg 300w, https:\/\/motokary-karting.sk\/wp-content\/uploads\/2026\/01\/Store-2-1024x628.jpg 1024w, https:\/\/motokary-karting.sk\/wp-content\/uploads\/2026\/01\/Store-2-768x471.jpg 768w, https:\/\/motokary-karting.sk\/wp-content\/uploads\/2026\/01\/Store-2-18x12.jpg 18w, https:\/\/motokary-karting.sk\/wp-content\/uploads\/2026\/01\/Store-2-600x368.jpg 600w, https:\/\/motokary-karting.sk\/wp-content\/uploads\/2026\/01\/Store-2.jpg 1209w\" sizes=\"auto, (max-width: 300px) 100vw, 300px\" \/><\/figure>\n<\/figure>\n\n\n\n<p class=\"has-text-align-center\">Wiemy, \u017ce na torze liczy si\u0119 ka\u017cdy szczeg\u00f3\u0142. Dlatego w <strong>motokary-karting.sk<\/strong> Sprzedajemy nie tylko cz\u0119\u015bci i sprz\u0119t - sprzedajemy wydajno\u015b\u0107, bezpiecze\u0144stwo i zabaw\u0119! \ud83c\udfce\ufe0f\ud83d\udca8<\/p>\n\n\n\n<p class=\"has-text-align-center\">Od profesjonalnych kask\u00f3w, r\u0119kawic i kombinezon\u00f3w po markowe opony i najwy\u017cszej klasy gokarty - znajdziesz tu wszystko, czego potrzebujesz, aby przenie\u015b\u0107 swoj\u0105 jazd\u0119 na wy\u017cszy poziom. Jeste\u015bmy niezawodnym partnerem: <br>\u2705 <strong>Sprz\u0119t i wyposa\u017cenie do jazdy konnej<\/strong><br>\u2705 <strong>Cz\u0119\u015bci zamienne i akcesoria<\/strong> <br>\u2705 <strong>Nowe gokarty i silniki<\/strong><br>\u2705 <strong>Porady ekspert\u00f3w prosto z serca konkurencji<\/strong><\/p>\n\n\n\n<p class=\"has-text-align-center\">Przyjd\u017a i przekonaj si\u0119 sam w naszym sklepie lub przejrzyj nasz\u0105 pe\u0142n\u0105 ofert\u0119 online!<\/p>\n\n\n\n<p><\/p>","protected":false},"excerpt":{"rendered":"<p>+421 948 12 12 31(telefonicky kontaktova\u0165 n\u00e1s m\u00f4\u017eete v \u010dase&nbsp; PO \u2013 NE&nbsp; &nbsp;9:00 \u2013 18:00 hod)motokary@motokary-karting.sk PREDAJ\u0147A \u0160tef\u00e1nikova 35, 917 01 TRNAVA, Slovensk\u00e1 Republika&hellip;<\/p>","protected":false},"author":20,"featured_media":0,"parent":0,"menu_order":0,"comment_status":"closed","ping_status":"closed","template":"","meta":{"footnotes":""},"class_list":["post-82","page","type-page","status-publish","hentry"],"aioseo_notices":[],"_links":{"self":[{"href":"https:\/\/motokary-karting.sk\/pl\/wp-json\/wp\/v2\/pages\/82","targetHints":{"allow":["GET"]}}],"collection":[{"href":"https:\/\/motokary-karting.sk\/pl\/wp-json\/wp\/v2\/pages"}],"about":[{"href":"https:\/\/motokary-karting.sk\/pl\/wp-json\/wp\/v2\/types\/page"}],"author":[{"embeddable":true,"href":"https:\/\/motokary-karting.sk\/pl\/wp-json\/wp\/v2\/users\/20"}],"replies":[{"embeddable":true,"href":"https:\/\/motokary-karting.sk\/pl\/wp-json\/wp\/v2\/comments?post=82"}],"version-history":[{"count":29,"href":"https:\/\/motokary-karting.sk\/pl\/wp-json\/wp\/v2\/pages\/82\/revisions"}],"predecessor-version":[{"id":33482,"href":"https:\/\/motokary-karting.sk\/pl\/wp-json\/wp\/v2\/pages\/82\/revisions\/33482"}],"wp:attachment":[{"href":"https:\/\/motokary-karting.sk\/pl\/wp-json\/wp\/v2\/media?parent=82"}],"curies":[{"name":"wp","href":"https:\/\/api.w.org\/{rel}","templated":true}]}}