{"id":9138,"date":"2021-03-24T10:17:25","date_gmt":"2021-03-24T10:17:25","guid":{"rendered":"https:\/\/motokary-karting.sk\/?page_id=9138"},"modified":"2026-02-05T17:01:16","modified_gmt":"2026-02-05T17:01:16","slug":"karta-banerowa","status":"publish","type":"page","link":"https:\/\/motokary-karting.sk\/pl\/zakaznicka-karta\/","title":{"rendered":"Karta klienta"},"content":{"rendered":"<p><img loading=\"lazy\" decoding=\"async\" src=\"https:\/\/motokary-karting.sk\/wp-content\/uploads\/2023\/11\/banner-10-zlava-SK-new-1024x576.png\" sizes=\"auto, (max-width: 843px) 100vw, 843px\" srcset=\"https:\/\/motokary-karting.sk\/wp-content\/uploads\/2023\/11\/banner-10-zlava-SK-new-1024x576.png 1024w, https:\/\/motokary-karting.sk\/wp-content\/uploads\/2023\/11\/banner-10-zlava-SK-new-300x169.png 300w, https:\/\/motokary-karting.sk\/wp-content\/uploads\/2023\/11\/banner-10-zlava-SK-new-768x432.png 768w, https:\/\/motokary-karting.sk\/wp-content\/uploads\/2023\/11\/banner-10-zlava-SK-new-1536x864.png 1536w, https:\/\/motokary-karting.sk\/wp-content\/uploads\/2023\/11\/banner-10-zlava-SK-new-600x338.png 600w, https:\/\/motokary-karting.sk\/wp-content\/uploads\/2023\/11\/banner-10-zlava-SK-new.png 1920w\" alt=\"\" width=\"843\" height=\"474\" \/><\/p>\n<p style=\"text-align: center;\">WARUNKIEM OTRZYMANIA KARTY JEST JEDNORAZOWY ZAKUP POWY\u017bEJ 1000\u20ac.<\/p>\n<p style=\"text-align: center;\">DOTYCZY CA\u0141EGO asortymentu E-SHOP (z wyj\u0105tkiem opon)<\/p>\n<p style=\"text-align: center;\">RABAT MO\u017bE BY\u0106 ZASTOSOWANY WY\u0141\u0104CZNIE W IMIENIU POSIADACZA KARTY KLIENTA<\/p>\n<p style=\"text-align: center;\">RABAT NA KART\u0118 NIE \u0141\u0104CZY SI\u0118 Z INNYMI RABATAMI<\/p>\n<p style=\"text-align: center;\">NIEOGRANICZONA WA\u017bNO\u015a\u0106 KARTY<\/p>\n\n<div class=\"woocommerce columns-4\"><ul class=\"products customify-grid-4_md-4_sm-3_xs-2 wc-grid-view\">\n<li class=\"product-category product first customify-col\">\n\t<div class=\"wc-product-inner\"><a aria-label=\"Odwied\u017a kategori\u0119 produkt\u00f3w V\u00fdbava pretek\u00e1ra\" href=\"https:\/\/motokary-karting.sk\/pl\/kategoria-produktu\/vybava-pretekara\/\" data-no-translation-aria-label=\"\"><img loading=\"lazy\" decoding=\"async\" src=\"https:\/\/motokary-karting.sk\/wp-content\/uploads\/2026\/02\/vybava-pretekara-300x300.jpg\" alt=\"Sprz\u0119t konkurencji\" width=\"300\" height=\"300\" srcset=\"https:\/\/motokary-karting.sk\/wp-content\/uploads\/2026\/02\/vybava-pretekara-300x300.jpg 300w, https:\/\/motokary-karting.sk\/wp-content\/uploads\/2026\/02\/vybava-pretekara-150x150.jpg 150w, https:\/\/motokary-karting.sk\/wp-content\/uploads\/2026\/02\/vybava-pretekara-100x100.jpg 100w\" sizes=\"auto, (max-width: 300px) 100vw, 300px\" \/>\t\t<h2 class=\"woocommerce-loop-category__title\">\n\t\t\tSprz\u0119t konkurencji <mark class=\"count\">(263)<\/mark>\t\t<\/h2>\n\t\t<\/a><\/div><\/li>\n<li class=\"product-category product customify-col\">\n\t<div class=\"wc-product-inner\"><a aria-label=\"Odwied\u017a kategori\u0119 produkt\u00f3w V\u00fdbava do gar\u00e1\u017ee\" href=\"https:\/\/motokary-karting.sk\/pl\/kategoria-produktu\/vybava-do-garaze\/\" data-no-translation-aria-label=\"\"><img loading=\"lazy\" decoding=\"async\" src=\"https:\/\/motokary-karting.sk\/wp-content\/uploads\/2026\/02\/vybava-garaz-300x300.jpg\" alt=\"Wyposa\u017cenie gara\u017cu\" width=\"300\" height=\"300\" srcset=\"https:\/\/motokary-karting.sk\/wp-content\/uploads\/2026\/02\/vybava-garaz-300x300.jpg 300w, https:\/\/motokary-karting.sk\/wp-content\/uploads\/2026\/02\/vybava-garaz-150x150.jpg 150w, https:\/\/motokary-karting.sk\/wp-content\/uploads\/2026\/02\/vybava-garaz-100x100.jpg 100w\" sizes=\"auto, (max-width: 300px) 100vw, 300px\" \/>\t\t<h2 class=\"woocommerce-loop-category__title\">\n\t\t\tWyposa\u017cenie gara\u017cu <mark class=\"count\">(63)<\/mark>\t\t<\/h2>\n\t\t<\/a><\/div><\/li>\n<li class=\"product-category product customify-col\">\n\t<div class=\"wc-product-inner\"><a aria-label=\"Odwied\u017a kategori\u0119 produkt\u00f3w N\u00e1hradn\u00e9 diely na podvozky\" href=\"https:\/\/motokary-karting.sk\/pl\/kategoria-produktu\/nahradne-diely-na-podvozky\/\" data-no-translation-aria-label=\"\"><img loading=\"lazy\" decoding=\"async\" src=\"https:\/\/motokary-karting.sk\/wp-content\/uploads\/2026\/02\/diely-podvozky-300x300.jpg\" alt=\"Cz\u0119\u015bci zamienne do podwozia\" width=\"300\" height=\"300\" srcset=\"https:\/\/motokary-karting.sk\/wp-content\/uploads\/2026\/02\/diely-podvozky-300x300.jpg 300w, https:\/\/motokary-karting.sk\/wp-content\/uploads\/2026\/02\/diely-podvozky-150x150.jpg 150w, https:\/\/motokary-karting.sk\/wp-content\/uploads\/2026\/02\/diely-podvozky-100x100.jpg 100w\" sizes=\"auto, (max-width: 300px) 100vw, 300px\" \/>\t\t<h2 class=\"woocommerce-loop-category__title\">\n\t\t\tCz\u0119\u015bci zamienne do podwozia <mark class=\"count\">(344)<\/mark>\t\t<\/h2>\n\t\t<\/a><\/div><\/li>\n<li class=\"product-category product last customify-col\">\n\t<div class=\"wc-product-inner\"><a aria-label=\"Odwied\u017a kategori\u0119 produkt\u00f3w N\u00e1hradn\u00e9 diely na motory\" href=\"https:\/\/motokary-karting.sk\/pl\/kategoria-produktu\/nahradne-diely-na-motory\/\" data-no-translation-aria-label=\"\"><img loading=\"lazy\" decoding=\"async\" src=\"https:\/\/motokary-karting.sk\/wp-content\/uploads\/2026\/02\/motory-diely-300x300.jpg\" alt=\"Cz\u0119\u015bci zamienne do silnik\u00f3w\" width=\"300\" height=\"300\" srcset=\"https:\/\/motokary-karting.sk\/wp-content\/uploads\/2026\/02\/motory-diely-300x300.jpg 300w, https:\/\/motokary-karting.sk\/wp-content\/uploads\/2026\/02\/motory-diely-150x150.jpg 150w, https:\/\/motokary-karting.sk\/wp-content\/uploads\/2026\/02\/motory-diely-100x100.jpg 100w\" sizes=\"auto, (max-width: 300px) 100vw, 300px\" \/>\t\t<h2 class=\"woocommerce-loop-category__title\">\n\t\t\tCz\u0119\u015bci zamienne do silnik\u00f3w <mark class=\"count\">(198)<\/mark>\t\t<\/h2>\n\t\t<\/a><\/div><\/li>\n<li class=\"product-category product first customify-col\">\n\t<div class=\"wc-product-inner\"><a aria-label=\"Odwied\u017a kategori\u0119 produkt\u00f3w Motok\u00e1ry\" href=\"https:\/\/motokary-karting.sk\/pl\/kategoria-produktu\/motokary\/\" data-no-translation-aria-label=\"\"><img loading=\"lazy\" decoding=\"async\" src=\"https:\/\/motokary-karting.sk\/wp-content\/uploads\/2026\/02\/crgKT5-300x300.jpg?v=1772035205\" alt=\"Gokarty\" width=\"300\" height=\"300\" srcset=\"https:\/\/motokary-karting.sk\/wp-content\/uploads\/2026\/02\/crgKT5-300x300.jpg?v=1772035205 300w, https:\/\/motokary-karting.sk\/wp-content\/uploads\/2026\/02\/crgKT5-150x150.jpg?v=1772035205 150w, https:\/\/motokary-karting.sk\/wp-content\/uploads\/2026\/02\/crgKT5-100x100.jpg?v=1772035205 100w\" sizes=\"auto, (max-width: 300px) 100vw, 300px\" \/>\t\t<h2 class=\"woocommerce-loop-category__title\">\n\t\t\tGokarty <mark class=\"count\">(26)<\/mark>\t\t<\/h2>\n\t\t<\/a><\/div><\/li>\n<li class=\"product-category product customify-col\">\n\t<div class=\"wc-product-inner\"><a aria-label=\"Odwied\u017a kategori\u0119 produkt\u00f3w Motory\" href=\"https:\/\/motokary-karting.sk\/pl\/kategoria-produktu\/motory\/\" data-no-translation-aria-label=\"\"><img loading=\"lazy\" decoding=\"async\" src=\"https:\/\/motokary-karting.sk\/wp-content\/uploads\/2026\/02\/motory-300x300.jpg\" alt=\"Silniki\" width=\"300\" height=\"300\" srcset=\"https:\/\/motokary-karting.sk\/wp-content\/uploads\/2026\/02\/motory-300x300.jpg 300w, https:\/\/motokary-karting.sk\/wp-content\/uploads\/2026\/02\/motory-150x150.jpg 150w, https:\/\/motokary-karting.sk\/wp-content\/uploads\/2026\/02\/motory-100x100.jpg 100w\" sizes=\"auto, (max-width: 300px) 100vw, 300px\" \/>\t\t<h2 class=\"woocommerce-loop-category__title\">\n\t\t\tSilniki <mark class=\"count\">(9)<\/mark>\t\t<\/h2>\n\t\t<\/a><\/div><\/li>\n<li class=\"product-category product customify-col\">\n\t<div class=\"wc-product-inner\"><a aria-label=\"Odwied\u017a kategori\u0119 produkt\u00f3w Pneumatiky\" href=\"https:\/\/motokary-karting.sk\/pl\/kategoria-produktu\/pneumatiky\/\" data-no-translation-aria-label=\"\"><img loading=\"lazy\" decoding=\"async\" src=\"https:\/\/motokary-karting.sk\/wp-content\/uploads\/2026\/02\/pneumatiky-300x300.jpg\" alt=\"Opony\" width=\"300\" height=\"300\" srcset=\"https:\/\/motokary-karting.sk\/wp-content\/uploads\/2026\/02\/pneumatiky-300x300.jpg 300w, https:\/\/motokary-karting.sk\/wp-content\/uploads\/2026\/02\/pneumatiky-150x150.jpg 150w, https:\/\/motokary-karting.sk\/wp-content\/uploads\/2026\/02\/pneumatiky-100x100.jpg 100w\" sizes=\"auto, (max-width: 300px) 100vw, 300px\" \/>\t\t<h2 class=\"woocommerce-loop-category__title\">\n\t\t\tOpony <mark class=\"count\">(59)<\/mark>\t\t<\/h2>\n\t\t<\/a><\/div><\/li>\n<li class=\"product-category product last customify-col\">\n\t<div class=\"wc-product-inner\"><a aria-label=\"Odwied\u017a kategori\u0119 produkt\u00f3w Telemetrie a Pr\u00edstroje\" href=\"https:\/\/motokary-karting.sk\/pl\/kategoria-produktu\/telemetrieapristroje\/\" data-no-translation-aria-label=\"\"><img loading=\"lazy\" decoding=\"async\" src=\"https:\/\/motokary-karting.sk\/wp-content\/uploads\/2026\/02\/telemetrie-300x300.jpg\" alt=\"Telemetria i oprzyrz\u0105dowanie\" width=\"300\" height=\"300\" srcset=\"https:\/\/motokary-karting.sk\/wp-content\/uploads\/2026\/02\/telemetrie-300x300.jpg 300w, https:\/\/motokary-karting.sk\/wp-content\/uploads\/2026\/02\/telemetrie-150x150.jpg 150w, https:\/\/motokary-karting.sk\/wp-content\/uploads\/2026\/02\/telemetrie-100x100.jpg 100w\" sizes=\"auto, (max-width: 300px) 100vw, 300px\" \/>\t\t<h2 class=\"woocommerce-loop-category__title\">\n\t\t\tTelemetria i oprzyrz\u0105dowanie <mark class=\"count\">(17)<\/mark>\t\t<\/h2>\n\t\t<\/a><\/div><\/li>\n<li class=\"product-category product first customify-col\">\n\t<div class=\"wc-product-inner\"><a aria-label=\"Odwied\u017a kategori\u0119 produkt\u00f3w Oleje a maziv\u00e1\" href=\"https:\/\/motokary-karting.sk\/pl\/kategoria-produktu\/olejeamaziva\/\" data-no-translation-aria-label=\"\"><img loading=\"lazy\" decoding=\"async\" src=\"https:\/\/motokary-karting.sk\/wp-content\/uploads\/2026\/02\/oleje-300x300.jpg\" alt=\"Oleje i smary\" width=\"300\" height=\"300\" srcset=\"https:\/\/motokary-karting.sk\/wp-content\/uploads\/2026\/02\/oleje-300x300.jpg 300w, https:\/\/motokary-karting.sk\/wp-content\/uploads\/2026\/02\/oleje-150x150.jpg 150w, https:\/\/motokary-karting.sk\/wp-content\/uploads\/2026\/02\/oleje-100x100.jpg 100w\" sizes=\"auto, (max-width: 300px) 100vw, 300px\" \/>\t\t<h2 class=\"woocommerce-loop-category__title\">\n\t\t\tOleje i smary <mark class=\"count\">(17)<\/mark>\t\t<\/h2>\n\t\t<\/a><\/div><\/li>\n<li class=\"product-category product customify-col\">\n\t<div class=\"wc-product-inner\"><a aria-label=\"Odwied\u017a kategori\u0119 produkt\u00f3w Rental karting\" href=\"https:\/\/motokary-karting.sk\/pl\/kategoria-produktu\/rental-karting\/\" data-no-translation-aria-label=\"\"><img loading=\"lazy\" decoding=\"async\" src=\"https:\/\/motokary-karting.sk\/wp-content\/uploads\/2023\/01\/img-3788-2-300x300.jpg?v=1673380810\" alt=\"Wynajem kartingu\" width=\"300\" height=\"300\" srcset=\"https:\/\/motokary-karting.sk\/wp-content\/uploads\/2023\/01\/img-3788-2-300x300.jpg?v=1673380810 300w, https:\/\/motokary-karting.sk\/wp-content\/uploads\/2023\/01\/img-3788-2-150x150.jpg?v=1673380810 150w, https:\/\/motokary-karting.sk\/wp-content\/uploads\/2023\/01\/img-3788-2-100x100.jpg?v=1673380810 100w\" sizes=\"auto, (max-width: 300px) 100vw, 300px\" \/>\t\t<h2 class=\"woocommerce-loop-category__title\">\n\t\t\tWynajem kartingu <mark class=\"count\">(127)<\/mark>\t\t<\/h2>\n\t\t<\/a><\/div><\/li>\n<li class=\"product-category product customify-col\">\n\t<div class=\"wc-product-inner\"><a aria-label=\"Odwied\u017a kategori\u0119 produkt\u00f3w Lifestyle - Oble\u010denie a produkty na vo\u013en\u00fd \u010das\" href=\"https:\/\/motokary-karting.sk\/pl\/kategoria-produktu\/lifestyle-oblecenie-a-produkty-na-volny-cas\/\" data-no-translation-aria-label=\"\"><img loading=\"lazy\" decoding=\"async\" src=\"https:\/\/motokary-karting.sk\/wp-content\/uploads\/2026\/02\/lifestyle-300x300.jpg\" alt=\"Styl \u017cycia - Odzie\u017c i produkty rekreacyjne\" width=\"300\" height=\"300\" srcset=\"https:\/\/motokary-karting.sk\/wp-content\/uploads\/2026\/02\/lifestyle-300x300.jpg 300w, https:\/\/motokary-karting.sk\/wp-content\/uploads\/2026\/02\/lifestyle-150x150.jpg 150w, https:\/\/motokary-karting.sk\/wp-content\/uploads\/2026\/02\/lifestyle-100x100.jpg 100w\" sizes=\"auto, (max-width: 300px) 100vw, 300px\" \/>\t\t<h2 class=\"woocommerce-loop-category__title\">\n\t\t\tStyl \u017cycia - Odzie\u017c i produkty rekreacyjne <mark class=\"count\">(119)<\/mark>\t\t<\/h2>\n\t\t<\/a><\/div><\/li>\n<li class=\"product-category product last customify-col\">\n\t<div class=\"wc-product-inner\"><a aria-label=\"Odwied\u017a kategori\u0119 produkt\u00f3w Tip na dar\u010dek\" href=\"https:\/\/motokary-karting.sk\/pl\/kategoria-produktu\/tip-na-darcek\/\" data-no-translation-aria-label=\"\"><img loading=\"lazy\" decoding=\"async\" src=\"https:\/\/motokary-karting.sk\/wp-content\/uploads\/2026\/02\/darcek-300x300.jpg\" alt=\"Wskaz\u00f3wka na prezent\" width=\"300\" height=\"300\" srcset=\"https:\/\/motokary-karting.sk\/wp-content\/uploads\/2026\/02\/darcek-300x300.jpg 300w, https:\/\/motokary-karting.sk\/wp-content\/uploads\/2026\/02\/darcek-150x150.jpg 150w, https:\/\/motokary-karting.sk\/wp-content\/uploads\/2026\/02\/darcek-100x100.jpg 100w\" sizes=\"auto, (max-width: 300px) 100vw, 300px\" \/>\t\t<h2 class=\"woocommerce-loop-category__title\">\n\t\t\tWskaz\u00f3wka na prezent <mark class=\"count\">(79)<\/mark>\t\t<\/h2>\n\t\t<\/a><\/div><\/li>\n<\/ul>\n<\/div>","protected":false},"excerpt":{"rendered":"<p>WARUNKIEM OTRZYMANIA KARTY JEST JEDNORAZOWY ZAKUP O WARTO\u015aCI POWY\u017bEJ 1000\u20ac. MO\u017bNA J\u0104 WYKORZYSTA\u0106 NA CA\u0141Y ASORTYMENT E-SKLEPU (z wy\u0142\u0105czeniem asortymentu opon). RABAT MO\u017bNA ZASTOSOWA\u0106 TYLKO NA NAZWISKO POSIADACZA KARTY KLIENTA\u2026<\/p>","protected":false},"author":20,"featured_media":0,"parent":0,"menu_order":0,"comment_status":"closed","ping_status":"closed","template":"","meta":{"footnotes":""},"class_list":["post-9138","page","type-page","status-publish","hentry"],"aioseo_notices":[],"_links":{"self":[{"href":"https:\/\/motokary-karting.sk\/pl\/wp-json\/wp\/v2\/pages\/9138","targetHints":{"allow":["GET"]}}],"collection":[{"href":"https:\/\/motokary-karting.sk\/pl\/wp-json\/wp\/v2\/pages"}],"about":[{"href":"https:\/\/motokary-karting.sk\/pl\/wp-json\/wp\/v2\/types\/page"}],"author":[{"embeddable":true,"href":"https:\/\/motokary-karting.sk\/pl\/wp-json\/wp\/v2\/users\/20"}],"replies":[{"embeddable":true,"href":"https:\/\/motokary-karting.sk\/pl\/wp-json\/wp\/v2\/comments?post=9138"}],"version-history":[{"count":9,"href":"https:\/\/motokary-karting.sk\/pl\/wp-json\/wp\/v2\/pages\/9138\/revisions"}],"predecessor-version":[{"id":32752,"href":"https:\/\/motokary-karting.sk\/pl\/wp-json\/wp\/v2\/pages\/9138\/revisions\/32752"}],"wp:attachment":[{"href":"https:\/\/motokary-karting.sk\/pl\/wp-json\/wp\/v2\/media?parent=9138"}],"curies":[{"name":"wp","href":"https:\/\/api.w.org\/{rel}","templated":true}]}}