{"id":10122,"date":"2025-06-14T19:19:43","date_gmt":"2025-06-14T19:19:43","guid":{"rendered":"https:\/\/motokary-karting.sk\/?post_type=product&#038;p=10122"},"modified":"2026-01-29T10:18:09","modified_gmt":"2026-01-29T10:18:09","slug":"podwozie-gokarta-croc-promotion-mc-04-mini","status":"publish","type":"product","link":"https:\/\/motokary-karting.sk\/pl\/produkt\/motokara-podvozok-croc-promotion-mc-04-mini\/","title":{"rendered":"Podwozie gokartowe CROC Promotion MINI"},"content":{"rendered":"<p>Homologacja: CIK FIA<\/p>\n<p>Rurki: 28 mm<\/p>\n<p>Rozstaw osi: 950 mm<\/p>\n<p>O\u015b: \u00d830 mm<\/p>\n<p>Uk\u0142ad hamulcowy: LZF08 Uk\u0142ad hydrauliczny<\/p>\n<p>Tarcza hamulcowa: wentylowana\/p\u0142ywaj\u0105ca<\/p>\n<p>Piasty przednie: aluminium\/magnez<\/p>\n<p>Tylne piasty: aluminium\/magnez<\/p>\n<p>Ko\u0142a: 115\/140 aluminium\/magnez<\/p>\n<p>&nbsp;<\/p>","protected":false},"excerpt":{"rendered":"<p>Homologacja: CIK FIA Rury: 28 mm Rozstaw osi: 950 mm O\u015b: \u00d830 mm Uk\u0142ad hamulcowy: LZF08 Uk\u0142ad hydrauliczny Tarcza hamulcowa: wentylowana\/p\u0142ywaj\u0105ca Przednie piasty: aluminium\/magnez Tylne piasty:...<\/p>","protected":false},"featured_media":17304,"template":"","meta":[],"product_brand":[],"product_cat":[2485,16],"product_tag":[2477,2494,2495,2492,2493,2486,2491,142,1344,2388,34,2487,2386,2489,2488,2496,2490,1698],"class_list":{"0":"post-10122","1":"product","2":"type-product","3":"status-publish","4":"has-post-thumbnail","6":"product_cat-croc-promotion","7":"product_cat-motokary","8":"product_tag-croc","9":"product_tag-croc-mini-kart","10":"product_tag-croc-mini-kart-predaj","11":"product_tag-croc-motokara","12":"product_tag-croc-motokary","13":"product_tag-croc-poromotion","14":"product_tag-croc-promotion-motokary","15":"product_tag-karting","16":"product_tag-karting-shop","17":"product_tag-minikart","18":"product_tag-motokara","19":"product_tag-motokara-croc","20":"product_tag-nova-motokara-na-predaj","21":"product_tag-predaj-croc-promotion","22":"product_tag-predaj-motokar-croc","23":"product_tag-predaj-motokary-croc","24":"product_tag-predajca-croc-promotion","25":"product_tag-predajna-motokar","27":"first","28":"onbackorder","29":"taxable","30":"shipping-taxable","31":"purchasable","32":"product-type-variable","33":"customify-col","34":"product-has-gallery"},"aioseo_notices":[],"_links":{"self":[{"href":"https:\/\/motokary-karting.sk\/pl\/wp-json\/wp\/v2\/product\/10122","targetHints":{"allow":["GET"]}}],"collection":[{"href":"https:\/\/motokary-karting.sk\/pl\/wp-json\/wp\/v2\/product"}],"about":[{"href":"https:\/\/motokary-karting.sk\/pl\/wp-json\/wp\/v2\/types\/product"}],"wp:featuredmedia":[{"embeddable":true,"href":"https:\/\/motokary-karting.sk\/pl\/wp-json\/wp\/v2\/media\/17304"}],"wp:attachment":[{"href":"https:\/\/motokary-karting.sk\/pl\/wp-json\/wp\/v2\/media?parent=10122"}],"wp:term":[{"taxonomy":"product_brand","embeddable":true,"href":"https:\/\/motokary-karting.sk\/pl\/wp-json\/wp\/v2\/product_brand?post=10122"},{"taxonomy":"product_cat","embeddable":true,"href":"https:\/\/motokary-karting.sk\/pl\/wp-json\/wp\/v2\/product_cat?post=10122"},{"taxonomy":"product_tag","embeddable":true,"href":"https:\/\/motokary-karting.sk\/pl\/wp-json\/wp\/v2\/product_tag?post=10122"}],"curies":[{"name":"wp","href":"https:\/\/api.w.org\/{rel}","templated":true}]}}