{"id":10132,"date":"2025-06-14T19:51:09","date_gmt":"2025-06-14T19:51:09","guid":{"rendered":"https:\/\/motokary-karting.sk\/?post_type=product&#038;p=10132"},"modified":"2026-01-29T10:07:26","modified_gmt":"2026-01-29T10:07:26","slug":"podwozie-gokartowe-croc-promotion-mc01-kz","status":"publish","type":"product","link":"https:\/\/motokary-karting.sk\/pl\/produkt\/motokara-podvozok-croc-promotion-mc01-kz\/","title":{"rendered":"Podwozie gokartowe CROC Promotion KZ"},"content":{"rendered":"<p>Homologacja: CIK FIA<\/p>\n<p>Rurki: 30 mm<\/p>\n<p>Rozstaw osi: 1050 mm<\/p>\n<p>O\u015b: \u00d850 mm<\/p>\n<p>Uk\u0142ad hamulcowy: LZF06 Uk\u0142ad hydrauliczny<\/p>\n<p>Tarcza hamulcowa: wentylowana\/p\u0142ywaj\u0105ca<\/p>\n<p>Piasty przednie: magnez<\/p>\n<p>Tylne piasty: magnez<\/p>\n<p>Ko\u0142a: 132\/212 Magnesium<\/p>\n<p>&nbsp;<\/p>","protected":false},"excerpt":{"rendered":"<p>Homologacja: CIK FIA Rury: 30 mm Rozstaw osi: 1050 mm O\u015b: \u00d850 mm Uk\u0142ad hamulcowy: LZF06 Uk\u0142ad hydrauliczny Tarcza hamulcowa: wentylowana\/p\u0142ywaj\u0105ca Piasty przednie: magnezowe Piasty tylne:...<\/p>","protected":false},"featured_media":32488,"template":"","meta":[],"product_brand":[],"product_cat":[2485,16],"product_tag":[2477,2502,2494,2492,2493,2505,2486,2503,2491,2501,2497,2500,142,1344,2504,2388,34,2487,2506,2386,2499,2489,2488,2496,2490,1698,2498],"class_list":{"0":"post-10132","1":"product","2":"type-product","3":"status-publish","4":"has-post-thumbnail","6":"product_cat-croc-promotion","7":"product_cat-motokary","8":"product_tag-croc","9":"product_tag-croc-kz","10":"product_tag-croc-mini-kart","11":"product_tag-croc-motokara","12":"product_tag-croc-motokary","13":"product_tag-croc-podvozok-kz","14":"product_tag-croc-poromotion","15":"product_tag-croc-promotion-kz","16":"product_tag-croc-promotion-motokary","17":"product_tag-croc-promotion-x30","18":"product_tag-croc-rotax","19":"product_tag-croc-x30","20":"product_tag-karting","21":"product_tag-karting-shop","22":"product_tag-kz-motokara-croc","23":"product_tag-minikart","24":"product_tag-motokara","25":"product_tag-motokara-croc","26":"product_tag-motokara-croc-kz-125","27":"product_tag-nova-motokara-na-predaj","28":"product_tag-podvozok-croc-promotion-rotax","29":"product_tag-predaj-croc-promotion","30":"product_tag-predaj-motokar-croc","31":"product_tag-predaj-motokary-croc","32":"product_tag-predajca-croc-promotion","33":"product_tag-predajna-motokar","34":"product_tag-rotax-croc-promotion","36":"first","37":"onbackorder","38":"taxable","39":"shipping-taxable","40":"purchasable","41":"product-type-simple","42":"customify-col","43":"product-has-gallery"},"aioseo_notices":[],"_links":{"self":[{"href":"https:\/\/motokary-karting.sk\/pl\/wp-json\/wp\/v2\/product\/10132","targetHints":{"allow":["GET"]}}],"collection":[{"href":"https:\/\/motokary-karting.sk\/pl\/wp-json\/wp\/v2\/product"}],"about":[{"href":"https:\/\/motokary-karting.sk\/pl\/wp-json\/wp\/v2\/types\/product"}],"wp:featuredmedia":[{"embeddable":true,"href":"https:\/\/motokary-karting.sk\/pl\/wp-json\/wp\/v2\/media\/32488"}],"wp:attachment":[{"href":"https:\/\/motokary-karting.sk\/pl\/wp-json\/wp\/v2\/media?parent=10132"}],"wp:term":[{"taxonomy":"product_brand","embeddable":true,"href":"https:\/\/motokary-karting.sk\/pl\/wp-json\/wp\/v2\/product_brand?post=10132"},{"taxonomy":"product_cat","embeddable":true,"href":"https:\/\/motokary-karting.sk\/pl\/wp-json\/wp\/v2\/product_cat?post=10132"},{"taxonomy":"product_tag","embeddable":true,"href":"https:\/\/motokary-karting.sk\/pl\/wp-json\/wp\/v2\/product_tag?post=10132"}],"curies":[{"name":"wp","href":"https:\/\/api.w.org\/{rel}","templated":true}]}}