{"id":10139,"date":"2021-06-15T14:21:52","date_gmt":"2021-06-15T14:21:52","guid":{"rendered":"https:\/\/motokary-karting.sk\/?post_type=product&#038;p=10139"},"modified":"2024-10-30T14:00:45","modified_gmt":"2024-10-30T14:00:45","slug":"gumowy-dzwonek-pod-pleksi","status":"publish","type":"product","link":"https:\/\/motokary-karting.sk\/pl\/produkt\/bell-gumicka-pod-plexi\/","title":{"rendered":"Gumka Bell pod pleksi"},"content":{"rendered":"<p>D\u0142ugo\u015b\u0107 77 cm<\/p>","protected":false},"excerpt":{"rendered":"<p>D\u0142ugo\u015b\u0107 77 cm<\/p>","protected":false},"featured_media":10140,"template":"","meta":[],"product_brand":[],"product_cat":[2722,21,18],"product_tag":[963,2507,964,1676,2367,2370,2509,2368,2508,142,1344,81,2371,2369],"class_list":{"0":"post-10139","1":"product","2":"type-product","3":"status-publish","4":"has-post-thumbnail","6":"product_cat-bell-prislusenstvo","7":"product_cat-prilby","8":"product_cat-vybava-pretekara","9":"product_tag-bell","10":"product_tag-bell-gumicka-pod-sklo-prilby","11":"product_tag-bell-helmets","12":"product_tag-bell-prilby","13":"product_tag-doplnky-na-bell-prilby","14":"product_tag-guma-na-bell-helmu","15":"product_tag-guma-pod-plexi-bell","16":"product_tag-gumicka-na-bell-prilbu","17":"product_tag-gumicka-pod-plexi-bell","18":"product_tag-karting","19":"product_tag-karting-shop","20":"product_tag-motokary","21":"product_tag-rubber-for-bell-hemet","22":"product_tag-spodna-guma-na-bell","24":"first","25":"instock","26":"taxable","27":"shipping-taxable","28":"purchasable","29":"product-type-simple","30":"customify-col"},"aioseo_notices":[],"_links":{"self":[{"href":"https:\/\/motokary-karting.sk\/pl\/wp-json\/wp\/v2\/product\/10139","targetHints":{"allow":["GET"]}}],"collection":[{"href":"https:\/\/motokary-karting.sk\/pl\/wp-json\/wp\/v2\/product"}],"about":[{"href":"https:\/\/motokary-karting.sk\/pl\/wp-json\/wp\/v2\/types\/product"}],"wp:featuredmedia":[{"embeddable":true,"href":"https:\/\/motokary-karting.sk\/pl\/wp-json\/wp\/v2\/media\/10140"}],"wp:attachment":[{"href":"https:\/\/motokary-karting.sk\/pl\/wp-json\/wp\/v2\/media?parent=10139"}],"wp:term":[{"taxonomy":"product_brand","embeddable":true,"href":"https:\/\/motokary-karting.sk\/pl\/wp-json\/wp\/v2\/product_brand?post=10139"},{"taxonomy":"product_cat","embeddable":true,"href":"https:\/\/motokary-karting.sk\/pl\/wp-json\/wp\/v2\/product_cat?post=10139"},{"taxonomy":"product_tag","embeddable":true,"href":"https:\/\/motokary-karting.sk\/pl\/wp-json\/wp\/v2\/product_tag?post=10139"}],"curies":[{"name":"wp","href":"https:\/\/api.w.org\/{rel}","templated":true}]}}