{"id":1019,"date":"2020-06-03T20:47:43","date_gmt":"2020-06-03T20:47:43","guid":{"rendered":"https:\/\/motokary-karting.sk\/?post_type=product&#038;p=1019"},"modified":"2026-03-23T13:45:57","modified_gmt":"2026-03-23T13:45:57","slug":"zestaw-montazowy-do-zderzaka-tylnego-o28mm-o30mm-o32mm","status":"publish","type":"product","link":"https:\/\/motokary-karting.sk\/pl\/produkt\/montazna-sada-na-zadny-naraznik-o28mm-o30mm-o32mm\/","title":{"rendered":"Zestaw monta\u017cowy tylnego zderzaka | \u00d828mm | \u00d830mm | \u00d832mm"},"content":{"rendered":"","protected":false},"excerpt":{"rendered":"","protected":false},"featured_media":33469,"template":"","meta":[],"product_brand":[],"product_cat":[271,184],"product_tag":[142,1344,1345,1245,81,1742,1743],"class_list":{"0":"post-1019","1":"product","2":"type-product","3":"status-publish","4":"has-post-thumbnail","6":"product_cat-nahradne-diely-na-podvozky","7":"product_cat-spojlery-prislusenstvo","8":"product_tag-karting","9":"product_tag-karting-shop","10":"product_tag-montazna-sada","11":"product_tag-montazna-sada-na-zadny-naraznik","12":"product_tag-motokary","13":"product_tag-sada-do-zadneho-naraznika","14":"product_tag-uchyt-drziaku-zadneho-naraznika","16":"first","17":"instock","18":"taxable","19":"shipping-taxable","20":"purchasable","21":"product-type-variable","22":"customify-col"},"aioseo_notices":[],"_links":{"self":[{"href":"https:\/\/motokary-karting.sk\/pl\/wp-json\/wp\/v2\/product\/1019","targetHints":{"allow":["GET"]}}],"collection":[{"href":"https:\/\/motokary-karting.sk\/pl\/wp-json\/wp\/v2\/product"}],"about":[{"href":"https:\/\/motokary-karting.sk\/pl\/wp-json\/wp\/v2\/types\/product"}],"wp:featuredmedia":[{"embeddable":true,"href":"https:\/\/motokary-karting.sk\/pl\/wp-json\/wp\/v2\/media\/33469"}],"wp:attachment":[{"href":"https:\/\/motokary-karting.sk\/pl\/wp-json\/wp\/v2\/media?parent=1019"}],"wp:term":[{"taxonomy":"product_brand","embeddable":true,"href":"https:\/\/motokary-karting.sk\/pl\/wp-json\/wp\/v2\/product_brand?post=1019"},{"taxonomy":"product_cat","embeddable":true,"href":"https:\/\/motokary-karting.sk\/pl\/wp-json\/wp\/v2\/product_cat?post=1019"},{"taxonomy":"product_tag","embeddable":true,"href":"https:\/\/motokary-karting.sk\/pl\/wp-json\/wp\/v2\/product_tag?post=1019"}],"curies":[{"name":"wp","href":"https:\/\/api.w.org\/{rel}","templated":true}]}}