{"id":10332,"date":"2021-06-29T12:25:48","date_gmt":"2021-06-29T12:25:48","guid":{"rendered":"https:\/\/motokary-karting.sk\/?post_type=product&#038;p=10332"},"modified":"2026-04-17T17:19:56","modified_gmt":"2026-04-17T17:19:56","slug":"czujnik-temperatury-aim-mychron-water-wszystkie-wersje-mychron-3-mychron-4-mychron-5","status":"publish","type":"product","link":"https:\/\/motokary-karting.sk\/pl\/produkt\/teplotny-snimac-aim-mychron-voda-vsetky-verzie-mychron-3-mychron-4-mychron-5\/","title":{"rendered":"Czujnik temperatury wody AIM Mychron (wszystkie wersje Mychron 3-6)"},"content":{"rendered":"<p>Czujnik temperatury wody AIM Mychron (wszystkie wersje Mychron 3, Mychron 4, Mychron 5, Mychron6)<\/p>\n<p>Gwint M10<\/p>\n<p>Jest montowany na wi\u0119kszo\u015bci silnik\u00f3w OK, OKJ, KF, KZ<\/p>","protected":false},"excerpt":{"rendered":"<p>Czujnik temperatury wody AIM Mychron (wszystkie wersje Mychron 3, Mychron 4, Mychron 5, Mychron6) Gwint M10 Montowany w wi\u0119kszo\u015bci silnik\u00f3w OK, OKJ, KF, KZ.<\/p>","protected":false},"featured_media":28058,"template":"","meta":[],"product_brand":[],"product_cat":[2558,335],"product_tag":[2564,2562,142,1344,81,2563,2561,2560,2559,2565],"class_list":{"0":"post-10332","1":"product","2":"type-product","3":"status-publish","4":"has-post-thumbnail","6":"product_cat-aim-mychron","7":"product_cat-telemetrieapristroje","8":"product_tag-aim-mychrone","9":"product_tag-aim-vodne-cidlo","10":"product_tag-karting","11":"product_tag-karting-shop","12":"product_tag-motokary","13":"product_tag-my-chrone-aim","14":"product_tag-snimac-teploty-vody-aim","15":"product_tag-snimac-teploty-vody-mychrone","16":"product_tag-teplotny-snimac-aim-mychrone","17":"product_tag-teplotny-snimac-mychron","19":"first","20":"instock","21":"sale","22":"taxable","23":"shipping-taxable","24":"purchasable","25":"product-type-simple","26":"customify-col"},"aioseo_notices":[],"_links":{"self":[{"href":"https:\/\/motokary-karting.sk\/pl\/wp-json\/wp\/v2\/product\/10332","targetHints":{"allow":["GET"]}}],"collection":[{"href":"https:\/\/motokary-karting.sk\/pl\/wp-json\/wp\/v2\/product"}],"about":[{"href":"https:\/\/motokary-karting.sk\/pl\/wp-json\/wp\/v2\/types\/product"}],"wp:featuredmedia":[{"embeddable":true,"href":"https:\/\/motokary-karting.sk\/pl\/wp-json\/wp\/v2\/media\/28058"}],"wp:attachment":[{"href":"https:\/\/motokary-karting.sk\/pl\/wp-json\/wp\/v2\/media?parent=10332"}],"wp:term":[{"taxonomy":"product_brand","embeddable":true,"href":"https:\/\/motokary-karting.sk\/pl\/wp-json\/wp\/v2\/product_brand?post=10332"},{"taxonomy":"product_cat","embeddable":true,"href":"https:\/\/motokary-karting.sk\/pl\/wp-json\/wp\/v2\/product_cat?post=10332"},{"taxonomy":"product_tag","embeddable":true,"href":"https:\/\/motokary-karting.sk\/pl\/wp-json\/wp\/v2\/product_tag?post=10332"}],"curies":[{"name":"wp","href":"https:\/\/api.w.org\/{rel}","templated":true}]}}