{"id":1036,"date":"2020-06-03T21:09:02","date_gmt":"2020-06-03T21:09:02","guid":{"rendered":"https:\/\/motokary-karting.sk\/?post_type=product&#038;p=1036"},"modified":"2026-01-23T09:59:15","modified_gmt":"2026-01-23T09:59:15","slug":"spodnice-boczne-rental-2szt-czarne","status":"publish","type":"product","link":"https:\/\/motokary-karting.sk\/pl\/produkt\/bocne-narazniky-rental-2ks-cierne\/","title":{"rendered":"Zderzaki boczne RENTAL 2szt czarne"},"content":{"rendered":"<p>Uwaga: ten produkt nie podlega bezp\u0142atnej wysy\u0142ce, poniewa\u017c jest to produkt ponadgabarytowy.<\/p>","protected":false},"excerpt":{"rendered":"<p>Towary w magazynie s\u0105 wysy\u0142ane natychmiast<\/p>","protected":false},"featured_media":1037,"template":"","meta":[],"product_brand":[],"product_cat":[173,77,1051],"product_tag":[1058,1057,1056,142,81],"class_list":{"0":"post-1036","1":"product","2":"type-product","3":"status-publish","4":"has-post-thumbnail","6":"product_cat-podvozky-nahradne-diely","7":"product_cat-rental-karting","8":"product_cat-spojlery-narazniky","9":"product_tag-bocne-narazniky","10":"product_tag-bocne-narazniky-na-motokaru-do-pozicovne","11":"product_tag-bocne-spojlery-pozicovna","12":"product_tag-karting","13":"product_tag-motokary","15":"first","16":"onbackorder","17":"sale","18":"taxable","19":"shipping-taxable","20":"purchasable","21":"product-type-simple","22":"customify-col"},"aioseo_notices":[],"_links":{"self":[{"href":"https:\/\/motokary-karting.sk\/pl\/wp-json\/wp\/v2\/product\/1036","targetHints":{"allow":["GET"]}}],"collection":[{"href":"https:\/\/motokary-karting.sk\/pl\/wp-json\/wp\/v2\/product"}],"about":[{"href":"https:\/\/motokary-karting.sk\/pl\/wp-json\/wp\/v2\/types\/product"}],"wp:featuredmedia":[{"embeddable":true,"href":"https:\/\/motokary-karting.sk\/pl\/wp-json\/wp\/v2\/media\/1037"}],"wp:attachment":[{"href":"https:\/\/motokary-karting.sk\/pl\/wp-json\/wp\/v2\/media?parent=1036"}],"wp:term":[{"taxonomy":"product_brand","embeddable":true,"href":"https:\/\/motokary-karting.sk\/pl\/wp-json\/wp\/v2\/product_brand?post=1036"},{"taxonomy":"product_cat","embeddable":true,"href":"https:\/\/motokary-karting.sk\/pl\/wp-json\/wp\/v2\/product_cat?post=1036"},{"taxonomy":"product_tag","embeddable":true,"href":"https:\/\/motokary-karting.sk\/pl\/wp-json\/wp\/v2\/product_tag?post=1036"}],"curies":[{"name":"wp","href":"https:\/\/api.w.org\/{rel}","templated":true}]}}