{"id":10458,"date":"2021-07-13T12:48:08","date_gmt":"2021-07-13T12:48:08","guid":{"rendered":"https:\/\/motokary-karting.sk\/?post_type=product&#038;p=10458"},"modified":"2026-01-29T15:00:15","modified_gmt":"2026-01-29T15:00:15","slug":"pokrywa-szybkozamykacza-lancucha-kz","status":"publish","type":"product","link":"https:\/\/motokary-karting.sk\/pl\/produkt\/kryt-na-retaz-rychloupinaci-kz\/","title":{"rendered":"Os\u0142ona \u0142a\u0144cucha do szybkozamykacza KZ"},"content":{"rendered":"","protected":false},"excerpt":{"rendered":"","protected":false},"featured_media":10460,"template":"","meta":[],"product_brand":[],"product_cat":[271,341],"product_tag":[2618,142,1344,1343,2615,314,2617,2616,34,81,1336],"class_list":{"0":"post-10458","1":"product","2":"type-product","3":"status-publish","4":"has-post-thumbnail","6":"product_cat-nahradne-diely-na-podvozky","7":"product_cat-retaze-rozety-kryty-na-retaz","8":"product_tag-kartign-shop","9":"product_tag-karting","10":"product_tag-karting-shop","11":"product_tag-kryt-na-retaz","12":"product_tag-kryt-na-retaz-kz","13":"product_tag-kryt-retaze","14":"product_tag-kryt-retaze-kz","15":"product_tag-kz-kryt-na-retaz","16":"product_tag-motokara","17":"product_tag-motokary","18":"product_tag-nahradne-diely-na-motokary","20":"first","21":"instock","22":"taxable","23":"shipping-taxable","24":"purchasable","25":"product-type-simple","26":"customify-col"},"aioseo_notices":[],"_links":{"self":[{"href":"https:\/\/motokary-karting.sk\/pl\/wp-json\/wp\/v2\/product\/10458","targetHints":{"allow":["GET"]}}],"collection":[{"href":"https:\/\/motokary-karting.sk\/pl\/wp-json\/wp\/v2\/product"}],"about":[{"href":"https:\/\/motokary-karting.sk\/pl\/wp-json\/wp\/v2\/types\/product"}],"wp:featuredmedia":[{"embeddable":true,"href":"https:\/\/motokary-karting.sk\/pl\/wp-json\/wp\/v2\/media\/10460"}],"wp:attachment":[{"href":"https:\/\/motokary-karting.sk\/pl\/wp-json\/wp\/v2\/media?parent=10458"}],"wp:term":[{"taxonomy":"product_brand","embeddable":true,"href":"https:\/\/motokary-karting.sk\/pl\/wp-json\/wp\/v2\/product_brand?post=10458"},{"taxonomy":"product_cat","embeddable":true,"href":"https:\/\/motokary-karting.sk\/pl\/wp-json\/wp\/v2\/product_cat?post=10458"},{"taxonomy":"product_tag","embeddable":true,"href":"https:\/\/motokary-karting.sk\/pl\/wp-json\/wp\/v2\/product_tag?post=10458"}],"curies":[{"name":"wp","href":"https:\/\/api.w.org\/{rel}","templated":true}]}}