{"id":10490,"date":"2021-07-22T20:17:44","date_gmt":"2021-07-22T20:17:44","guid":{"rendered":"https:\/\/motokary-karting.sk\/?post_type=product&#038;p=10490"},"modified":"2026-04-30T08:12:18","modified_gmt":"2026-04-30T08:12:18","slug":"xeramic-synthetic-retaz-spray","status":"publish","type":"product","link":"https:\/\/motokary-karting.sk\/pl\/produkt\/xeramic-synthetic-sprej-na-retaz\/","title":{"rendered":"Xeramic Synthetic Chain Spray"},"content":{"rendered":"<p>PM XERAMIC\u00ae SYNTHETIC CHAIN SPRAY to zaawansowany spray \u0142a\u0144cuchowy o d\u0142ugiej \u017cywotno\u015bci oparty na materiale ceramicznym. Ten wyj\u0105tkowy materia\u0142, pierwotnie opracowany do zastosowa\u0144 w lotach kosmicznych, zosta\u0142 teraz rewolucyjnie zastosowany przez PM Xeramic\u00ae. Syntetyczny spray do \u0142a\u0144cuch\u00f3w PM Xeramic\u00ae sk\u0142ada si\u0119 z syntetycznych element\u00f3w wzbogaconych materia\u0142em ceramicznym i specjalnymi dodatkami, kt\u00f3re zapewniaj\u0105 wyj\u0105tkowe smarowanie. PM Xeramic\u00ae Synthetic Chain Spray nie wysycha, utrzymuje elastyczno\u015b\u0107 \u0142a\u0144cucha i jest odporny na wysokie temperatury. 500 ml.<\/p>","protected":false},"excerpt":{"rendered":"<p>PM XERAMIC\u00ae SYNTHETIC CHAIN SPRAY to zaawansowany spray do \u0142a\u0144cuch\u00f3w o d\u0142ugiej \u017cywotno\u015bci oparty na materiale ceramicznym. Ten wyj\u0105tkowy materia\u0142, pierwotnie opracowany do u\u017cytku...<\/p>","protected":false},"featured_media":32698,"template":"","meta":[],"product_brand":[],"product_cat":[53,2624],"product_tag":[142,1344,2625,81,928,2270],"class_list":{"0":"post-10490","1":"product","2":"type-product","3":"status-publish","4":"has-post-thumbnail","6":"product_cat-olejeamaziva","7":"product_cat-xeramic-olejeamaziva","8":"product_tag-karting","9":"product_tag-karting-shop","10":"product_tag-motokarovy-sprej-na-retaz","11":"product_tag-motokary","12":"product_tag-sprej-na-retaz","13":"product_tag-xeramic","15":"first","16":"instock","17":"sale","18":"taxable","19":"shipping-taxable","20":"purchasable","21":"product-type-simple","22":"customify-col"},"aioseo_notices":[],"_links":{"self":[{"href":"https:\/\/motokary-karting.sk\/pl\/wp-json\/wp\/v2\/product\/10490","targetHints":{"allow":["GET"]}}],"collection":[{"href":"https:\/\/motokary-karting.sk\/pl\/wp-json\/wp\/v2\/product"}],"about":[{"href":"https:\/\/motokary-karting.sk\/pl\/wp-json\/wp\/v2\/types\/product"}],"wp:featuredmedia":[{"embeddable":true,"href":"https:\/\/motokary-karting.sk\/pl\/wp-json\/wp\/v2\/media\/32698"}],"wp:attachment":[{"href":"https:\/\/motokary-karting.sk\/pl\/wp-json\/wp\/v2\/media?parent=10490"}],"wp:term":[{"taxonomy":"product_brand","embeddable":true,"href":"https:\/\/motokary-karting.sk\/pl\/wp-json\/wp\/v2\/product_brand?post=10490"},{"taxonomy":"product_cat","embeddable":true,"href":"https:\/\/motokary-karting.sk\/pl\/wp-json\/wp\/v2\/product_cat?post=10490"},{"taxonomy":"product_tag","embeddable":true,"href":"https:\/\/motokary-karting.sk\/pl\/wp-json\/wp\/v2\/product_tag?post=10490"}],"curies":[{"name":"wp","href":"https:\/\/api.w.org\/{rel}","templated":true}]}}