{"id":10494,"date":"2021-07-22T20:23:56","date_gmt":"2021-07-22T20:23:56","guid":{"rendered":"https:\/\/motokary-karting.sk\/?post_type=product&#038;p=10494"},"modified":"2026-05-04T18:20:07","modified_gmt":"2026-05-04T18:20:07","slug":"xeramic-white-retaz-spray","status":"publish","type":"product","link":"https:\/\/motokary-karting.sk\/pl\/produkt\/xeramic-white-sprej-na-retaz\/","title":{"rendered":"Smar do \u0142a\u0144cucha Xeramic KART"},"content":{"rendered":"<p>PM XERAMIC\u00ae MOTORCYCLE CHAIN LUBRICANT zosta\u0142 specjalnie opracowany do optymalnego smarowania i ochrony \u0142a\u0144cuch\u00f3w gokartowych nara\u017conych na ekstremalne warunki. Jego specjalna formu\u0142a gwarantuje ekstremalne smarowanie adhezyjne w ka\u017cdych warunkach pogodowych i temperaturach. Wstrz\u0105sn\u0105\u0107 przed u\u017cyciem!<\/p>","protected":false},"excerpt":{"rendered":"<p>PM XERAMIC\u00ae MOTORCYCLE CHAIN LUBRICANT zosta\u0142 specjalnie opracowany do optymalnego smarowania i ochrony \u0142a\u0144cuch\u00f3w gokartowych nara\u017conych na ekstremalne warunki. Jego specjalna formu\u0142a gwarantuje ekstremaln\u0105 przyczepno\u015b\u0107...<\/p>","protected":false},"featured_media":28501,"template":"","meta":[],"product_brand":[],"product_cat":[53,2624],"product_tag":[142,1344,2625,81,928,2270],"class_list":{"0":"post-10494","1":"product","2":"type-product","3":"status-publish","4":"has-post-thumbnail","6":"product_cat-olejeamaziva","7":"product_cat-xeramic-olejeamaziva","8":"product_tag-karting","9":"product_tag-karting-shop","10":"product_tag-motokarovy-sprej-na-retaz","11":"product_tag-motokary","12":"product_tag-sprej-na-retaz","13":"product_tag-xeramic","15":"first","16":"instock","17":"taxable","18":"shipping-taxable","19":"purchasable","20":"product-type-simple","21":"customify-col"},"aioseo_notices":[],"_links":{"self":[{"href":"https:\/\/motokary-karting.sk\/pl\/wp-json\/wp\/v2\/product\/10494","targetHints":{"allow":["GET"]}}],"collection":[{"href":"https:\/\/motokary-karting.sk\/pl\/wp-json\/wp\/v2\/product"}],"about":[{"href":"https:\/\/motokary-karting.sk\/pl\/wp-json\/wp\/v2\/types\/product"}],"wp:featuredmedia":[{"embeddable":true,"href":"https:\/\/motokary-karting.sk\/pl\/wp-json\/wp\/v2\/media\/28501"}],"wp:attachment":[{"href":"https:\/\/motokary-karting.sk\/pl\/wp-json\/wp\/v2\/media?parent=10494"}],"wp:term":[{"taxonomy":"product_brand","embeddable":true,"href":"https:\/\/motokary-karting.sk\/pl\/wp-json\/wp\/v2\/product_brand?post=10494"},{"taxonomy":"product_cat","embeddable":true,"href":"https:\/\/motokary-karting.sk\/pl\/wp-json\/wp\/v2\/product_cat?post=10494"},{"taxonomy":"product_tag","embeddable":true,"href":"https:\/\/motokary-karting.sk\/pl\/wp-json\/wp\/v2\/product_tag?post=10494"}],"curies":[{"name":"wp","href":"https:\/\/api.w.org\/{rel}","templated":true}]}}