{"id":10500,"date":"2021-07-22T20:34:33","date_gmt":"2021-07-22T20:34:33","guid":{"rendered":"https:\/\/motokary-karting.sk\/?post_type=product&#038;p=10500"},"modified":"2026-03-31T06:38:28","modified_gmt":"2026-03-31T06:38:28","slug":"xeramic-blyskawiczny-uszczelniacz-do-czesci-silnika-200-ml","status":"publish","type":"product","link":"https:\/\/motokary-karting.sk\/pl\/produkt\/xeramic-instantny-tmel-na-motorove-casti-200-ml\/","title":{"rendered":"Xeramic b\u0142yskawiczny uszczelniacz do cz\u0119\u015bci silnika 200 ml"},"content":{"rendered":"<p>PM XERAMIC\u00ae IMMEDIATE SEALING BLACK jest idealny do wymiany uszczelek pokrywy zawor\u00f3w, skrzyni bieg\u00f3w i miski olejowej, pomp wody, obud\u00f3w termostat\u00f3w, kolektor\u00f3w wydechowych, obud\u00f3w termostat\u00f3w i innych. Odporna na p\u0142yny przek\u0142adniowe, wod\u0119, olej i p\u0142yn niezamarzaj\u0105cy. Zast\u0119puje uszczelki korkowe, papierowe, filcowe i gumowe. Nie zalecany do stosowania na uszczelkach g\u0142owicy lub do ci\u0105g\u0142ego zanurzenia w benzynie. Wytrzymuje wysokie temperatury do 250\u00b0C (przerywane). Zakres temperatur od -73\u00b0C do +250\u00b0C. Niska lotno\u015b\u0107, bezpieczny dla tlenu. Zawarto\u015b\u0107: 200 ml.<\/p>","protected":false},"excerpt":{"rendered":"<p>PM XERAMIC\u00ae IMMEDIATE SEALING BLACK jest idealny do wymiany uszczelek pokrywy zawor\u00f3w, skrzyni bieg\u00f3w i miski olejowej, pomp wody, obud\u00f3w termostat\u00f3w, kolektor\u00f3w wydechowych, obud\u00f3w termostat\u00f3w i...<\/p>","protected":false},"featured_media":33639,"template":"","meta":[],"product_brand":[],"product_cat":[53,2624],"product_tag":[142,1344,81,2629,2630,2631,2628,2270,2627],"class_list":{"0":"post-10500","1":"product","2":"type-product","3":"status-publish","4":"has-post-thumbnail","6":"product_cat-olejeamaziva","7":"product_cat-xeramic-olejeamaziva","8":"product_tag-karting","9":"product_tag-karting-shop","10":"product_tag-motokary","11":"product_tag-motorovy-tmel","12":"product_tag-tekute-tesnenie-motora","13":"product_tag-tmel-do-250-stupnov","14":"product_tag-tmel-na-motory","15":"product_tag-xeramic","16":"product_tag-xeramic-olej","18":"first","19":"onbackorder","20":"sale","21":"taxable","22":"shipping-taxable","23":"purchasable","24":"product-type-simple","25":"customify-col"},"aioseo_notices":[],"_links":{"self":[{"href":"https:\/\/motokary-karting.sk\/pl\/wp-json\/wp\/v2\/product\/10500","targetHints":{"allow":["GET"]}}],"collection":[{"href":"https:\/\/motokary-karting.sk\/pl\/wp-json\/wp\/v2\/product"}],"about":[{"href":"https:\/\/motokary-karting.sk\/pl\/wp-json\/wp\/v2\/types\/product"}],"wp:featuredmedia":[{"embeddable":true,"href":"https:\/\/motokary-karting.sk\/pl\/wp-json\/wp\/v2\/media\/33639"}],"wp:attachment":[{"href":"https:\/\/motokary-karting.sk\/pl\/wp-json\/wp\/v2\/media?parent=10500"}],"wp:term":[{"taxonomy":"product_brand","embeddable":true,"href":"https:\/\/motokary-karting.sk\/pl\/wp-json\/wp\/v2\/product_brand?post=10500"},{"taxonomy":"product_cat","embeddable":true,"href":"https:\/\/motokary-karting.sk\/pl\/wp-json\/wp\/v2\/product_cat?post=10500"},{"taxonomy":"product_tag","embeddable":true,"href":"https:\/\/motokary-karting.sk\/pl\/wp-json\/wp\/v2\/product_tag?post=10500"}],"curies":[{"name":"wp","href":"https:\/\/api.w.org\/{rel}","templated":true}]}}