{"id":10504,"date":"2021-07-22T20:45:09","date_gmt":"2021-07-22T20:45:09","guid":{"rendered":"https:\/\/motokary-karting.sk\/?post_type=product&#038;p=10504"},"modified":"2024-02-29T09:15:12","modified_gmt":"2024-02-29T09:15:12","slug":"olej-przekladniowy-xeramic-1l","status":"publish","type":"product","link":"https:\/\/motokary-karting.sk\/pl\/produkt\/xeramic-prevodovy-olej-1l\/","title":{"rendered":"Olej przek\u0142adniowy Xeramic 1L"},"content":{"rendered":"<p>PM XERAMIC\u00ae SYNMAX FULL SYNTHETIC 2T KART RACING OIL to doskona\u0142y, w pe\u0142ni syntetyczny olej do gokart\u00f3w wy\u015bcigowych, zapewniaj\u0105cy optymalne smarowanie wszystkich 2-suwowych silnik\u00f3w gokartowych ch\u0142odzonych wod\u0105. Ten wyj\u0105tkowy produkt zosta\u0142 specjalnie zaprojektowany do zastosowa\u0144 wy\u015bcigowych, w kt\u00f3rych dominuj\u0105 wysokie obroty, du\u017ce obci\u0105\u017cenia i wysokie temperatury. Nadaje si\u0119 do stosowania we wszystkich proporcjach paliwo\/olej zalecanych przez producenta silnika. PM Xeramic\u00ae Synmax Full Synthetic 2T Kart Racing Oil zosta\u0142 opracowany we wsp\u00f3\u0142pracy z wiod\u0105cymi producentami silnik\u00f3w i \u015bwiatowej s\u0142awy tunerami silnik\u00f3w i jest zatwierdzony przez CIK. \u010c. 20470 Zawarto\u015b\u0107: 1 ltr<\/p>","protected":false},"excerpt":{"rendered":"<p>PM XERAMIC\u00ae SYNMAX FULL SYNTHETIC 2T KART RACING OIL to doskona\u0142y, w pe\u0142ni syntetyczny olej gokartowy do optymalnego smarowania wszystkich 2-suwowych silnik\u00f3w ch\u0142odzonych wod\u0105....<\/p>","protected":false},"featured_media":10505,"template":"","meta":[],"product_brand":[],"product_cat":[53,2624],"product_tag":[142,1344,1091,81,1093,2626,2270,2627,2632],"class_list":{"0":"post-10504","1":"product","2":"type-product","3":"status-publish","4":"has-post-thumbnail","6":"product_cat-olejeamaziva","7":"product_cat-xeramic-olejeamaziva","8":"product_tag-karting","9":"product_tag-karting-shop","10":"product_tag-motokarovy-olej","11":"product_tag-motokary","12":"product_tag-olej-do-motokary","13":"product_tag-olej-xeramic","14":"product_tag-xeramic","15":"product_tag-xeramic-olej","16":"product_tag-xeramic-synmax","18":"first","19":"onbackorder","20":"taxable","21":"shipping-taxable","22":"purchasable","23":"product-type-simple","24":"customify-col"},"aioseo_notices":[],"_links":{"self":[{"href":"https:\/\/motokary-karting.sk\/pl\/wp-json\/wp\/v2\/product\/10504","targetHints":{"allow":["GET"]}}],"collection":[{"href":"https:\/\/motokary-karting.sk\/pl\/wp-json\/wp\/v2\/product"}],"about":[{"href":"https:\/\/motokary-karting.sk\/pl\/wp-json\/wp\/v2\/types\/product"}],"wp:featuredmedia":[{"embeddable":true,"href":"https:\/\/motokary-karting.sk\/pl\/wp-json\/wp\/v2\/media\/10505"}],"wp:attachment":[{"href":"https:\/\/motokary-karting.sk\/pl\/wp-json\/wp\/v2\/media?parent=10504"}],"wp:term":[{"taxonomy":"product_brand","embeddable":true,"href":"https:\/\/motokary-karting.sk\/pl\/wp-json\/wp\/v2\/product_brand?post=10504"},{"taxonomy":"product_cat","embeddable":true,"href":"https:\/\/motokary-karting.sk\/pl\/wp-json\/wp\/v2\/product_cat?post=10504"},{"taxonomy":"product_tag","embeddable":true,"href":"https:\/\/motokary-karting.sk\/pl\/wp-json\/wp\/v2\/product_tag?post=10504"}],"curies":[{"name":"wp","href":"https:\/\/api.w.org\/{rel}","templated":true}]}}