{"id":10612,"date":"2021-08-16T12:02:09","date_gmt":"2021-08-16T12:02:09","guid":{"rendered":"https:\/\/motokary-karting.sk\/?post_type=product&#038;p=10612"},"modified":"2025-08-29T14:15:56","modified_gmt":"2025-08-29T14:15:56","slug":"duro-rental-opona-przod-10-x-4-5-5-hf-242-v-medium","status":"publish","type":"product","link":"https:\/\/motokary-karting.sk\/pl\/produkt\/duro-rental-tyre-predna-10-x-4-5-5-hf-242-v-medium\/","title":{"rendered":"Wypo\u017cyczalnia opon DURO prz\u00f3d 10 x 4.5-5 | HF-242-V Medium \u23b9 ZESTAW 2 szt."},"content":{"rendered":"<p>Wynajem opon gokartowych - do u\u017cytku wewn\u0105trz i na zewn\u0105trz.<\/p>\n<p>Opony gokartowe DURO = doskona\u0142e osi\u0105gi nawet przy niskich pr\u0119dko\u015bciach<br \/>\ntemperaturach zewn\u0119trznych. Idealny stosunek ceny do wydajno\u015bci i d\u0142uga \u017cywotno\u015b\u0107.<\/p>","protected":false},"excerpt":{"rendered":"<p>Opony do gokart\u00f3w na wynajem - do u\u017cytku wewn\u0105trz i na zewn\u0105trz. Opony gokartowe DURO = doskona\u0142e osi\u0105gi nawet w niskich temperaturach zewn\u0119trznych. Idealny stosunek ceny do...<\/p>","protected":false},"featured_media":13263,"template":"","meta":[],"product_brand":[],"product_cat":[1158,116,77],"product_tag":[1135,1138,142,1344,81,1137,1139,2646,115,1136],"class_list":{"0":"post-10612","1":"product","2":"type-product","3":"status-publish","4":"has-post-thumbnail","6":"product_cat-duro","7":"product_cat-hobby-pneu","8":"product_cat-rental-karting","9":"product_tag-duro","10":"product_tag-duro-do-pozicovne-motokar","11":"product_tag-karting","12":"product_tag-karting-shop","13":"product_tag-motokary","14":"product_tag-pneu-do-pozicovne","15":"product_tag-pneu-duro","16":"product_tag-pneu-pre-pozicovne-motokar","17":"product_tag-pneudopozicovnemotokar","18":"product_tag-pneumatika-duro","20":"first","21":"onbackorder","22":"taxable","23":"shipping-taxable","24":"purchasable","25":"product-type-simple","26":"customify-col","27":"product-has-gallery"},"aioseo_notices":[],"_links":{"self":[{"href":"https:\/\/motokary-karting.sk\/pl\/wp-json\/wp\/v2\/product\/10612","targetHints":{"allow":["GET"]}}],"collection":[{"href":"https:\/\/motokary-karting.sk\/pl\/wp-json\/wp\/v2\/product"}],"about":[{"href":"https:\/\/motokary-karting.sk\/pl\/wp-json\/wp\/v2\/types\/product"}],"wp:featuredmedia":[{"embeddable":true,"href":"https:\/\/motokary-karting.sk\/pl\/wp-json\/wp\/v2\/media\/13263"}],"wp:attachment":[{"href":"https:\/\/motokary-karting.sk\/pl\/wp-json\/wp\/v2\/media?parent=10612"}],"wp:term":[{"taxonomy":"product_brand","embeddable":true,"href":"https:\/\/motokary-karting.sk\/pl\/wp-json\/wp\/v2\/product_brand?post=10612"},{"taxonomy":"product_cat","embeddable":true,"href":"https:\/\/motokary-karting.sk\/pl\/wp-json\/wp\/v2\/product_cat?post=10612"},{"taxonomy":"product_tag","embeddable":true,"href":"https:\/\/motokary-karting.sk\/pl\/wp-json\/wp\/v2\/product_tag?post=10612"}],"curies":[{"name":"wp","href":"https:\/\/api.w.org\/{rel}","templated":true}]}}