{"id":10806,"date":"2021-09-12T19:58:55","date_gmt":"2021-09-12T19:58:55","guid":{"rendered":"https:\/\/motokary-karting.sk\/?post_type=product&#038;p=10806"},"modified":"2026-01-29T09:29:51","modified_gmt":"2026-01-29T09:29:51","slug":"motokara-top-kart-kid-kart-50cc-blue-boy","status":"publish","type":"product","link":"https:\/\/motokary-karting.sk\/pl\/produkt\/motokara-top-kart-kid-kart-50cc-blue-boy\/","title":{"rendered":"Gokart kompletny Top-Kart KID KART 50cc - Blue Boy"},"content":{"rendered":"<p>Nowy BlueBoy! TOP na start!<\/p>\n<p>TopKart Kid Kart 50 ccm BLUEBOY to w\u0142a\u015bciwy start dla m\u0142odych kierowc\u00f3w w wieku od 4 do 8 lat.<\/p>\n<p>Dzi\u0119ki nowemu nadwoziu MK14 i tylnemu zderzakowi, TRIS oferuje bardzo wysoki standard bezpiecze\u0144stwa.<\/p>\n<p>Podwozie Top Kart Kid Kart zosta\u0142o starannie opracowane z pasj\u0105 i mi\u0142o\u015bci\u0105 do sport\u00f3w motorowych na tak m\u0142odym poziomie. Poniewa\u017c karting dzieci\u0119cy jest podstaw\u0105 tego sportu, wszyscy jeste\u015bmy niezwykle zale\u017cni od Top Kart, aby wyprodukowa\u0107 unikalne podwozie dla najm\u0142odszej dywizji sport\u00f3w motorowych.<\/p>\n<p>Z widokiem flagi w szachownic\u0119, aby przekroczy\u0107 lini\u0119 mety na czele pola, Top Kart Kid Kart jest najlepszym podwoziem, jakie mo\u017cna kupi\u0107, a dzi\u0119ki r\u00f3\u017cnorodno\u015bci modyfikacji dost\u0119pnych na podwoziu, mo\u017cna go dostroi\u0107 do wszystkich \u015brodowisk i warunk\u00f3w na torze. Mo\u017cna go mie\u0107 w ka\u017cdej chwili.<\/p>\n<p>Dost\u0119pne w konkurencyjnej cenie, wraz z wieloma naszymi wspania\u0142ymi us\u0142ugami, z pewno\u015bci\u0105 umie\u015bcisz swoje podwozie Top Kart na podium!<\/p>\n<p>GOTOWY DO JAZDY<\/p>\n<p>SZCZEG\u00d3\u0141Y PODWOZIA<br \/>\nRury podwozia: 25 mm<br \/>\nRozstaw osi: 770 mm<br \/>\nO\u015b: 25 mm<br \/>\nWrzeciono: D.17<br \/>\nTuleje mimo\u015brodowe<br \/>\nOs\u0142ona \u0142a\u0144cucha: Cz\u0119\u015bciowy styl 360<br \/>\nSiedziba g\u0142\u00f3wna: IMAF Kid Kart<br \/>\nUk\u0142ad hamulcowy: Mechaniczny styl Top-Kart<br \/>\nTylny zderzak: plastikowy TRIS<br \/>\nTarcze: Top-Kart Aluminium 112-140<br \/>\nTylne piasty: aluminium<br \/>\nSilnik: Comer C52<\/p>","protected":false},"excerpt":{"rendered":"<p>Nowy BlueBoy! TOP na start! TopKart Kid Kart 50 cc BLUEBOY to w\u0142a\u015bciwy start dla m\u0142odych kierowc\u00f3w w wieku od 4 do 8 lat. Dzi\u0119ki nowemu...<\/p>","protected":false},"featured_media":10815,"template":"","meta":[],"product_brand":[],"product_cat":[16,2921],"product_tag":[37,1728,142,1344,1902,1903,1901,81,2660,2661,1698,1900],"class_list":{"0":"post-10806","1":"product","2":"type-product","3":"status-publish","4":"has-post-thumbnail","6":"product_cat-motokary","7":"product_cat-top-kart","8":"product_tag-detska-motokara","9":"product_tag-kart-shop","10":"product_tag-karting","11":"product_tag-karting-shop","12":"product_tag-motokara-pre-deti","13":"product_tag-motokara-pre-deti-od-4-rokov","14":"product_tag-motokara-top-kart","15":"product_tag-motokary","16":"product_tag-motokary-topkart","17":"product_tag-predaj-motokar-top-kart","18":"product_tag-predajna-motokar","19":"product_tag-top-kart","21":"first","22":"onbackorder","23":"sale","24":"taxable","25":"shipping-taxable","26":"purchasable","27":"product-type-simple","28":"customify-col","29":"product-has-gallery"},"aioseo_notices":[],"_links":{"self":[{"href":"https:\/\/motokary-karting.sk\/pl\/wp-json\/wp\/v2\/product\/10806","targetHints":{"allow":["GET"]}}],"collection":[{"href":"https:\/\/motokary-karting.sk\/pl\/wp-json\/wp\/v2\/product"}],"about":[{"href":"https:\/\/motokary-karting.sk\/pl\/wp-json\/wp\/v2\/types\/product"}],"wp:featuredmedia":[{"embeddable":true,"href":"https:\/\/motokary-karting.sk\/pl\/wp-json\/wp\/v2\/media\/10815"}],"wp:attachment":[{"href":"https:\/\/motokary-karting.sk\/pl\/wp-json\/wp\/v2\/media?parent=10806"}],"wp:term":[{"taxonomy":"product_brand","embeddable":true,"href":"https:\/\/motokary-karting.sk\/pl\/wp-json\/wp\/v2\/product_brand?post=10806"},{"taxonomy":"product_cat","embeddable":true,"href":"https:\/\/motokary-karting.sk\/pl\/wp-json\/wp\/v2\/product_cat?post=10806"},{"taxonomy":"product_tag","embeddable":true,"href":"https:\/\/motokary-karting.sk\/pl\/wp-json\/wp\/v2\/product_tag?post=10806"}],"curies":[{"name":"wp","href":"https:\/\/api.w.org\/{rel}","templated":true}]}}