{"id":10858,"date":"2021-09-13T19:21:36","date_gmt":"2021-09-13T19:21:36","guid":{"rendered":"https:\/\/motokary-karting.sk\/?post_type=product&#038;p=10858"},"modified":"2026-04-26T15:06:22","modified_gmt":"2026-04-26T15:06:22","slug":"kolo-zebate-aluminiowe-zlota-rozeta-do-retaz-219","status":"publish","type":"product","link":"https:\/\/motokary-karting.sk\/pl\/produkt\/ozubene-kolecko-hlinik-gold-rozeta-pre-retaz-219\/","title":{"rendered":"Z\u0119batka aluminiowa GOLD - z\u0119batka \u0142a\u0144cucha 219 | RACE"},"content":{"rendered":"<p>Sprawdzona jako\u015b\u0107, produkcja maszynowa, wysokiej jako\u015bci materia\u0142 (do cel\u00f3w wy\u015bcigowych)<\/p>","protected":false},"excerpt":{"rendered":"<p>Sprawdzona jako\u015b\u0107, produkcja maszynowa, wysokiej jako\u015bci materia\u0142 (do cel\u00f3w wy\u015bcigowych)<\/p>","protected":false},"featured_media":10878,"template":"","meta":[],"product_brand":[],"product_cat":[271,341],"product_tag":[389,142,1344,81,1290,1291,343,896,1292,388,342,1289,1293,2471],"class_list":{"0":"post-10858","1":"product","2":"type-product","3":"status-publish","4":"has-post-thumbnail","6":"product_cat-nahradne-diely-na-podvozky","7":"product_cat-retaze-rozety-kryty-na-retaz","8":"product_tag-389","9":"product_tag-karting","10":"product_tag-karting-shop","11":"product_tag-motokary","12":"product_tag-ocelova-rozeta","13":"product_tag-ocelove-ozubene-kolecko","14":"product_tag-ozubene-kolecko","15":"product_tag-ozubene-kolecko-rotax","16":"product_tag-ozubene-kolecko-zadne","17":"product_tag-ozubene-koleso","18":"product_tag-rozeta","19":"product_tag-rozeta-ocelova-pre-retaz-219","20":"product_tag-zadna-rozeta","21":"product_tag-zadne-ozubene-rotax-kolecko","23":"first","24":"instock","25":"taxable","26":"shipping-taxable","27":"purchasable","28":"product-type-variable","29":"customify-col"},"aioseo_notices":[],"_links":{"self":[{"href":"https:\/\/motokary-karting.sk\/pl\/wp-json\/wp\/v2\/product\/10858","targetHints":{"allow":["GET"]}}],"collection":[{"href":"https:\/\/motokary-karting.sk\/pl\/wp-json\/wp\/v2\/product"}],"about":[{"href":"https:\/\/motokary-karting.sk\/pl\/wp-json\/wp\/v2\/types\/product"}],"wp:featuredmedia":[{"embeddable":true,"href":"https:\/\/motokary-karting.sk\/pl\/wp-json\/wp\/v2\/media\/10878"}],"wp:attachment":[{"href":"https:\/\/motokary-karting.sk\/pl\/wp-json\/wp\/v2\/media?parent=10858"}],"wp:term":[{"taxonomy":"product_brand","embeddable":true,"href":"https:\/\/motokary-karting.sk\/pl\/wp-json\/wp\/v2\/product_brand?post=10858"},{"taxonomy":"product_cat","embeddable":true,"href":"https:\/\/motokary-karting.sk\/pl\/wp-json\/wp\/v2\/product_cat?post=10858"},{"taxonomy":"product_tag","embeddable":true,"href":"https:\/\/motokary-karting.sk\/pl\/wp-json\/wp\/v2\/product_tag?post=10858"}],"curies":[{"name":"wp","href":"https:\/\/api.w.org\/{rel}","templated":true}]}}