{"id":11252,"date":"2021-09-27T09:25:22","date_gmt":"2021-09-27T09:25:22","guid":{"rendered":"https:\/\/motokary-karting.sk\/?post_type=product&#038;p=11252"},"modified":"2025-08-29T14:15:48","modified_gmt":"2025-08-29T14:15:48","slug":"duro-rental-opona-tyl-11-x-7-1-5-hf-242-v-medium","status":"publish","type":"product","link":"https:\/\/motokary-karting.sk\/pl\/produkt\/duro-rental-tyre-zadna-11-x-7-1-5-hf-242-v-medium\/","title":{"rendered":"Opona do wypo\u017cyczalni DURO ty\u0142 11 x 7.1-5 | HF-242-V Medium | ZESTAW 2 szt."},"content":{"rendered":"<p>Wynajem opon gokartowych - do u\u017cytku wewn\u0105trz i na zewn\u0105trz.<\/p>\n<p>Opony gokartowe DURO = doskona\u0142e osi\u0105gi nawet przy niskich pr\u0119dko\u015bciach<br \/>\ntemperaturach zewn\u0119trznych. Idealny stosunek ceny do wydajno\u015bci i d\u0142uga \u017cywotno\u015b\u0107.<\/p>","protected":false},"excerpt":{"rendered":"<p>Opony do gokart\u00f3w na wynajem - do u\u017cytku wewn\u0105trz i na zewn\u0105trz. Opony gokartowe DURO = doskona\u0142e osi\u0105gi nawet w niskich temperaturach zewn\u0119trznych. Idealny stosunek ceny do...<\/p>","protected":false},"featured_media":13262,"template":"","meta":[],"product_brand":[],"product_cat":[1158,116,77],"product_tag":[1135,1138,142,1344,81,1137,1139,2646,115,1136],"class_list":{"0":"post-11252","1":"product","2":"type-product","3":"status-publish","4":"has-post-thumbnail","6":"product_cat-duro","7":"product_cat-hobby-pneu","8":"product_cat-rental-karting","9":"product_tag-duro","10":"product_tag-duro-do-pozicovne-motokar","11":"product_tag-karting","12":"product_tag-karting-shop","13":"product_tag-motokary","14":"product_tag-pneu-do-pozicovne","15":"product_tag-pneu-duro","16":"product_tag-pneu-pre-pozicovne-motokar","17":"product_tag-pneudopozicovnemotokar","18":"product_tag-pneumatika-duro","20":"first","21":"onbackorder","22":"taxable","23":"shipping-taxable","24":"purchasable","25":"product-type-simple","26":"customify-col","27":"product-has-gallery"},"aioseo_notices":[],"_links":{"self":[{"href":"https:\/\/motokary-karting.sk\/pl\/wp-json\/wp\/v2\/product\/11252","targetHints":{"allow":["GET"]}}],"collection":[{"href":"https:\/\/motokary-karting.sk\/pl\/wp-json\/wp\/v2\/product"}],"about":[{"href":"https:\/\/motokary-karting.sk\/pl\/wp-json\/wp\/v2\/types\/product"}],"wp:featuredmedia":[{"embeddable":true,"href":"https:\/\/motokary-karting.sk\/pl\/wp-json\/wp\/v2\/media\/13262"}],"wp:attachment":[{"href":"https:\/\/motokary-karting.sk\/pl\/wp-json\/wp\/v2\/media?parent=11252"}],"wp:term":[{"taxonomy":"product_brand","embeddable":true,"href":"https:\/\/motokary-karting.sk\/pl\/wp-json\/wp\/v2\/product_brand?post=11252"},{"taxonomy":"product_cat","embeddable":true,"href":"https:\/\/motokary-karting.sk\/pl\/wp-json\/wp\/v2\/product_cat?post=11252"},{"taxonomy":"product_tag","embeddable":true,"href":"https:\/\/motokary-karting.sk\/pl\/wp-json\/wp\/v2\/product_tag?post=11252"}],"curies":[{"name":"wp","href":"https:\/\/api.w.org\/{rel}","templated":true}]}}