{"id":11371,"date":"2021-10-15T08:43:26","date_gmt":"2021-10-15T08:43:26","guid":{"rendered":"https:\/\/motokary-karting.sk\/?post_type=product&#038;p=11371"},"modified":"2022-07-27T05:49:48","modified_gmt":"2022-07-27T05:49:48","slug":"klapy-wlotowe-tm-racing-universal-special-kz","status":"publish","type":"product","link":"https:\/\/motokary-karting.sk\/pl\/produkt\/sacie-klapky-tm-racing-universal-special-kz\/","title":{"rendered":"Klapy wlotowe TM Racing Universal Special KZ"},"content":{"rendered":"<p>Kompletny zestaw do silnik\u00f3w KZ, w tym specjalna wersja klap karbonowych nr 2 z odpowiednim typem kuszy U<\/p>\n<p>Ten typ przepustnicy pozwala osi\u0105gn\u0105\u0107 najwy\u017csze obroty bez negatywnego wp\u0142ywu na tryby niskie i \u015brednie.<\/p>\n<p>Zamiast tego, w celu osi\u0105gni\u0119cia wi\u0119kszej elastyczno\u015bci (a tym samym lepszego startu przy niskiej pr\u0119dko\u015bci), sekcja w \u015brodku tej samej trzciny jest wystarczaj\u0105ca do \u201eotwarcia ci\u0119cia\u201c klap za pomoc\u0105 no\u017ca.<\/p>\n<p>&nbsp;<\/p>\n<p>Mog\u0105 by\u0107 montowane w nast\u0119puj\u0105cych silnikach:<\/p>\n<p>- TM KZ (wszystkie nast\u0119puj\u0105ce wersje: K8, K9, K9B, K9C, KZ10, KZ10B, KZ10C, KZR1)<\/p>\n<p>- VORTEX KZ (wszystkie nast\u0119puj\u0105ce wersje: RVX, RVXX, RVZ, RKZ)<\/p>\n<p>- IAME KZ (wszystkie wersje: SHIFTER, 125 SHIFTER X30, X30 175 SUPERSHIFTER, SCREAMER, SCREAMER 2)<\/p>\n<p>- MODENA KZ (wszystkie nast\u0119puj\u0105ce wersje: MODENA KK1, KK1 R2, MKZ)<\/p>","protected":false},"excerpt":{"rendered":"<p>Kompletny zestaw do silnik\u00f3w KZ zawieraj\u0105cy specjaln\u0105 wersj\u0119 klap karbonowych nr 2 z odpowiednim typem kuszy U Ten typ klap pozwala osi\u0105gn\u0105\u0107 najwy\u017csze obroty...<\/p>","protected":false},"featured_media":11375,"template":"","meta":[],"product_brand":[],"product_cat":[2332,2331,2333,645],"product_tag":[2551,2550,142,1344,81,2553,2554,2557,2556,2555,2552],"class_list":{"0":"post-11371","1":"product","2":"type-product","3":"status-publish","4":"has-post-thumbnail","6":"product_cat-model-tm-k10c","7":"product_cat-model-tm-k9c","8":"product_cat-model-tm-kz-r1","9":"product_cat-nahradne-diely-na-motory","10":"product_tag-guma-na-karburator-tm","11":"product_tag-guma-na-karburator-tm-racing","12":"product_tag-karting","13":"product_tag-karting-shop","14":"product_tag-motokary","15":"product_tag-nahrdne-diely-na-tm-racing","16":"product_tag-sanie-tm-racing","17":"product_tag-tesnenie-klapkoveho-kosa-tm","18":"product_tag-tesnenie-na-sanie","19":"product_tag-tesnenie-sania","20":"product_tag-tm-racing-guma-na-karburator","22":"first","23":"instock","24":"taxable","25":"shipping-taxable","26":"purchasable","27":"product-type-simple","28":"customify-col"},"aioseo_notices":[],"_links":{"self":[{"href":"https:\/\/motokary-karting.sk\/pl\/wp-json\/wp\/v2\/product\/11371","targetHints":{"allow":["GET"]}}],"collection":[{"href":"https:\/\/motokary-karting.sk\/pl\/wp-json\/wp\/v2\/product"}],"about":[{"href":"https:\/\/motokary-karting.sk\/pl\/wp-json\/wp\/v2\/types\/product"}],"wp:featuredmedia":[{"embeddable":true,"href":"https:\/\/motokary-karting.sk\/pl\/wp-json\/wp\/v2\/media\/11375"}],"wp:attachment":[{"href":"https:\/\/motokary-karting.sk\/pl\/wp-json\/wp\/v2\/media?parent=11371"}],"wp:term":[{"taxonomy":"product_brand","embeddable":true,"href":"https:\/\/motokary-karting.sk\/pl\/wp-json\/wp\/v2\/product_brand?post=11371"},{"taxonomy":"product_cat","embeddable":true,"href":"https:\/\/motokary-karting.sk\/pl\/wp-json\/wp\/v2\/product_cat?post=11371"},{"taxonomy":"product_tag","embeddable":true,"href":"https:\/\/motokary-karting.sk\/pl\/wp-json\/wp\/v2\/product_tag?post=11371"}],"curies":[{"name":"wp","href":"https:\/\/api.w.org\/{rel}","templated":true}]}}