{"id":11426,"date":"2021-10-20T08:09:17","date_gmt":"2021-10-20T08:09:17","guid":{"rendered":"https:\/\/motokary-karting.sk\/?post_type=product&#038;p=11426"},"modified":"2026-01-19T10:21:51","modified_gmt":"2026-01-19T10:21:51","slug":"alpinestars-dazdnik","status":"publish","type":"product","link":"https:\/\/motokary-karting.sk\/pl\/produkt\/alpinestars-dazdnik\/","title":{"rendered":"Parasol Alpinestars"},"content":{"rendered":"<p>Wysokiej jako\u015bci parasol Alpinestars do ochrony przed deszczem lub s\u0142o\u0144cem.<\/p>\n<p>Kolor: czarny \/ czerwony \/ bia\u0142y<\/p>\n<p>Materia\u0142 (tkanina pokryciowa): nylon 100%<\/p>","protected":false},"excerpt":{"rendered":"<p>Wysokiej jako\u015bci parasol Alpinestars do ochrony przed deszczem lub s\u0142o\u0144cem. Kolor: czarny \/ czerwony \/ bia\u0142y Materia\u0142 (tkanina pokryciowa): nylon 100%<\/p>","protected":false},"featured_media":11427,"template":"","meta":[],"product_brand":[],"product_cat":[32,742],"product_tag":[79,2726,2725,142,1344,81,945,946,955],"class_list":{"0":"post-11426","1":"product","2":"type-product","3":"status-publish","4":"has-post-thumbnail","6":"product_cat-lifestyle-oblecenie-a-produkty-na-volny-cas","7":"product_cat-ostatne-lifestyloblecenieadoplnky","8":"product_tag-alpinestars","9":"product_tag-alpinestars-dazdnik","10":"product_tag-dazdnik-alpinestars","11":"product_tag-karting","12":"product_tag-karting-shop","13":"product_tag-motokary","14":"product_tag-predajna-sparco","15":"product_tag-sparco-dealer","16":"product_tag-sparco-predajna","18":"first","19":"onbackorder","20":"taxable","21":"shipping-taxable","22":"purchasable","23":"product-type-simple","24":"customify-col"},"aioseo_notices":[],"_links":{"self":[{"href":"https:\/\/motokary-karting.sk\/pl\/wp-json\/wp\/v2\/product\/11426","targetHints":{"allow":["GET"]}}],"collection":[{"href":"https:\/\/motokary-karting.sk\/pl\/wp-json\/wp\/v2\/product"}],"about":[{"href":"https:\/\/motokary-karting.sk\/pl\/wp-json\/wp\/v2\/types\/product"}],"wp:featuredmedia":[{"embeddable":true,"href":"https:\/\/motokary-karting.sk\/pl\/wp-json\/wp\/v2\/media\/11427"}],"wp:attachment":[{"href":"https:\/\/motokary-karting.sk\/pl\/wp-json\/wp\/v2\/media?parent=11426"}],"wp:term":[{"taxonomy":"product_brand","embeddable":true,"href":"https:\/\/motokary-karting.sk\/pl\/wp-json\/wp\/v2\/product_brand?post=11426"},{"taxonomy":"product_cat","embeddable":true,"href":"https:\/\/motokary-karting.sk\/pl\/wp-json\/wp\/v2\/product_cat?post=11426"},{"taxonomy":"product_tag","embeddable":true,"href":"https:\/\/motokary-karting.sk\/pl\/wp-json\/wp\/v2\/product_tag?post=11426"}],"curies":[{"name":"wp","href":"https:\/\/api.w.org\/{rel}","templated":true}]}}