{"id":11468,"date":"2021-11-02T11:27:49","date_gmt":"2021-11-02T11:27:49","guid":{"rendered":"https:\/\/motokary-karting.sk\/?post_type=product&#038;p=11468"},"modified":"2026-01-29T14:51:45","modified_gmt":"2026-01-29T14:51:45","slug":"podkladka-pod-piete-dla-dzieci-uniwersalna-czerwona-zestaw-2szt","status":"publish","type":"product","link":"https:\/\/motokary-karting.sk\/pl\/produkt\/podlozka-paty-kids-univerzalna-cervena-sada-2ks\/","title":{"rendered":"Uniwersalna podk\u0142adka pod pi\u0119t\u0119 KIDS | ZESTAW 2 sztuk"},"content":{"rendered":"","protected":false},"excerpt":{"rendered":"","protected":false},"featured_media":11469,"template":"","meta":[],"product_brand":[],"product_cat":[271,276],"product_tag":[2729,142,1344,81,1336,2214,2713,2728],"class_list":{"0":"post-11468","1":"product","2":"type-product","3":"status-publish","4":"has-post-thumbnail","6":"product_cat-nahradne-diely-na-podvozky","7":"product_cat-ostatne","8":"product_tag-detska-podlozka-pod-paty","9":"product_tag-karting","10":"product_tag-karting-shop","11":"product_tag-motokary","12":"product_tag-nahradne-diely-na-motokary","13":"product_tag-podlozka-paty","14":"product_tag-podlozka-pod-paty","15":"product_tag-podlozka-pod-paty-detska","17":"first","18":"instock","19":"taxable","20":"shipping-taxable","21":"purchasable","22":"product-type-simple","23":"customify-col"},"aioseo_notices":[],"_links":{"self":[{"href":"https:\/\/motokary-karting.sk\/pl\/wp-json\/wp\/v2\/product\/11468","targetHints":{"allow":["GET"]}}],"collection":[{"href":"https:\/\/motokary-karting.sk\/pl\/wp-json\/wp\/v2\/product"}],"about":[{"href":"https:\/\/motokary-karting.sk\/pl\/wp-json\/wp\/v2\/types\/product"}],"wp:featuredmedia":[{"embeddable":true,"href":"https:\/\/motokary-karting.sk\/pl\/wp-json\/wp\/v2\/media\/11469"}],"wp:attachment":[{"href":"https:\/\/motokary-karting.sk\/pl\/wp-json\/wp\/v2\/media?parent=11468"}],"wp:term":[{"taxonomy":"product_brand","embeddable":true,"href":"https:\/\/motokary-karting.sk\/pl\/wp-json\/wp\/v2\/product_brand?post=11468"},{"taxonomy":"product_cat","embeddable":true,"href":"https:\/\/motokary-karting.sk\/pl\/wp-json\/wp\/v2\/product_cat?post=11468"},{"taxonomy":"product_tag","embeddable":true,"href":"https:\/\/motokary-karting.sk\/pl\/wp-json\/wp\/v2\/product_tag?post=11468"}],"curies":[{"name":"wp","href":"https:\/\/api.w.org\/{rel}","templated":true}]}}