{"id":11743,"date":"2021-11-24T20:58:05","date_gmt":"2021-11-24T20:58:05","guid":{"rendered":"https:\/\/motokary-karting.sk\/?post_type=product&#038;p=11743"},"modified":"2026-01-28T18:17:36","modified_gmt":"2026-01-28T18:17:36","slug":"rekawice-omp-szt-3","status":"publish","type":"product","link":"https:\/\/motokary-karting.sk\/pl\/produkt\/omp-rukavice-ks-3\/","title":{"rendered":"R\u0119kawice OMP KS-3 - model dost\u0119pny"},"content":{"rendered":"<p>Sta\u0142e r\u0119kawice kartingowe OMP KS-3 w podstawowej cenie. Dzi\u0119ki w\u0105skiemu krojowi i bardzo elastycznemu materia\u0142owi, OMP KS-3 ciasno i wygodnie owija si\u0119 wok\u00f3\u0142 d\u0142oni, dzi\u0119ki czemu dodatkowe zapi\u0119cie nie jest konieczne. Wst\u0119pnie ukszta\u0142towana ochrona kostek zapewnia zwi\u0119kszon\u0105 ochron\u0119, a jednocze\u015bnie jest \u0142atwa w u\u017cyciu. Cienka d\u0142o\u0144 z silikonow\u0105 pow\u0142ok\u0105 dla optymalnego chwytu.<\/p>\n<p>Rozmiary: 4-6 (rozmiary dzieci\u0119ce) | XXS-XL<br \/>\nKolory: czarny\/niebieski\/bia\u0142y, czarny\/\u017c\u00f3\u0142ty, czarny\/zielony\/bia\u0142y, czarny\/czerwony, czarny\/bia\u0142y<\/p>","protected":false},"excerpt":{"rendered":"<p>Sta\u0142e r\u0119kawice kartingowe OMP KS-3 w podstawowej cenie. Dzi\u0119ki w\u0105skiemu krojowi i bardzo elastycznemu materia\u0142owi, OMP KS-3 ciasno i wygodnie owija si\u0119 wok\u00f3\u0142 d\u0142oni, dzi\u0119ki czemu dodatkowe zapi\u0119cie...<\/p>","protected":false},"featured_media":11774,"template":"","meta":[],"product_brand":[],"product_cat":[90,15,18],"product_tag":[2774,142,1344,2776,1084,81,25,2778,2775,2779,1825,83,1083,2777],"class_list":{"0":"post-11743","1":"product","2":"type-product","3":"status-publish","4":"has-post-thumbnail","6":"product_cat-omp","7":"product_cat-rukavice","8":"product_cat-vybava-pretekara","9":"product_tag-diler-omp","10":"product_tag-karting","11":"product_tag-karting-shop","12":"product_tag-motokarove-omp-rukavice","13":"product_tag-motokarove-rukavice","14":"product_tag-motokary","15":"product_tag-omp","16":"product_tag-omp-ks-3-rukavice","17":"product_tag-omp-rukavice","18":"product_tag-omp-rukavice-ks-3","19":"product_tag-omp-shop","20":"product_tag-rukavice","21":"product_tag-rukavice-na-motokary","22":"product_tag-rukavice-omp-na-motokary","24":"first","25":"instock","26":"sale","27":"taxable","28":"shipping-taxable","29":"purchasable","30":"product-type-variable","31":"customify-col","32":"product-has-gallery"},"aioseo_notices":[],"_links":{"self":[{"href":"https:\/\/motokary-karting.sk\/pl\/wp-json\/wp\/v2\/product\/11743","targetHints":{"allow":["GET"]}}],"collection":[{"href":"https:\/\/motokary-karting.sk\/pl\/wp-json\/wp\/v2\/product"}],"about":[{"href":"https:\/\/motokary-karting.sk\/pl\/wp-json\/wp\/v2\/types\/product"}],"wp:featuredmedia":[{"embeddable":true,"href":"https:\/\/motokary-karting.sk\/pl\/wp-json\/wp\/v2\/media\/11774"}],"wp:attachment":[{"href":"https:\/\/motokary-karting.sk\/pl\/wp-json\/wp\/v2\/media?parent=11743"}],"wp:term":[{"taxonomy":"product_brand","embeddable":true,"href":"https:\/\/motokary-karting.sk\/pl\/wp-json\/wp\/v2\/product_brand?post=11743"},{"taxonomy":"product_cat","embeddable":true,"href":"https:\/\/motokary-karting.sk\/pl\/wp-json\/wp\/v2\/product_cat?post=11743"},{"taxonomy":"product_tag","embeddable":true,"href":"https:\/\/motokary-karting.sk\/pl\/wp-json\/wp\/v2\/product_tag?post=11743"}],"curies":[{"name":"wp","href":"https:\/\/api.w.org\/{rel}","templated":true}]}}