{"id":1224,"date":"2020-08-24T20:22:57","date_gmt":"2020-08-24T20:22:57","guid":{"rendered":"https:\/\/motokary-karting.sk\/?post_type=product&#038;p=1224"},"modified":"2026-04-27T05:56:26","modified_gmt":"2026-04-27T05:56:26","slug":"buty-terenowe-sparco","status":"publish","type":"product","link":"https:\/\/motokary-karting.sk\/pl\/produkt\/sparco-topanky-k-pole\/","title":{"rendered":"Buty Sparco K-POLE"},"content":{"rendered":"<p>\u015arednie buty kartingowe Sparco K-POLE o sportowym, nowoczesnym designie wykonane z mi\u0119kkiego i lekkiego materia\u0142u z mikrofibry. Boki zosta\u0142y perforowane dla zwi\u0119kszenia oddychalno\u015bci i komfortu. Kr\u00f3j jest wyj\u0105tkowo ergonomiczny, a anatomicznie ukszta\u0142towana wk\u0142adka zapewnia doskona\u0142e wsparcie. Dzi\u0119ki innowacyjnej podeszwie zewn\u0119trznej z naturalnej gumy, Sparco K-POLE zapewnia maksymaln\u0105 przyczepno\u015b\u0107, nawet na mokrych lub zaolejonych powierzchniach.<\/p>","protected":false},"excerpt":{"rendered":"<p>\u015arednie buty kartingowe Sparco K-POLE o sportowym, nowoczesnym designie wykonane z mi\u0119kkiego i lekkiego materia\u0142u z mikrofibry. Aby zwi\u0119kszy\u0107 oddychalno\u015b\u0107 i komfort,...<\/p>","protected":false},"featured_media":2966,"template":"","meta":[],"product_brand":[],"product_cat":[95,28,18],"product_tag":[937,237,1728,142,1344,940,81,938,26,1755,87,939],"class_list":{"0":"post-1224","1":"product","2":"type-product","3":"status-publish","4":"has-post-thumbnail","6":"product_cat-sparco-topanky","7":"product_cat-topanky","8":"product_cat-vybava-pretekara","9":"product_tag-jazdecke-topanky","10":"product_tag-k-pole","11":"product_tag-kart-shop","12":"product_tag-karting","13":"product_tag-karting-shop","14":"product_tag-motokarove-topanky","15":"product_tag-motokary","16":"product_tag-pretekarske-topanky","17":"product_tag-sparco","18":"product_tag-sparco-shop","19":"product_tag-topanky","20":"product_tag-topanky-na-motokary","22":"first","23":"instock","24":"taxable","25":"shipping-taxable","26":"purchasable","27":"product-type-variable","28":"customify-col","29":"product-has-gallery"},"aioseo_notices":[],"_links":{"self":[{"href":"https:\/\/motokary-karting.sk\/pl\/wp-json\/wp\/v2\/product\/1224","targetHints":{"allow":["GET"]}}],"collection":[{"href":"https:\/\/motokary-karting.sk\/pl\/wp-json\/wp\/v2\/product"}],"about":[{"href":"https:\/\/motokary-karting.sk\/pl\/wp-json\/wp\/v2\/types\/product"}],"wp:featuredmedia":[{"embeddable":true,"href":"https:\/\/motokary-karting.sk\/pl\/wp-json\/wp\/v2\/media\/2966"}],"wp:attachment":[{"href":"https:\/\/motokary-karting.sk\/pl\/wp-json\/wp\/v2\/media?parent=1224"}],"wp:term":[{"taxonomy":"product_brand","embeddable":true,"href":"https:\/\/motokary-karting.sk\/pl\/wp-json\/wp\/v2\/product_brand?post=1224"},{"taxonomy":"product_cat","embeddable":true,"href":"https:\/\/motokary-karting.sk\/pl\/wp-json\/wp\/v2\/product_cat?post=1224"},{"taxonomy":"product_tag","embeddable":true,"href":"https:\/\/motokary-karting.sk\/pl\/wp-json\/wp\/v2\/product_tag?post=1224"}],"curies":[{"name":"wp","href":"https:\/\/api.w.org\/{rel}","templated":true}]}}