{"id":12320,"date":"2022-02-07T21:31:50","date_gmt":"2022-02-07T21:31:50","guid":{"rendered":"https:\/\/motokary-karting.sk\/?post_type=product&#038;p=12320"},"modified":"2026-02-15T13:41:41","modified_gmt":"2026-02-15T13:41:41","slug":"sparco-siltovka-trucker","status":"publish","type":"product","link":"https:\/\/motokary-karting.sk\/pl\/produkt\/sparco-siltovka-trucker\/","title":{"rendered":"Czapka Sparco TRUCKER"},"content":{"rendered":"<p>Materia\u0142: bawe\u0142na 100%, welur (prz\u00f3d), 100% PVC (ty\u0142)<\/p>","protected":false},"excerpt":{"rendered":"<p>Materia\u0142: bawe\u0142na 100%, welur (prz\u00f3d), 100% PVC (ty\u0142)<\/p>","protected":false},"featured_media":12321,"template":"","meta":[],"product_brand":[],"product_cat":[32,942,158],"product_tag":[142,1344,2246,2840,34,2839,2075,944,2838,26,1755,943],"class_list":{"0":"post-12320","1":"product","2":"type-product","3":"status-publish","4":"has-post-thumbnail","6":"product_cat-lifestyle-oblecenie-a-produkty-na-volny-cas","7":"product_cat-siltovky-a-ciapky","8":"product_cat-tip-na-darcek","9":"product_tag-karting","10":"product_tag-karting-shop","11":"product_tag-karting-siltovka","12":"product_tag-matokary","13":"product_tag-motokara","14":"product_tag-motokars","15":"product_tag-motoristicka-siltovka","16":"product_tag-siltovka-sparco","17":"product_tag-siltovka-sparco-trucker","18":"product_tag-sparco","19":"product_tag-sparco-shop","20":"product_tag-sparco-siltovka","22":"first","23":"onbackorder","24":"taxable","25":"shipping-taxable","26":"purchasable","27":"product-type-simple","28":"customify-col"},"aioseo_notices":[],"_links":{"self":[{"href":"https:\/\/motokary-karting.sk\/pl\/wp-json\/wp\/v2\/product\/12320","targetHints":{"allow":["GET"]}}],"collection":[{"href":"https:\/\/motokary-karting.sk\/pl\/wp-json\/wp\/v2\/product"}],"about":[{"href":"https:\/\/motokary-karting.sk\/pl\/wp-json\/wp\/v2\/types\/product"}],"wp:featuredmedia":[{"embeddable":true,"href":"https:\/\/motokary-karting.sk\/pl\/wp-json\/wp\/v2\/media\/12321"}],"wp:attachment":[{"href":"https:\/\/motokary-karting.sk\/pl\/wp-json\/wp\/v2\/media?parent=12320"}],"wp:term":[{"taxonomy":"product_brand","embeddable":true,"href":"https:\/\/motokary-karting.sk\/pl\/wp-json\/wp\/v2\/product_brand?post=12320"},{"taxonomy":"product_cat","embeddable":true,"href":"https:\/\/motokary-karting.sk\/pl\/wp-json\/wp\/v2\/product_cat?post=12320"},{"taxonomy":"product_tag","embeddable":true,"href":"https:\/\/motokary-karting.sk\/pl\/wp-json\/wp\/v2\/product_tag?post=12320"}],"curies":[{"name":"wp","href":"https:\/\/api.w.org\/{rel}","templated":true}]}}