{"id":12334,"date":"2021-12-07T22:03:54","date_gmt":"2021-12-07T22:03:54","guid":{"rendered":"https:\/\/motokary-karting.sk\/?post_type=product&#038;p=12334"},"modified":"2024-11-26T19:54:54","modified_gmt":"2024-11-26T19:54:54","slug":"bluza-sparco-martini-racing-duze-paski","status":"publish","type":"product","link":"https:\/\/motokary-karting.sk\/pl\/produkt\/sparco-mikina-martini-racing-big-stripes\/","title":{"rendered":"Bluza Sparco MARTINI RACING z du\u017cymi paskami"},"content":{"rendered":"<p>Bluza z kapturem MARTINI RACING Big Stripes Bluza z kapturem z wyj\u0105tkowo mi\u0119kkiej mieszanki bawe\u0142ny przyci\u0105ga wzrok dzi\u0119ki wysokiej jako\u015bci paskom MARTINI RACING na plecach. Czysty prz\u00f3d z dyskretnymi aplikacjami z logo i kieszeni\u0105 kangurk\u0105 dodatkowo tworz\u0105 wywa\u017cony kontrast. Przyjemnie mi\u0119kka wewn\u0119trzna podszewka zapewnia maksymalny komfort.<\/p>\n<p>65% bawe\u0142na, 35% poliester<br \/>\nKolory: czarny, granatowy, bia\u0142y<\/p>","protected":false},"excerpt":{"rendered":"<p>Bluza z kapturem MARTINI RACING Big Stripes Bluza z kapturem z wyj\u0105tkowo mi\u0119kkiej mieszanki bawe\u0142ny przyci\u0105ga wzrok dzi\u0119ki wysokiej jako\u015bci paskom MARTINI RACING na plecach. Czysty prz\u00f3d z...<\/p>","protected":false},"featured_media":12388,"template":"","meta":[],"product_brand":[],"product_cat":[32,1458,1008],"product_tag":[142,1344,1421,1443,1442,1444,2062,1011,81,26,2842,1107,2841,1123,1755],"class_list":{"0":"post-12334","1":"product","2":"type-product","3":"status-publish","4":"has-post-thumbnail","6":"product_cat-lifestyle-oblecenie-a-produkty-na-volny-cas","7":"product_cat-martini-racing","8":"product_cat-mikiny","9":"product_tag-karting","10":"product_tag-karting-shop","11":"product_tag-martini-racing","12":"product_tag-martini-racing-mikina","13":"product_tag-mikina","14":"product_tag-mikina-martini-racing","15":"product_tag-mikina-s-motoristicym-motivom","16":"product_tag-mikina-sparco","17":"product_tag-motokary","18":"product_tag-sparco","19":"product_tag-sparco-martini-mikina","20":"product_tag-sparco-mikina","21":"product_tag-sparco-mikina-big-stripes","22":"product_tag-sparco-motorsport","23":"product_tag-sparco-shop","25":"first","26":"instock","27":"sale","28":"taxable","29":"shipping-taxable","30":"purchasable","31":"product-type-variable","32":"customify-col","33":"product-has-gallery"},"aioseo_notices":[],"_links":{"self":[{"href":"https:\/\/motokary-karting.sk\/pl\/wp-json\/wp\/v2\/product\/12334","targetHints":{"allow":["GET"]}}],"collection":[{"href":"https:\/\/motokary-karting.sk\/pl\/wp-json\/wp\/v2\/product"}],"about":[{"href":"https:\/\/motokary-karting.sk\/pl\/wp-json\/wp\/v2\/types\/product"}],"wp:featuredmedia":[{"embeddable":true,"href":"https:\/\/motokary-karting.sk\/pl\/wp-json\/wp\/v2\/media\/12388"}],"wp:attachment":[{"href":"https:\/\/motokary-karting.sk\/pl\/wp-json\/wp\/v2\/media?parent=12334"}],"wp:term":[{"taxonomy":"product_brand","embeddable":true,"href":"https:\/\/motokary-karting.sk\/pl\/wp-json\/wp\/v2\/product_brand?post=12334"},{"taxonomy":"product_cat","embeddable":true,"href":"https:\/\/motokary-karting.sk\/pl\/wp-json\/wp\/v2\/product_cat?post=12334"},{"taxonomy":"product_tag","embeddable":true,"href":"https:\/\/motokary-karting.sk\/pl\/wp-json\/wp\/v2\/product_tag?post=12334"}],"curies":[{"name":"wp","href":"https:\/\/api.w.org\/{rel}","templated":true}]}}