{"id":1238,"date":"2024-06-14T20:26:38","date_gmt":"2024-06-14T20:26:38","guid":{"rendered":"https:\/\/motokary-karting.sk\/?post_type=product&#038;p=1238"},"modified":"2026-04-27T05:40:27","modified_gmt":"2026-04-27T05:40:27","slug":"ochraniacz-szyi-alpinestars-dla-dzieci-mlodziezy-rozmiar-uni","status":"publish","type":"product","link":"https:\/\/motokary-karting.sk\/pl\/produkt\/alpinestars-ochrana-krku-pre-deti-mladez-uni-velkost\/","title":{"rendered":"Ochraniacz karku Alpinestars BIONIC Pro - dzieci i m\u0142odzie\u017c"},"content":{"rendered":"<p>System wsparcia szyi dla dzieci i m\u0142odzie\u017cy | Specjalnie zaprojektowany ochraniacz szyi, aby wspiera\u0107 wra\u017cliwy obszar szyi m\u0142odych kierowc\u00f3w gokart\u00f3w. Zastosowanie poch\u0142aniaj\u0105cej wstrz\u0105sy pianki EVA kieruje energi\u0119 uderzenia z kasku kartingowego w kierunku g\u00f3rnej cz\u0119\u015bci cia\u0142a, zmniejszaj\u0105c obci\u0105\u017cenie szyi. Zawiera system pask\u00f3w (nie pokazano) zapewniaj\u0105cy bezpieczne dopasowanie, kt\u00f3re zapobiega zsuwaniu si\u0119. Ultralekki i wygodny.<\/p>\n<p>Rozmiar uniwersalny.<\/p>","protected":false},"excerpt":{"rendered":"<p>Ochraniacz szyi dla dzieci i m\u0142odzie\u017cy | Specjalnie zaprojektowany ochraniacz szyi, aby wspiera\u0107 wra\u017cliwy obszar szyi m\u0142odych kierowc\u00f3w gokart\u00f3w. Zastosowanie poch\u0142aniaj\u0105cej wstrz\u0105sy pianki EVA...<\/p>","protected":false},"featured_media":32829,"template":"","meta":[],"product_brand":[],"product_cat":[78,158,18],"product_tag":[79,1415,81,80,1413,494],"class_list":{"0":"post-1238","1":"product","2":"type-product","3":"status-publish","4":"has-post-thumbnail","6":"product_cat-ochrana-krku","7":"product_cat-tip-na-darcek","8":"product_cat-vybava-pretekara","9":"product_tag-alpinestars","10":"product_tag-alpinestars-nakrcnik","11":"product_tag-motokary","12":"product_tag-nakrcnik","13":"product_tag-nakrcnik-alpinestars","14":"product_tag-ochrana-krku","16":"first","17":"instock","18":"taxable","19":"shipping-taxable","20":"purchasable","21":"product-type-variable","22":"customify-col","23":"product-has-gallery"},"aioseo_notices":[],"_links":{"self":[{"href":"https:\/\/motokary-karting.sk\/pl\/wp-json\/wp\/v2\/product\/1238","targetHints":{"allow":["GET"]}}],"collection":[{"href":"https:\/\/motokary-karting.sk\/pl\/wp-json\/wp\/v2\/product"}],"about":[{"href":"https:\/\/motokary-karting.sk\/pl\/wp-json\/wp\/v2\/types\/product"}],"wp:featuredmedia":[{"embeddable":true,"href":"https:\/\/motokary-karting.sk\/pl\/wp-json\/wp\/v2\/media\/32829"}],"wp:attachment":[{"href":"https:\/\/motokary-karting.sk\/pl\/wp-json\/wp\/v2\/media?parent=1238"}],"wp:term":[{"taxonomy":"product_brand","embeddable":true,"href":"https:\/\/motokary-karting.sk\/pl\/wp-json\/wp\/v2\/product_brand?post=1238"},{"taxonomy":"product_cat","embeddable":true,"href":"https:\/\/motokary-karting.sk\/pl\/wp-json\/wp\/v2\/product_cat?post=1238"},{"taxonomy":"product_tag","embeddable":true,"href":"https:\/\/motokary-karting.sk\/pl\/wp-json\/wp\/v2\/product_tag?post=1238"}],"curies":[{"name":"wp","href":"https:\/\/api.w.org\/{rel}","templated":true}]}}