{"id":12391,"date":"2021-12-08T09:19:16","date_gmt":"2021-12-08T09:19:16","guid":{"rendered":"https:\/\/motokary-karting.sk\/?post_type=product&#038;p=12391"},"modified":"2023-01-10T10:14:23","modified_gmt":"2023-01-10T10:14:23","slug":"alpinestars-flasa-100-aluminium-wewnatrz","status":"publish","type":"product","link":"https:\/\/motokary-karting.sk\/pl\/produkt\/alpinestars-flasa-100-hlinik-vo-vnutri\/","title":{"rendered":"Butelka Alpinestars - 100% z aluminiowym wn\u0119trzem"},"content":{"rendered":"<p><i>Pojemno\u015b\u0107 0,71 l.<\/i><\/p>\n<p>100% Aluminium<\/p>","protected":false},"excerpt":{"rendered":"<p>Pojemno\u015b\u0107 0,71 l. 100% Aluminium<\/p>","protected":false},"featured_media":12393,"template":"","meta":[],"product_brand":[],"product_cat":[32,742,158],"product_tag":[2844,2843,1427,142,81,945,959,26,1425,946,1428,955],"class_list":{"0":"post-12391","1":"product","2":"type-product","3":"status-publish","4":"has-post-thumbnail","6":"product_cat-lifestyle-oblecenie-a-produkty-na-volny-cas","7":"product_cat-ostatne-lifestyloblecenieadoplnky","8":"product_cat-tip-na-darcek","9":"product_tag-alpinestars-flasa","10":"product_tag-flasa-alpinestars","11":"product_tag-flasa-sparco","12":"product_tag-karting","13":"product_tag-motokary","14":"product_tag-predajna-sparco","15":"product_tag-skoba-na-kluce","16":"product_tag-sparco","17":"product_tag-sparco-dazdnik","18":"product_tag-sparco-dealer","19":"product_tag-sparco-flasa","20":"product_tag-sparco-predajna","22":"first","23":"onbackorder","24":"taxable","25":"shipping-taxable","26":"purchasable","27":"product-type-simple","28":"customify-col"},"aioseo_notices":[],"_links":{"self":[{"href":"https:\/\/motokary-karting.sk\/pl\/wp-json\/wp\/v2\/product\/12391","targetHints":{"allow":["GET"]}}],"collection":[{"href":"https:\/\/motokary-karting.sk\/pl\/wp-json\/wp\/v2\/product"}],"about":[{"href":"https:\/\/motokary-karting.sk\/pl\/wp-json\/wp\/v2\/types\/product"}],"wp:featuredmedia":[{"embeddable":true,"href":"https:\/\/motokary-karting.sk\/pl\/wp-json\/wp\/v2\/media\/12393"}],"wp:attachment":[{"href":"https:\/\/motokary-karting.sk\/pl\/wp-json\/wp\/v2\/media?parent=12391"}],"wp:term":[{"taxonomy":"product_brand","embeddable":true,"href":"https:\/\/motokary-karting.sk\/pl\/wp-json\/wp\/v2\/product_brand?post=12391"},{"taxonomy":"product_cat","embeddable":true,"href":"https:\/\/motokary-karting.sk\/pl\/wp-json\/wp\/v2\/product_cat?post=12391"},{"taxonomy":"product_tag","embeddable":true,"href":"https:\/\/motokary-karting.sk\/pl\/wp-json\/wp\/v2\/product_tag?post=12391"}],"curies":[{"name":"wp","href":"https:\/\/api.w.org\/{rel}","templated":true}]}}