{"id":12509,"date":"2021-12-11T19:28:25","date_gmt":"2021-12-11T19:28:25","guid":{"rendered":"https:\/\/motokary-karting.sk\/?post_type=product&#038;p=12509"},"modified":"2026-01-30T20:42:43","modified_gmt":"2026-01-30T20:42:43","slug":"kamizelka-sparco-replika-martini-racing","status":"publish","type":"product","link":"https:\/\/motokary-karting.sk\/pl\/produkt\/sparco-vesta-replica-martini-racing\/","title":{"rendered":"Sparco Vesta REPLICA Martini Racing"},"content":{"rendered":"<p>Lekka kamizelka ze st\u00f3jk\u0105 i bocznymi kieszeniami. Zamek b\u0142yskawiczny na ko\u0142nierzu. Paski MARTINI RACING z przodu i z ty\u0142u nadaj\u0105 sportowy wygl\u0105d.<\/p>\n<p>Materia\u0142: poliamid 100%<br \/>\nKolory: ciemnoniebieski, czerwony<\/p>","protected":false},"excerpt":{"rendered":"<p>Lekka kamizelka ze st\u00f3jk\u0105 i bocznymi kieszeniami. Zamek b\u0142yskawiczny na ko\u0142nierzu. Paski MARTINI RACING z przodu i z ty\u0142u nadaj\u0105 sportowy wygl\u0105d. 100% poliamid Kolory:...<\/p>","protected":false},"featured_media":12527,"template":"","meta":[],"product_brand":[],"product_cat":[32,1458,1045],"product_tag":[1728,142,1344,1421,81,1049,2000,26,2001,1048,258,1999,1050,1046,1047],"class_list":{"0":"post-12509","1":"product","2":"type-product","3":"status-publish","4":"has-post-thumbnail","6":"product_cat-lifestyle-oblecenie-a-produkty-na-volny-cas","7":"product_cat-martini-racing","8":"product_cat-vesty","9":"product_tag-kart-shop","10":"product_tag-karting","11":"product_tag-karting-shop","12":"product_tag-martini-racing","13":"product_tag-motokary","14":"product_tag-panska-vesta","15":"product_tag-panska-vesta-martini","16":"product_tag-sparco","17":"product_tag-sparco-martini","18":"product_tag-sparco-vesta","19":"product_tag-vesta","20":"product_tag-vesta-martini-racing","21":"product_tag-vesta-pre-muzov","22":"product_tag-vesta-sparco","23":"product_tag-vesta-sparco-frame","25":"first","26":"onbackorder","27":"taxable","28":"shipping-taxable","29":"purchasable","30":"product-type-variable","31":"customify-col","32":"product-has-gallery"},"aioseo_notices":[],"_links":{"self":[{"href":"https:\/\/motokary-karting.sk\/pl\/wp-json\/wp\/v2\/product\/12509","targetHints":{"allow":["GET"]}}],"collection":[{"href":"https:\/\/motokary-karting.sk\/pl\/wp-json\/wp\/v2\/product"}],"about":[{"href":"https:\/\/motokary-karting.sk\/pl\/wp-json\/wp\/v2\/types\/product"}],"wp:featuredmedia":[{"embeddable":true,"href":"https:\/\/motokary-karting.sk\/pl\/wp-json\/wp\/v2\/media\/12527"}],"wp:attachment":[{"href":"https:\/\/motokary-karting.sk\/pl\/wp-json\/wp\/v2\/media?parent=12509"}],"wp:term":[{"taxonomy":"product_brand","embeddable":true,"href":"https:\/\/motokary-karting.sk\/pl\/wp-json\/wp\/v2\/product_brand?post=12509"},{"taxonomy":"product_cat","embeddable":true,"href":"https:\/\/motokary-karting.sk\/pl\/wp-json\/wp\/v2\/product_cat?post=12509"},{"taxonomy":"product_tag","embeddable":true,"href":"https:\/\/motokary-karting.sk\/pl\/wp-json\/wp\/v2\/product_tag?post=12509"}],"curies":[{"name":"wp","href":"https:\/\/api.w.org\/{rel}","templated":true}]}}