{"id":12735,"date":"2021-12-14T19:55:34","date_gmt":"2021-12-14T19:55:34","guid":{"rendered":"https:\/\/motokary-karting.sk\/?post_type=product&#038;p=12735"},"modified":"2026-04-04T09:38:22","modified_gmt":"2026-04-04T09:38:22","slug":"buty-alpinestars-tech-1k-v2-2","status":"publish","type":"product","link":"https:\/\/motokary-karting.sk\/pl\/produkt\/alpinestars-topanky-tech-1k-v2\/","title":{"rendered":"Buty Alpinestars Tech 1K v2"},"content":{"rendered":"<p>Buty kartingowe Alpinestars TECH 1K v2 wyr\u00f3\u017cniaj\u0105 si\u0119 przede wszystkim wyj\u0105tkowo oddychaj\u0105c\u0105 mieszank\u0105 mikrofibry i siatki, a tak\u017ce specjaln\u0105 gumow\u0105 podeszw\u0105 zewn\u0119trzn\u0105 zapewniaj\u0105c\u0105 doskona\u0142\u0105 przyczepno\u015b\u0107. Prosty, ale nowoczesny design idealnie pasuje do kombinezonu kartingowego Alpinestars.<\/p>","protected":false},"excerpt":{"rendered":"<p>Buty kartingowe Alpinestars TECH 1K v2 s\u0105 szczeg\u00f3lnie godne uwagi ze wzgl\u0119du na wyj\u0105tkowo oddychaj\u0105c\u0105 mieszank\u0119 mikrofibry i materia\u0142u siatkowego, a tak\u017ce specjaln\u0105 gumow\u0105 podeszw\u0119 zewn\u0119trzn\u0105 zapewniaj\u0105c\u0105 doskona\u0142\u0105 przyczepno\u015b\u0107....<\/p>","protected":false},"featured_media":33110,"template":"","meta":[],"product_brand":[],"product_cat":[86,28,18],"product_tag":[2859,142,1344,2657,940,81,2860,939,2858],"class_list":{"0":"post-12735","1":"product","2":"type-product","3":"status-publish","4":"has-post-thumbnail","6":"product_cat-alpinestars-topanky","7":"product_cat-topanky","8":"product_cat-vybava-pretekara","9":"product_tag-alpinestars-tech-1k-v2","10":"product_tag-karting","11":"product_tag-karting-shop","12":"product_tag-karting-shop-pezinok","13":"product_tag-motokarove-topanky","14":"product_tag-motokary","15":"product_tag-topanky-alpinestars-tech-1k-v2","16":"product_tag-topanky-na-motokary","17":"product_tag-topanky-na-motokary-alpinestrs","19":"first","20":"instock","21":"taxable","22":"shipping-taxable","23":"purchasable","24":"product-type-variable","25":"customify-col","26":"product-has-gallery"},"aioseo_notices":[],"_links":{"self":[{"href":"https:\/\/motokary-karting.sk\/pl\/wp-json\/wp\/v2\/product\/12735","targetHints":{"allow":["GET"]}}],"collection":[{"href":"https:\/\/motokary-karting.sk\/pl\/wp-json\/wp\/v2\/product"}],"about":[{"href":"https:\/\/motokary-karting.sk\/pl\/wp-json\/wp\/v2\/types\/product"}],"wp:featuredmedia":[{"embeddable":true,"href":"https:\/\/motokary-karting.sk\/pl\/wp-json\/wp\/v2\/media\/33110"}],"wp:attachment":[{"href":"https:\/\/motokary-karting.sk\/pl\/wp-json\/wp\/v2\/media?parent=12735"}],"wp:term":[{"taxonomy":"product_brand","embeddable":true,"href":"https:\/\/motokary-karting.sk\/pl\/wp-json\/wp\/v2\/product_brand?post=12735"},{"taxonomy":"product_cat","embeddable":true,"href":"https:\/\/motokary-karting.sk\/pl\/wp-json\/wp\/v2\/product_cat?post=12735"},{"taxonomy":"product_tag","embeddable":true,"href":"https:\/\/motokary-karting.sk\/pl\/wp-json\/wp\/v2\/product_tag?post=12735"}],"curies":[{"name":"wp","href":"https:\/\/api.w.org\/{rel}","templated":true}]}}