{"id":13225,"date":"2021-12-30T14:32:04","date_gmt":"2021-12-30T14:32:04","guid":{"rendered":"https:\/\/motokary-karting.sk\/?post_type=product&#038;p=13225"},"modified":"2021-12-30T14:34:10","modified_gmt":"2021-12-30T14:34:10","slug":"podwozie-gokartowe-mac-minarelli-ok-okj-prime","status":"publish","type":"product","link":"https:\/\/motokary-karting.sk\/pl\/produkt\/motokara-podvozok-mac-minarelli-ok-okj-prime\/","title":{"rendered":"Podwozie gokartowe Mac Minarelli OK\/OKJ PRIME"},"content":{"rendered":"<p>-czarny kolor ramki<br \/>\n-Homologacja FIA 005-CH-12<br \/>\n-Kategoria: OK\/OKJ<br \/>\n-Rama: \u015arednica chromowo-molibdenowa <strong>30\/32 mm<\/strong><br \/>\n-1x stabilizator przedni stalowy + 1x plastikowy<br \/>\n-O\u015b tylna 50 mm<br \/>\n-obj\u0119to\u015b\u0107 340 mm - logo Mac Minarelli<br \/>\n-homologowane wszystkie spojlery i tworzywa sztuczne<\/p>\n<p>-P\u0142ywaj\u0105ce tarcze hamulcowe o zwi\u0119kszonej skuteczno\u015bci<br \/>\n-homologowane wszystkie spojlery i plastiki IBR wliczone w cen\u0119 wraz ze wspornikami i naklejkami od producenta<br \/>\n-dolny uchwyt wydechu<br \/>\n-os\u0142ona \u0142a\u0144cucha<br \/>\n-\u0141uki, bovdensy, dysze, w\u0119\u017ce do benzyny, wszystko w zestawie<\/p>\n<p>Gokart jest dostarczany w stanie zdemontowanym w 1\/2 ze wzgl\u0119du na transport od producenta.<br \/>\nMo\u017cliwo\u015b\u0107 wykonania w naszym warsztacie - cena do uzgodnienia (czas trwania ok. 2 dni)<\/p>","protected":false},"excerpt":{"rendered":"<p>-czarny kolor ramy - homologacja FIA 005-CH-12 -kategoria: OK\/OKJ -rama: chromowo-molibdenowa \u015brednica 30\/32mm -1x przedni dr\u0105\u017cek stabilizatora stalowy + 1x plastikowy -tylna o\u015b 50mm -obj\u0119to\u015b\u0107 340mm ...<\/p>","protected":false},"featured_media":13224,"template":"","meta":[],"product_brand":[],"product_cat":[222,16],"product_tag":[1728,142,2394,1344,244,2396,2395,39,34,1884,1945,81,1885,1883,42,1698,41],"class_list":{"0":"post-13225","1":"product","2":"type-product","3":"status-publish","4":"has-post-thumbnail","6":"product_cat-mac-minarelli","7":"product_cat-motokary","8":"product_tag-kart-shop","9":"product_tag-karting","10":"product_tag-karting-predajna","11":"product_tag-karting-shop","12":"product_tag-mac-minarelli","13":"product_tag-mac-minarelli-ok-okj","14":"product_tag-mac-minarelli-predajna","15":"product_tag-macminarelli","16":"product_tag-motokara","17":"product_tag-motokara-na-predaj","18":"product_tag-motokarova-predajna","19":"product_tag-motokary","20":"product_tag-nove-motokary","21":"product_tag-predaj-motokar","22":"product_tag-predajmotokar","23":"product_tag-predajna-motokar","24":"product_tag-zavodnamotokara","26":"first","27":"onbackorder","28":"taxable","29":"shipping-taxable","30":"purchasable","31":"product-type-simple","32":"customify-col","33":"product-has-gallery"},"aioseo_notices":[],"_links":{"self":[{"href":"https:\/\/motokary-karting.sk\/pl\/wp-json\/wp\/v2\/product\/13225","targetHints":{"allow":["GET"]}}],"collection":[{"href":"https:\/\/motokary-karting.sk\/pl\/wp-json\/wp\/v2\/product"}],"about":[{"href":"https:\/\/motokary-karting.sk\/pl\/wp-json\/wp\/v2\/types\/product"}],"wp:featuredmedia":[{"embeddable":true,"href":"https:\/\/motokary-karting.sk\/pl\/wp-json\/wp\/v2\/media\/13224"}],"wp:attachment":[{"href":"https:\/\/motokary-karting.sk\/pl\/wp-json\/wp\/v2\/media?parent=13225"}],"wp:term":[{"taxonomy":"product_brand","embeddable":true,"href":"https:\/\/motokary-karting.sk\/pl\/wp-json\/wp\/v2\/product_brand?post=13225"},{"taxonomy":"product_cat","embeddable":true,"href":"https:\/\/motokary-karting.sk\/pl\/wp-json\/wp\/v2\/product_cat?post=13225"},{"taxonomy":"product_tag","embeddable":true,"href":"https:\/\/motokary-karting.sk\/pl\/wp-json\/wp\/v2\/product_tag?post=13225"}],"curies":[{"name":"wp","href":"https:\/\/api.w.org\/{rel}","templated":true}]}}