{"id":13237,"date":"2021-12-30T14:44:08","date_gmt":"2021-12-30T14:44:08","guid":{"rendered":"https:\/\/motokary-karting.sk\/?post_type=product&#038;p=13237"},"modified":"2021-12-30T14:44:58","modified_gmt":"2021-12-30T14:44:58","slug":"podwozie-gokartowe-mac-minarelli-kz-125cc-prime","status":"publish","type":"product","link":"https:\/\/motokary-karting.sk\/pl\/produkt\/motokara-podvozok-mac-minarelli-kz-125cc-prime\/","title":{"rendered":"Podwozie gokartowe Mac Minarelli KZ 125cc PRIME"},"content":{"rendered":"<p>-czarny kolor ramki<br \/>\n-Homologacja FIA 101\/CH\/14 R.20<br \/>\n-Kategoria: KZ (przednie + tylne hamulce hydrauliczne)<br \/>\n-Rama: \u015arednica chromowo-molibdenowa <strong>30\/32 mm<\/strong><br \/>\n-1x stabilizator przedni stalowy + 1x plastikowy<br \/>\n-O\u015b tylna 50 mm<br \/>\n-obj\u0119to\u015b\u0107 340 mm - logo Mac Minarelli<br \/>\n-P\u0142ywaj\u0105ce tarcze hamulcowe o zwi\u0119kszonej skuteczno\u015bci - typ MA20<br \/>\n-homologowane wszystkie spojlery i plastiki IBR wliczone w cen\u0119 wraz ze wspornikami i naklejkami od producenta<br \/>\n-dolny uchwyt wydechu<br \/>\n-os\u0142ona \u0142a\u0144cucha<br \/>\n-\u0141uki, bovdensy, dysze, w\u0119\u017ce do benzyny, wszystko w zestawie<\/p>\n<p>Gokart jest dostarczany w stanie zdemontowanym w 1\/2 ze wzgl\u0119du na transport od producenta.<br \/>\nMo\u017cliwo\u015b\u0107 wykonania w naszym warsztacie - cena do uzgodnienia (czas trwania ok. 2 dni)<\/p>\n<p>&nbsp;<\/p>","protected":false},"excerpt":{"rendered":"<p>-czarny kolor ramy - homologacja FIA 101\/CH\/14 R.20 -kategoria: KZ (przednie + tylne hamulce hydrauliczne) -rama: chromowo-molibdenowa \u015brednica 30\/32mm -1x przedni stabilizator stalowy + 1x...<\/p>","protected":false},"featured_media":13234,"template":"","meta":[],"product_brand":[],"product_cat":[222,16],"product_tag":[246,142,1344,2383,244,2382,2384,34,81,2381,245,1883,1698,2380,2385],"class_list":{"0":"post-13237","1":"product","2":"type-product","3":"status-publish","4":"has-post-thumbnail","6":"product_cat-mac-minarelli","7":"product_cat-motokary","8":"product_tag-kart","9":"product_tag-karting","10":"product_tag-karting-shop","11":"product_tag-kz-mac-minarelli","12":"product_tag-mac-minarelli","13":"product_tag-mac-minarelli-kz","14":"product_tag-mac-minarelli-prime","15":"product_tag-motokara","16":"product_tag-motokary","17":"product_tag-motokary-mac-minarelli","18":"product_tag-podvozok","19":"product_tag-predaj-motokar","20":"product_tag-predajna-motokar","21":"product_tag-predam-motokaru","22":"product_tag-prime-mac-minarelli","24":"first","25":"onbackorder","26":"taxable","27":"shipping-taxable","28":"purchasable","29":"product-type-simple","30":"customify-col","31":"product-has-gallery"},"aioseo_notices":[],"_links":{"self":[{"href":"https:\/\/motokary-karting.sk\/pl\/wp-json\/wp\/v2\/product\/13237","targetHints":{"allow":["GET"]}}],"collection":[{"href":"https:\/\/motokary-karting.sk\/pl\/wp-json\/wp\/v2\/product"}],"about":[{"href":"https:\/\/motokary-karting.sk\/pl\/wp-json\/wp\/v2\/types\/product"}],"wp:featuredmedia":[{"embeddable":true,"href":"https:\/\/motokary-karting.sk\/pl\/wp-json\/wp\/v2\/media\/13234"}],"wp:attachment":[{"href":"https:\/\/motokary-karting.sk\/pl\/wp-json\/wp\/v2\/media?parent=13237"}],"wp:term":[{"taxonomy":"product_brand","embeddable":true,"href":"https:\/\/motokary-karting.sk\/pl\/wp-json\/wp\/v2\/product_brand?post=13237"},{"taxonomy":"product_cat","embeddable":true,"href":"https:\/\/motokary-karting.sk\/pl\/wp-json\/wp\/v2\/product_cat?post=13237"},{"taxonomy":"product_tag","embeddable":true,"href":"https:\/\/motokary-karting.sk\/pl\/wp-json\/wp\/v2\/product_tag?post=13237"}],"curies":[{"name":"wp","href":"https:\/\/api.w.org\/{rel}","templated":true}]}}