{"id":13239,"date":"2021-12-30T14:51:46","date_gmt":"2021-12-30T14:51:46","guid":{"rendered":"https:\/\/motokary-karting.sk\/?post_type=product&#038;p=13239"},"modified":"2021-12-30T14:52:46","modified_gmt":"2021-12-30T14:52:46","slug":"podwozie-gokartowe-mac-minarelli-rotax-gtr30-dd2","status":"publish","type":"product","link":"https:\/\/motokary-karting.sk\/pl\/produkt\/motokara-podvozok-mac-minarelli-rotax-gtr30-dd2\/","title":{"rendered":"Podwozie gokartowe Mac Minarelli ROTAX GTR30 DD2"},"content":{"rendered":"<p>-czarny kolor ramki<br \/>\n-Homologacja FIA Zarejestrowany Rotax<br \/>\n-kategoria:ROTAX DD2<br \/>\n-Rama: \u015arednica chromowo-molibdenowa <strong>30 mm<\/strong><br \/>\n-1x stabilizator przedni stalowy + 1x plastikowy<br \/>\n-O\u015b tylna 40 mm<br \/>\n-obj\u0119to\u015b\u0107 340 mm - logo Mac Minarelli<br \/>\n-homologowane wszystkie spojlery i tworzywa sztuczne<\/p>\n<p>-P\u0142ywaj\u0105ce tarcze hamulcowe o zwi\u0119kszonej skuteczno\u015bci<br \/>\n-homologowane wszystkie spojlery i plastiki IBR wliczone w cen\u0119 wraz ze wspornikami i naklejkami od producenta<br \/>\n-dolny uchwyt wydechu<br \/>\n-os\u0142ona \u0142a\u0144cucha<br \/>\n-\u0141uki, bovdensy, dysze, w\u0119\u017ce do benzyny, wszystko w zestawie<\/p>\n<p>Gokart jest dostarczany w stanie zdemontowanym w 1\/2 ze wzgl\u0119du na transport od producenta.<br \/>\nMo\u017cliwo\u015b\u0107 wykonania w naszym warsztacie - cena do uzgodnienia (czas trwania ok. 2 dni)<\/p>","protected":false},"excerpt":{"rendered":"<p>-czarny kolor ramy - homologacja FIA Zarejestrowany Rotax -kategoria: ROTAX DD2 -rama: Chromowo-molibdenowa \u015brednica 30mm -1x przedni dr\u0105\u017cek stabilizatora stalowy + 1x plastikowy -tylna o\u015b 40mm -...<\/p>","protected":false},"featured_media":181,"template":"","meta":[],"product_brand":[],"product_cat":[222,16],"product_tag":[244,2392,39,34,2391,2393,1883,1698,2390],"class_list":{"0":"post-13239","1":"product","2":"type-product","3":"status-publish","4":"has-post-thumbnail","6":"product_cat-mac-minarelli","7":"product_cat-motokary","8":"product_tag-mac-minarelli","9":"product_tag-mac-minarelli-rotax-dd2","10":"product_tag-macminarelli","11":"product_tag-motokara","12":"product_tag-motokary-na-predaj","13":"product_tag-podvozok-mac-minarelli","14":"product_tag-predaj-motokar","15":"product_tag-predajna-motokar","16":"product_tag-zavodna-motokara","18":"first","19":"onbackorder","20":"taxable","21":"shipping-taxable","22":"purchasable","23":"product-type-simple","24":"customify-col","25":"product-has-gallery"},"aioseo_notices":[],"_links":{"self":[{"href":"https:\/\/motokary-karting.sk\/pl\/wp-json\/wp\/v2\/product\/13239","targetHints":{"allow":["GET"]}}],"collection":[{"href":"https:\/\/motokary-karting.sk\/pl\/wp-json\/wp\/v2\/product"}],"about":[{"href":"https:\/\/motokary-karting.sk\/pl\/wp-json\/wp\/v2\/types\/product"}],"wp:featuredmedia":[{"embeddable":true,"href":"https:\/\/motokary-karting.sk\/pl\/wp-json\/wp\/v2\/media\/181"}],"wp:attachment":[{"href":"https:\/\/motokary-karting.sk\/pl\/wp-json\/wp\/v2\/media?parent=13239"}],"wp:term":[{"taxonomy":"product_brand","embeddable":true,"href":"https:\/\/motokary-karting.sk\/pl\/wp-json\/wp\/v2\/product_brand?post=13239"},{"taxonomy":"product_cat","embeddable":true,"href":"https:\/\/motokary-karting.sk\/pl\/wp-json\/wp\/v2\/product_cat?post=13239"},{"taxonomy":"product_tag","embeddable":true,"href":"https:\/\/motokary-karting.sk\/pl\/wp-json\/wp\/v2\/product_tag?post=13239"}],"curies":[{"name":"wp","href":"https:\/\/api.w.org\/{rel}","templated":true}]}}