{"id":13439,"date":"2022-01-11T19:26:34","date_gmt":"2022-01-11T19:26:34","guid":{"rendered":"https:\/\/motokary-karting.sk\/?post_type=product&#038;p=13439"},"modified":"2024-05-14T08:53:57","modified_gmt":"2024-05-14T08:53:57","slug":"alfano-tyrecontrol-2-plus-miernik-cisnienia-w-oponach","status":"publish","type":"product","link":"https:\/\/motokary-karting.sk\/pl\/produkt\/alfano-tyrecontrol-2-plus-tlakomer-pneu\/","title":{"rendered":"Alfano Tyrecontrol 2 PLUS - miernik ci\u015bnienia w oponach"},"content":{"rendered":"<p>Cyfrowy tester ci\u015bnienia powietrza Alfano Tyrecontrol 2 Plus ze zintegrowanym pomiarem temperatury<\/p>\n<p>- Prosta, bezproblemowa obs\u0142uga<br \/>\n- Du\u017cy pod\u015bwietlany wy\u015bwietlacz<br \/>\n- Regulacja ci\u015bnienia w oponach z zaworem bezpiecze\u0144stwa<br \/>\n- Pomiar ci\u015bnienia w oponach i temperatury asfaltu<br \/>\n- Pomiar temperatury opon (maks. 3 punkty na ko\u0142o)<br \/>\n- Zakres pomiarowy 0-7 bar<br \/>\n- Dok\u0142adno\u015b\u0107 pomiaru: +\/- 0,01 bara i +\/- 1\u00b0 Celsjusza<br \/>\n- Wy\u015bwietlanie z dok\u0142adno\u015bci\u0105 do 2. miejsca po przecinku<br \/>\n- Dowolnie programowalna sekwencja pomiarowa<br \/>\n- Przechowywanie do 5 pojazd\u00f3w w 99 zestawach (1 zestaw = 2 sesje treningowe \u201eprzed i po wy\u015bcigu\u201c) z 12 pomiarami temperatury opon + 4 pomiarami ci\u015bnienia powietrza + 1 pomiarem temperatury asfaltu)<br \/>\n- Wy\u015bwietlacz mo\u017cna prze\u0142\u0105czy\u0107 na bar lub psi<br \/>\n- Wy\u015bwietlacz mo\u017cna prze\u0142\u0105czy\u0107 na stopnie Celsjusza lub Fahrenheita<br \/>\n- Oprogramowanie do analizy i przechowywania wizualnych pomiar\u00f3w opon dost\u0119pne do pobrania<br \/>\n- Waga oko\u0142o 506 gram\u00f3w<\/p>\n<p>Dzi\u0119ki zintegrowanej funkcji Bluetooth dane mog\u0105 by\u0107 pobierane na smartfon lub tablet, przesy\u0142ane i analizowane.<br \/>\nW zestawie znajduje si\u0119 pude\u0142ko do przechowywania, sonda temperatury i 3 szybkoz\u0142\u0105cza (ST, RA i RA-L).<\/p>","protected":false},"excerpt":{"rendered":"<p>Cyfrowy tester ci\u015bnienia powietrza Alfano Tyrecontrol 2 Plus z wbudowanym pomiarem temperatury - Prosta, bezproblemowa obs\u0142uga - Du\u017cy pod\u015bwietlany wy\u015bwietlacz - Regulacja ci\u015bnienia w oponach...<\/p>","protected":false},"featured_media":13442,"template":"","meta":[],"product_brand":[],"product_cat":[1142,3223,58],"product_tag":[2930,2136,2138,2137,142,1344,2140,2141,81,560,2931,2932,2139],"class_list":{"0":"post-13439","1":"product","2":"type-product","3":"status-publish","4":"has-post-thumbnail","6":"product_cat-prislusenstvo-pneumatiky","7":"product_cat-tlakomery-pneu","8":"product_cat-vybava-do-garaze","9":"product_tag-alfano-tyrecontrol-2","10":"product_tag-hiprema","11":"product_tag-hiprema-4-digital","12":"product_tag-hiprema-digital","13":"product_tag-karting","14":"product_tag-karting-shop","15":"product_tag-motokarovy-tlakomer","16":"product_tag-motokarovy-tlakomer-hiprema","17":"product_tag-motokary","18":"product_tag-tlakomer","19":"product_tag-tlakomer-alfano","20":"product_tag-tlakomer-alfano-tyrecontrol-2","21":"product_tag-tlakomer-pneu-hiprema","23":"first","24":"onbackorder","25":"taxable","26":"shipping-taxable","27":"purchasable","28":"product-type-simple","29":"customify-col","30":"product-has-gallery"},"aioseo_notices":[],"_links":{"self":[{"href":"https:\/\/motokary-karting.sk\/pl\/wp-json\/wp\/v2\/product\/13439","targetHints":{"allow":["GET"]}}],"collection":[{"href":"https:\/\/motokary-karting.sk\/pl\/wp-json\/wp\/v2\/product"}],"about":[{"href":"https:\/\/motokary-karting.sk\/pl\/wp-json\/wp\/v2\/types\/product"}],"wp:featuredmedia":[{"embeddable":true,"href":"https:\/\/motokary-karting.sk\/pl\/wp-json\/wp\/v2\/media\/13442"}],"wp:attachment":[{"href":"https:\/\/motokary-karting.sk\/pl\/wp-json\/wp\/v2\/media?parent=13439"}],"wp:term":[{"taxonomy":"product_brand","embeddable":true,"href":"https:\/\/motokary-karting.sk\/pl\/wp-json\/wp\/v2\/product_brand?post=13439"},{"taxonomy":"product_cat","embeddable":true,"href":"https:\/\/motokary-karting.sk\/pl\/wp-json\/wp\/v2\/product_cat?post=13439"},{"taxonomy":"product_tag","embeddable":true,"href":"https:\/\/motokary-karting.sk\/pl\/wp-json\/wp\/v2\/product_tag?post=13439"}],"curies":[{"name":"wp","href":"https:\/\/api.w.org\/{rel}","templated":true}]}}