{"id":1393,"date":"2020-08-10T06:13:23","date_gmt":"2020-08-10T06:13:23","guid":{"rendered":"https:\/\/motokary-karting.sk\/?post_type=product&#038;p=1393"},"modified":"2026-01-29T16:03:17","modified_gmt":"2026-01-29T16:03:17","slug":"piasta-kierownicy-pochylona-10-aluminium","status":"publish","type":"product","link":"https:\/\/motokary-karting.sk\/pl\/produkt\/podlozka-pod-volant-hub-nakloneny-10-hlinikovy\/","title":{"rendered":"Nak\u0142adka na kierownic\u0119 (piasta) nachylona pod k\u0105tem 10\u00b0, aluminiowa"},"content":{"rendered":"","protected":false},"excerpt":{"rendered":"","protected":false},"featured_media":10488,"template":"","meta":[],"product_brand":[],"product_cat":[271,378],"product_tag":[272,142,1344,81,273,823],"class_list":{"0":"post-1393","1":"product","2":"type-product","3":"status-publish","4":"has-post-thumbnail","6":"product_cat-nahradne-diely-na-podvozky","7":"product_cat-riadenie-prislusenstvo","8":"product_tag-hub-pod-volant","9":"product_tag-karting","10":"product_tag-karting-shop","11":"product_tag-motokary","12":"product_tag-nadstavec-pod-volant","13":"product_tag-nakloneny-nadstavec-pod-volant","15":"first","16":"instock","17":"taxable","18":"shipping-taxable","19":"purchasable","20":"product-type-simple","21":"customify-col","22":"product-has-gallery"},"aioseo_notices":[],"_links":{"self":[{"href":"https:\/\/motokary-karting.sk\/pl\/wp-json\/wp\/v2\/product\/1393","targetHints":{"allow":["GET"]}}],"collection":[{"href":"https:\/\/motokary-karting.sk\/pl\/wp-json\/wp\/v2\/product"}],"about":[{"href":"https:\/\/motokary-karting.sk\/pl\/wp-json\/wp\/v2\/types\/product"}],"wp:featuredmedia":[{"embeddable":true,"href":"https:\/\/motokary-karting.sk\/pl\/wp-json\/wp\/v2\/media\/10488"}],"wp:attachment":[{"href":"https:\/\/motokary-karting.sk\/pl\/wp-json\/wp\/v2\/media?parent=1393"}],"wp:term":[{"taxonomy":"product_brand","embeddable":true,"href":"https:\/\/motokary-karting.sk\/pl\/wp-json\/wp\/v2\/product_brand?post=1393"},{"taxonomy":"product_cat","embeddable":true,"href":"https:\/\/motokary-karting.sk\/pl\/wp-json\/wp\/v2\/product_cat?post=1393"},{"taxonomy":"product_tag","embeddable":true,"href":"https:\/\/motokary-karting.sk\/pl\/wp-json\/wp\/v2\/product_tag?post=1393"}],"curies":[{"name":"wp","href":"https:\/\/api.w.org\/{rel}","templated":true}]}}