{"id":13969,"date":"2022-01-20T13:10:28","date_gmt":"2022-01-20T13:10:28","guid":{"rendered":"https:\/\/motokary-karting.sk\/?post_type=product&#038;p=13969"},"modified":"2022-01-20T13:15:59","modified_gmt":"2022-01-20T13:15:59","slug":"wymienna-wysciolka-arai-ck-6-roznych-grubosci","status":"publish","type":"product","link":"https:\/\/motokary-karting.sk\/pl\/produkt\/arai-nahradne-polstrovanie-ck-6-rozne-hrubky\/","title":{"rendered":"Zamienna wy\u015bci\u00f3\u0142ka Arai CK-6 - r\u00f3\u017cne grubo\u015bci"},"content":{"rendered":"","protected":false},"excerpt":{"rendered":"","protected":false},"featured_media":13973,"template":"","meta":[],"product_brand":[],"product_cat":[2767,21,18],"product_tag":[1681,1687,1697,1684,1683,1695,1696,142,984,81,1771,1772,981,1680,1682,1675,1679],"class_list":{"0":"post-13969","1":"product","2":"type-product","3":"status-publish","4":"has-post-thumbnail","6":"product_cat-arai-prislusenstvo","7":"product_cat-prilby","8":"product_cat-vybava-pretekara","9":"product_tag-arai","10":"product_tag-arai-helmet-ck-6","11":"product_tag-arai-helmet-sk-6","12":"product_tag-arai-karting-helmt","13":"product_tag-arai-prilba","14":"product_tag-arai-sk-6","15":"product_tag-arai-sk6","16":"product_tag-karting","17":"product_tag-motokarova-prilba","18":"product_tag-motokary","19":"product_tag-nahradne-diely-na-prilbu-arai","20":"product_tag-nahradne-sroby-na-arai","21":"product_tag-prilba-bell-rs-k","22":"product_tag-prilba-na-motokaru","23":"product_tag-prilby-arai","24":"product_tag-prilby-bell","25":"product_tag-prilby-na-motokary","27":"first","28":"onbackorder","29":"taxable","30":"shipping-taxable","31":"purchasable","32":"product-type-variable","33":"customify-col"},"aioseo_notices":[],"_links":{"self":[{"href":"https:\/\/motokary-karting.sk\/pl\/wp-json\/wp\/v2\/product\/13969","targetHints":{"allow":["GET"]}}],"collection":[{"href":"https:\/\/motokary-karting.sk\/pl\/wp-json\/wp\/v2\/product"}],"about":[{"href":"https:\/\/motokary-karting.sk\/pl\/wp-json\/wp\/v2\/types\/product"}],"wp:featuredmedia":[{"embeddable":true,"href":"https:\/\/motokary-karting.sk\/pl\/wp-json\/wp\/v2\/media\/13973"}],"wp:attachment":[{"href":"https:\/\/motokary-karting.sk\/pl\/wp-json\/wp\/v2\/media?parent=13969"}],"wp:term":[{"taxonomy":"product_brand","embeddable":true,"href":"https:\/\/motokary-karting.sk\/pl\/wp-json\/wp\/v2\/product_brand?post=13969"},{"taxonomy":"product_cat","embeddable":true,"href":"https:\/\/motokary-karting.sk\/pl\/wp-json\/wp\/v2\/product_cat?post=13969"},{"taxonomy":"product_tag","embeddable":true,"href":"https:\/\/motokary-karting.sk\/pl\/wp-json\/wp\/v2\/product_tag?post=13969"}],"curies":[{"name":"wp","href":"https:\/\/api.w.org\/{rel}","templated":true}]}}