{"id":14007,"date":"2022-01-27T19:11:28","date_gmt":"2022-01-27T19:11:28","guid":{"rendered":"https:\/\/motokary-karting.sk\/?post_type=product&#038;p=14007"},"modified":"2026-04-27T07:12:58","modified_gmt":"2026-04-27T07:12:58","slug":"czujnik-spalin-alfano-czujnik-spalin","status":"publish","type":"product","link":"https:\/\/motokary-karting.sk\/pl\/produkt\/alfano-snimac-vyfukovych-plynov-gas-sensor\/","title":{"rendered":"Czujnik spalin Alfano - czujnik gazu"},"content":{"rendered":"<p>Sonda spalin dla nowego szablonu Alfano ADM<\/p>\n<p>D\u0142ugo\u015b\u0107 kabla 35 cm.<\/p>","protected":false},"excerpt":{"rendered":"<p>Sonda wydechu do nowego szablonu Alfano ADM D\u0142ugo\u015b\u0107 przewodu 35 cm.<\/p>","protected":false},"featured_media":14008,"template":"","meta":[],"product_brand":[],"product_cat":[2675,335],"product_tag":[2280,2035,2032,2034,2033,2281,2013,1728,142,2012,1344,2030,2031,81,2014],"class_list":{"0":"post-14007","1":"product","2":"type-product","3":"status-publish","4":"has-post-thumbnail","6":"product_cat-alfano","7":"product_cat-telemetrieapristroje","8":"product_tag-alfano-ads-mag-telemetry-laptimer","9":"product_tag-alfano-karting","10":"product_tag-alfano-laptimer","11":"product_tag-alfano-motokary","12":"product_tag-alfano-telemetria","13":"product_tag-alfanotelemetria-alfano-6-1t-standard-telemetry-laptimer-light","14":"product_tag-casomiera-na-motokaru","15":"product_tag-kart-shop","16":"product_tag-karting","17":"product_tag-karting-motokary","18":"product_tag-karting-shop","19":"product_tag-laptimer","20":"product_tag-laptimer-alfano","21":"product_tag-motokary","22":"product_tag-telemetria-na-motokaru","24":"first","25":"instock","26":"sale","27":"taxable","28":"shipping-taxable","29":"purchasable","30":"product-type-simple","31":"customify-col"},"aioseo_notices":[],"_links":{"self":[{"href":"https:\/\/motokary-karting.sk\/pl\/wp-json\/wp\/v2\/product\/14007","targetHints":{"allow":["GET"]}}],"collection":[{"href":"https:\/\/motokary-karting.sk\/pl\/wp-json\/wp\/v2\/product"}],"about":[{"href":"https:\/\/motokary-karting.sk\/pl\/wp-json\/wp\/v2\/types\/product"}],"wp:featuredmedia":[{"embeddable":true,"href":"https:\/\/motokary-karting.sk\/pl\/wp-json\/wp\/v2\/media\/14008"}],"wp:attachment":[{"href":"https:\/\/motokary-karting.sk\/pl\/wp-json\/wp\/v2\/media?parent=14007"}],"wp:term":[{"taxonomy":"product_brand","embeddable":true,"href":"https:\/\/motokary-karting.sk\/pl\/wp-json\/wp\/v2\/product_brand?post=14007"},{"taxonomy":"product_cat","embeddable":true,"href":"https:\/\/motokary-karting.sk\/pl\/wp-json\/wp\/v2\/product_cat?post=14007"},{"taxonomy":"product_tag","embeddable":true,"href":"https:\/\/motokary-karting.sk\/pl\/wp-json\/wp\/v2\/product_tag?post=14007"}],"curies":[{"name":"wp","href":"https:\/\/api.w.org\/{rel}","templated":true}]}}