{"id":14011,"date":"2022-01-27T19:29:02","date_gmt":"2022-01-27T19:29:02","guid":{"rendered":"https:\/\/motokary-karting.sk\/?post_type=product&#038;p=14011"},"modified":"2026-02-20T11:29:36","modified_gmt":"2026-02-20T11:29:36","slug":"czujnik-obrotow-silnika-alfano","status":"publish","type":"product","link":"https:\/\/motokary-karting.sk\/pl\/produkt\/alfano-snimac-rpm-otaciek-motora\/","title":{"rendered":"Czujnik pr\u0119dko\u015bci obrotowej silnika Alfano RPM"},"content":{"rendered":"<p>Czujnik pr\u0119dko\u015bci obrotowej silnika Alfano nowego typu (wysokonapi\u0119ciowy)<\/p>\n<p>D\u0142ugo\u015b\u0107 220 mm<\/p>","protected":false},"excerpt":{"rendered":"<p>RPM Czujnik pr\u0119dko\u015bci silnika Alfano nowego typu (wysokonapi\u0119ciowy) D\u0142ugo\u015b\u0107 220 mm<\/p>","protected":false},"featured_media":28005,"template":"","meta":[],"product_brand":[],"product_cat":[2675,335],"product_tag":[2280,2035,2032,2034,2033,2281,2013,1728,142,2012,1344,2030,2031,81,2014],"class_list":{"0":"post-14011","1":"product","2":"type-product","3":"status-publish","4":"has-post-thumbnail","6":"product_cat-alfano","7":"product_cat-telemetrieapristroje","8":"product_tag-alfano-ads-mag-telemetry-laptimer","9":"product_tag-alfano-karting","10":"product_tag-alfano-laptimer","11":"product_tag-alfano-motokary","12":"product_tag-alfano-telemetria","13":"product_tag-alfanotelemetria-alfano-6-1t-standard-telemetry-laptimer-light","14":"product_tag-casomiera-na-motokaru","15":"product_tag-kart-shop","16":"product_tag-karting","17":"product_tag-karting-motokary","18":"product_tag-karting-shop","19":"product_tag-laptimer","20":"product_tag-laptimer-alfano","21":"product_tag-motokary","22":"product_tag-telemetria-na-motokaru","24":"first","25":"onbackorder","26":"taxable","27":"shipping-taxable","28":"purchasable","29":"product-type-simple","30":"customify-col"},"aioseo_notices":[],"_links":{"self":[{"href":"https:\/\/motokary-karting.sk\/pl\/wp-json\/wp\/v2\/product\/14011","targetHints":{"allow":["GET"]}}],"collection":[{"href":"https:\/\/motokary-karting.sk\/pl\/wp-json\/wp\/v2\/product"}],"about":[{"href":"https:\/\/motokary-karting.sk\/pl\/wp-json\/wp\/v2\/types\/product"}],"wp:featuredmedia":[{"embeddable":true,"href":"https:\/\/motokary-karting.sk\/pl\/wp-json\/wp\/v2\/media\/28005"}],"wp:attachment":[{"href":"https:\/\/motokary-karting.sk\/pl\/wp-json\/wp\/v2\/media?parent=14011"}],"wp:term":[{"taxonomy":"product_brand","embeddable":true,"href":"https:\/\/motokary-karting.sk\/pl\/wp-json\/wp\/v2\/product_brand?post=14011"},{"taxonomy":"product_cat","embeddable":true,"href":"https:\/\/motokary-karting.sk\/pl\/wp-json\/wp\/v2\/product_cat?post=14011"},{"taxonomy":"product_tag","embeddable":true,"href":"https:\/\/motokary-karting.sk\/pl\/wp-json\/wp\/v2\/product_tag?post=14011"}],"curies":[{"name":"wp","href":"https:\/\/api.w.org\/{rel}","templated":true}]}}