{"id":14018,"date":"2022-01-29T23:22:55","date_gmt":"2022-01-29T23:22:55","guid":{"rendered":"https:\/\/motokary-karting.sk\/?post_type=product&#038;p=14018"},"modified":"2026-04-22T07:07:21","modified_gmt":"2026-04-22T07:07:21","slug":"kabel-rozgaleziajacy-alfano-do-czujnika-temperatury-spalin-i-wody","status":"publish","type":"product","link":"https:\/\/motokary-karting.sk\/pl\/produkt\/alfano-rozdvojovaci-kabel-pre-snimac-vyfukovych-plynov-a-teploty-vody-splitter\/","title":{"rendered":"Kabel rozga\u0142\u0119ziaj\u0105cy Alfano do czujnika temperatury spalin i wody - SPLITTER"},"content":{"rendered":"<p>Czujniki kablowe do pod\u0142\u0105czania sond K i NTC<\/p>\n<p>Za pomoc\u0105 tego kabla na narz\u0119dziu BOX M4 mo\u017cna zainstalowa\u0107 sond\u0119 wody i sond\u0119 temperatury lub sond\u0119 pod \u015bwiec\u0105 zap\u0142onow\u0105.<\/p>","protected":false},"excerpt":{"rendered":"<p>Kabel dziel\u0105cy czujniki do pod\u0142\u0105czenia sond K i NTC Za pomoc\u0105 tego kabla mo\u017cna zainstalowa\u0107 sond\u0119 wody i sond\u0119 temperatury na BOX M4....<\/p>","protected":false},"featured_media":14019,"template":"","meta":[],"product_brand":[],"product_cat":[2675,335],"product_tag":[2280,2035,2032,2034,2033,2281,2013,1728,142,2012,1344,2030,2031,81,2014],"class_list":{"0":"post-14018","1":"product","2":"type-product","3":"status-publish","4":"has-post-thumbnail","6":"product_cat-alfano","7":"product_cat-telemetrieapristroje","8":"product_tag-alfano-ads-mag-telemetry-laptimer","9":"product_tag-alfano-karting","10":"product_tag-alfano-laptimer","11":"product_tag-alfano-motokary","12":"product_tag-alfano-telemetria","13":"product_tag-alfanotelemetria-alfano-6-1t-standard-telemetry-laptimer-light","14":"product_tag-casomiera-na-motokaru","15":"product_tag-kart-shop","16":"product_tag-karting","17":"product_tag-karting-motokary","18":"product_tag-karting-shop","19":"product_tag-laptimer","20":"product_tag-laptimer-alfano","21":"product_tag-motokary","22":"product_tag-telemetria-na-motokaru","24":"first","25":"instock","26":"taxable","27":"shipping-taxable","28":"purchasable","29":"product-type-simple","30":"customify-col"},"aioseo_notices":[],"_links":{"self":[{"href":"https:\/\/motokary-karting.sk\/pl\/wp-json\/wp\/v2\/product\/14018","targetHints":{"allow":["GET"]}}],"collection":[{"href":"https:\/\/motokary-karting.sk\/pl\/wp-json\/wp\/v2\/product"}],"about":[{"href":"https:\/\/motokary-karting.sk\/pl\/wp-json\/wp\/v2\/types\/product"}],"wp:featuredmedia":[{"embeddable":true,"href":"https:\/\/motokary-karting.sk\/pl\/wp-json\/wp\/v2\/media\/14019"}],"wp:attachment":[{"href":"https:\/\/motokary-karting.sk\/pl\/wp-json\/wp\/v2\/media?parent=14018"}],"wp:term":[{"taxonomy":"product_brand","embeddable":true,"href":"https:\/\/motokary-karting.sk\/pl\/wp-json\/wp\/v2\/product_brand?post=14018"},{"taxonomy":"product_cat","embeddable":true,"href":"https:\/\/motokary-karting.sk\/pl\/wp-json\/wp\/v2\/product_cat?post=14018"},{"taxonomy":"product_tag","embeddable":true,"href":"https:\/\/motokary-karting.sk\/pl\/wp-json\/wp\/v2\/product_tag?post=14018"}],"curies":[{"name":"wp","href":"https:\/\/api.w.org\/{rel}","templated":true}]}}