{"id":14058,"date":"2022-02-02T13:30:36","date_gmt":"2022-02-02T13:30:36","guid":{"rendered":"https:\/\/motokary-karting.sk\/?post_type=product&#038;p=14058"},"modified":"2026-01-29T14:04:06","modified_gmt":"2026-01-29T14:04:06","slug":"os-tylna-50-mm-1040-x-50-mm-niepomalowana-kz","status":"publish","type":"product","link":"https:\/\/motokary-karting.sk\/pl\/produkt\/zadna-os-50mm-1040-x-50mm-nefarbena-kz\/","title":{"rendered":"O\u015b tylna 50mm 1040 x 50mm nielakierowana - KZ"},"content":{"rendered":"<p>d\u0142ugo\u015b\u0107 1040 mm<\/p>\n<p>&nbsp;<\/p>","protected":false},"excerpt":{"rendered":"<p>d\u0142ugo\u015b\u0107 1040 mm &nbsp;<\/p>","protected":false},"featured_media":12179,"template":"","meta":[],"product_brand":[],"product_cat":[271,671,368],"product_tag":[547,1344,81,546,548,306,2741,2513,307,2740,2514],"class_list":{"0":"post-14058","1":"product","2":"type-product","3":"status-publish","4":"has-post-thumbnail","6":"product_cat-nahradne-diely-na-podvozky","7":"product_cat-o-50mm-zadne-osi-prislusenstvo","8":"product_cat-zadne-osi-prislusenstvo","9":"product_tag-axle-50mm","10":"product_tag-karting-shop","11":"product_tag-motokary","12":"product_tag-rear-axle","13":"product_tag-rear-axle-medium","14":"product_tag-zadna-os","15":"product_tag-zadna-os-1020mm","16":"product_tag-zadna-os-50mm","17":"product_tag-zadna-oska","18":"product_tag-zadna-oska-1020","19":"product_tag-zadna-oska-na-motokaru","21":"first","22":"instock","23":"sale","24":"taxable","25":"shipping-taxable","26":"purchasable","27":"product-type-variable","28":"customify-col","29":"product-has-gallery"},"aioseo_notices":[],"_links":{"self":[{"href":"https:\/\/motokary-karting.sk\/pl\/wp-json\/wp\/v2\/product\/14058","targetHints":{"allow":["GET"]}}],"collection":[{"href":"https:\/\/motokary-karting.sk\/pl\/wp-json\/wp\/v2\/product"}],"about":[{"href":"https:\/\/motokary-karting.sk\/pl\/wp-json\/wp\/v2\/types\/product"}],"wp:featuredmedia":[{"embeddable":true,"href":"https:\/\/motokary-karting.sk\/pl\/wp-json\/wp\/v2\/media\/12179"}],"wp:attachment":[{"href":"https:\/\/motokary-karting.sk\/pl\/wp-json\/wp\/v2\/media?parent=14058"}],"wp:term":[{"taxonomy":"product_brand","embeddable":true,"href":"https:\/\/motokary-karting.sk\/pl\/wp-json\/wp\/v2\/product_brand?post=14058"},{"taxonomy":"product_cat","embeddable":true,"href":"https:\/\/motokary-karting.sk\/pl\/wp-json\/wp\/v2\/product_cat?post=14058"},{"taxonomy":"product_tag","embeddable":true,"href":"https:\/\/motokary-karting.sk\/pl\/wp-json\/wp\/v2\/product_tag?post=14058"}],"curies":[{"name":"wp","href":"https:\/\/api.w.org\/{rel}","templated":true}]}}