{"id":14127,"date":"2022-02-02T21:45:41","date_gmt":"2022-02-02T21:45:41","guid":{"rendered":"https:\/\/motokary-karting.sk\/?post_type=product&#038;p=14127"},"modified":"2024-10-14T08:38:04","modified_gmt":"2024-10-14T08:38:04","slug":"filtr-powietrza-kg-nitro-kz","status":"publish","type":"product","link":"https:\/\/motokary-karting.sk\/pl\/produkt\/vzduchovy-filter-kg-nitro-kz\/","title":{"rendered":"Filtr powietrza - KG Nitro (KZ)"},"content":{"rendered":"<p>Przedstawiamy nowy amortyzator KG Nitro, w kt\u00f3ry producent zainwestowa\u0142 znaczne \u015brodki w celu uzyskania najlepszych osi\u0105g\u00f3w poprzez optymalizacj\u0119 spadku ci\u015bnienia, jako\u015bci i pe\u0142nej zgodno\u015bci z przepisami CIK \/ FIA. Wszystko to dzi\u0119ki d\u0142ugim wewn\u0119trznym badaniom z wykorzystaniem CFD i we wsp\u00f3\u0142pracy ze specjalistycznym laboratorium do p\u0142ukania uk\u0142adu dolotowego silnik\u00f3w spalinowych.<\/p>\n<p>Wszystkie wewn\u0119trzne komponenty s\u0105 nowe, zainwestowane od podstaw i bez odnawiania istniej\u0105cych cz\u0119\u015bci zamiennych, ze wzgl\u0119du na ch\u0119\u0107 stworzenia produktu, kt\u00f3ry m\u00f3g\u0142by obni\u017cy\u0107 koszty produkcji kosztem innowacji, co jest dalekie od strategii, z kt\u00f3r\u0105 narodzi\u0142o si\u0119 NITRO. .<\/p>","protected":false},"excerpt":{"rendered":"<p>Przedstawiamy nowy amortyzator KG Nitro, w kt\u00f3ry producent zainwestowa\u0142 znaczne \u015brodki, aby uzyska\u0107 najlepsz\u0105 wydajno\u015b\u0107 poprzez optymalizacj\u0119 spadku ci\u015bnienia, jako\u015bci i pe\u0142nej zgodno\u015bci z przepisami CIK \/ FIA.....<\/p>","protected":false},"featured_media":14130,"template":"","meta":[],"product_brand":[],"product_cat":[390,645],"product_tag":[1625,2944,391,1633,1628,1629,1728,142,1344,2943,2945,81,392,2946,1632,1630,1631],"class_list":{"0":"post-14127","1":"product","2":"type-product","3":"status-publish","4":"has-post-thumbnail","6":"product_cat-filtre-vzduchu","7":"product_cat-nahradne-diely-na-motory","8":"product_tag-aktivny-vzduchovy-filter","9":"product_tag-filter-kg","10":"product_tag-filter-vzduchu","11":"product_tag-filter-vzduchu-125cm","12":"product_tag-filter-vzduchu-ok","13":"product_tag-fioter-vzduchu-okj","14":"product_tag-kart-shop","15":"product_tag-karting","16":"product_tag-karting-shop","17":"product_tag-kg-nitro","18":"product_tag-kg-vzduchovy-filter","19":"product_tag-motokary","20":"product_tag-vzduchovy-filter","21":"product_tag-vzduchovy-filter-kg-nitro","22":"product_tag-vzduchovy-filter-kz","23":"product_tag-vzduchovy-filter-ok","24":"product_tag-vzduchovy-filter-okj","26":"first","27":"onbackorder","28":"taxable","29":"shipping-taxable","30":"purchasable","31":"product-type-variable","32":"customify-col"},"aioseo_notices":[],"_links":{"self":[{"href":"https:\/\/motokary-karting.sk\/pl\/wp-json\/wp\/v2\/product\/14127","targetHints":{"allow":["GET"]}}],"collection":[{"href":"https:\/\/motokary-karting.sk\/pl\/wp-json\/wp\/v2\/product"}],"about":[{"href":"https:\/\/motokary-karting.sk\/pl\/wp-json\/wp\/v2\/types\/product"}],"wp:featuredmedia":[{"embeddable":true,"href":"https:\/\/motokary-karting.sk\/pl\/wp-json\/wp\/v2\/media\/14130"}],"wp:attachment":[{"href":"https:\/\/motokary-karting.sk\/pl\/wp-json\/wp\/v2\/media?parent=14127"}],"wp:term":[{"taxonomy":"product_brand","embeddable":true,"href":"https:\/\/motokary-karting.sk\/pl\/wp-json\/wp\/v2\/product_brand?post=14127"},{"taxonomy":"product_cat","embeddable":true,"href":"https:\/\/motokary-karting.sk\/pl\/wp-json\/wp\/v2\/product_cat?post=14127"},{"taxonomy":"product_tag","embeddable":true,"href":"https:\/\/motokary-karting.sk\/pl\/wp-json\/wp\/v2\/product_tag?post=14127"}],"curies":[{"name":"wp","href":"https:\/\/api.w.org\/{rel}","templated":true}]}}