{"id":14131,"date":"2022-02-02T21:59:01","date_gmt":"2022-02-02T21:59:01","guid":{"rendered":"https:\/\/motokary-karting.sk\/?post_type=product&#038;p=14131"},"modified":"2024-10-14T08:39:21","modified_gmt":"2024-10-14T08:39:21","slug":"filtr-powietrza-power-kg-nitro-kz","status":"publish","type":"product","link":"https:\/\/motokary-karting.sk\/pl\/produkt\/vzduchovy-filter-power-kg-nitro-kz\/","title":{"rendered":"Filtr powietrza - POWER KG Nitro (KZ)"},"content":{"rendered":"<p>Nowy t\u0142umik dolotowy POWER charakteryzuje si\u0119 poprawion\u0105 dynamik\u0105 dolnego ko\u0144ca, przede wszystkim \u0142\u0105cz\u0105c przep\u0142yw w kierunku ga\u017anika. Nowa manetka zosta\u0142a zaprojektowana tak, aby zminimalizowa\u0107 kombinezon manetki, a ga\u017anik przechodzi bezpo\u015brednio do komory wlotowej za filtrem, o znacznych rozmiarach, kt\u00f3re zbli\u017caj\u0105 si\u0119 do limitu obj\u0119to\u015bci okre\u015blonego w przepisach, co jest szczeg\u00f3lnie doceniane przez silniki KZ wyposa\u017cone w ga\u017anikow\u0105 zw\u0119\u017ck\u0119 Venturiego 30 mm.<\/p>\n<p>Ta bardzo kr\u00f3tka i nachylona pod k\u0105tem 5\u00b0 tuleja jest idealnie po\u0142\u0105czona, aby umo\u017cliwi\u0107 instalacj\u0119 t\u0142umika dolotowego z wlotem powietrza prawie r\u00f3wnoleg\u0142ym do pod\u0142o\u017ca, co zapewnia maksymaln\u0105 dynamik\u0119. W zestawie znajduje si\u0119 druga tuleja o zwi\u0119kszonym nachyleniu, kt\u00f3ra jest obracana do w\u0142a\u015bciwej pozycji, umo\u017cliwiaj\u0105c instalacj\u0119 t\u0142umika r\u00f3wnie\u017c pod k\u0105tem o mniejszej \u201cdynamice\u201d, to znaczy z wlotem lekko skierowanym w d\u00f3\u0142, zapewniaj\u0105c w razie potrzeby wi\u0119cej miejsca dla kierowcy, a tak\u017ce umo\u017cliwiaj\u0105c dostosowanie do silnik\u00f3w z ga\u017anikiem nachylonym bardzo r\u00f3wnolegle do pod\u0142o\u017ca.<\/p>\n<p>Najwa\u017cniejsz\u0105 wiadomo\u015bci\u0105 jest jednak wsp\u00f3\u0142praca mi\u0119dzy KG i SPRINT FILTER, kt\u00f3ra doprowadzi\u0142a do stworzenia nowego i specyficznego filtra kartrid\u017cowego.<\/p>\n<p>Sprint Filter jest najstarszym na \u015bwiecie producentem wyczynowych filtr\u00f3w powietrza od 1952 roku, a obecnie jest wiod\u0105cym dostawc\u0105 w sportach motorowych.<\/p>\n<p>Firma KG znalaz\u0142a w Sprintfilter idealnego partnera, kt\u00f3ry znacz\u0105co poprawi\u0142 jako\u015b\u0107 wewn\u0119trznego filtra nabojowego.<\/p>\n<p>W tym celu Sprint Filter opracowa\u0142 dla KG filtr kasetowy (wewn\u0119trzny) specjalnie zaprojektowany do komory powietrznej POWER, kt\u00f3ry wykorzystuje specjalny opatentowany filtr powietrza z siatki poliestrowej z mediami filtracyjnymi P037 o nat\u0119\u017ceniu przep\u0142ywu powietrza 4500 l\/mkw. w por\u00f3wnaniu z bardzo wysok\u0105 klas\u0105 filtracji 37 \u03bcm, co pozwoli\u0142o mu znacznie przekroczy\u0107 rygorystyczne normy filtracji ISO 5011: 201. P037 jest r\u00f3wnie\u017c jedynym filtrem powietrza na \u015bwiecie, kt\u00f3ry mo\u017ce pochwali\u0107 si\u0119 wodoodporn\u0105 technologi\u0105. W rzeczywisto\u015bci Sprint Filter posiada patent, kt\u00f3ry pozwala mu by\u0107 jedynym producentem na \u015bwiecie produkuj\u0105cym filtry powietrza, kt\u00f3re przepuszczaj\u0105 powietrze, odpychaj\u0105c wod\u0119 dzi\u0119ki specjalnej trwa\u0142ej obr\u00f3bce siatki filtra. W przeciwie\u0144stwie do wszystkich wysokowydajnych filtr\u00f3w powietrza, filtr powietrza Sprint Filter jest naprawd\u0119 wieczny, nie potrzebuje no\u015bnika oleju do zatrzymywania brudu i regeneruje si\u0119 w ci\u0105gu kilku sekund przy u\u017cyciu tylko spr\u0119\u017conego powietrza. Dlatego ten filtr wewn\u0119trzny ma idealnie skalibrowan\u0105 siatk\u0119 poliestrow\u0105, w kt\u00f3rej przeplatanie si\u0119 nici poliestrowych okre\u015bla sta\u0142\u0105 trwa\u0142o\u015b\u0107 otwor\u00f3w przelotowych powietrza, kt\u00f3ra wynosi 37 mikron\u00f3w. Wszystkie filtry s\u0105 takie same i nie zmieniaj\u0105 si\u0119 w czasie. Jednak tkanina bawe\u0142niana zastosowana w modelu NITRO niestety ma niesp\u00f3jno\u015b\u0107 ze wzgl\u0119du na charakter bawe\u0142ny z wieloma \u201cw\u0142oskami\u201d, kt\u00f3re zak\u0142\u00f3caj\u0105 p\u0142ynno\u015b\u0107. Przeplatanie poliestru jest idealnie g\u0142adkie i skalibrowane. Przewidywanie obci\u0105\u017cenia jest naprawd\u0119 lepsze w por\u00f3wnaniu z tkanin\u0105 bawe\u0142nian\u0105, a przede wszystkim z du\u017c\u0105 sta\u0142o\u015bci\u0105. Nie nale\u017cy jej myli\u0107 z TNT (w\u0142\u00f3knin\u0105 poliestrow\u0105), kt\u00f3ra w rzeczywisto\u015bci jest papierem o s\u0142abej oddychalno\u015bci, stosowanym w wielu filtrach ekonomicznych. Poziom technologiczny tego filtra Sprintfilter PO37 ma najwy\u017csz\u0105 warto\u015b\u0107, a zatem cena zdecydowanie wa\u017cna w por\u00f3wnaniu do bawe\u0142nianego filtra modelu Nitro jest z nim zwi\u0105zana. Wersja dost\u0119pna z tromboncini 23 mm lub 30 mm, osobno i oryginalnym wspornikiem.<\/p>","protected":false},"excerpt":{"rendered":"<p>Nowy t\u0142umik dolotowy POWER charakteryzuje si\u0119 poprawion\u0105 dynamik\u0105 dolnego ko\u0144ca, kt\u00f3ra najbardziej \u0142\u0105czy przep\u0142yw w kierunku ga\u017anika. Nowa manetka zosta\u0142a zaprojektowana tak, aby zminimalizowa\u0107...<\/p>","protected":false},"featured_media":14133,"template":"","meta":[],"product_brand":[],"product_cat":[390,645],"product_tag":[1625,2944,391,1633,1628,1629,1728,142,1344,2943,2945,81,392,2946,1632,1630,1631],"class_list":{"0":"post-14131","1":"product","2":"type-product","3":"status-publish","4":"has-post-thumbnail","6":"product_cat-filtre-vzduchu","7":"product_cat-nahradne-diely-na-motory","8":"product_tag-aktivny-vzduchovy-filter","9":"product_tag-filter-kg","10":"product_tag-filter-vzduchu","11":"product_tag-filter-vzduchu-125cm","12":"product_tag-filter-vzduchu-ok","13":"product_tag-fioter-vzduchu-okj","14":"product_tag-kart-shop","15":"product_tag-karting","16":"product_tag-karting-shop","17":"product_tag-kg-nitro","18":"product_tag-kg-vzduchovy-filter","19":"product_tag-motokary","20":"product_tag-vzduchovy-filter","21":"product_tag-vzduchovy-filter-kg-nitro","22":"product_tag-vzduchovy-filter-kz","23":"product_tag-vzduchovy-filter-ok","24":"product_tag-vzduchovy-filter-okj","26":"first","27":"onbackorder","28":"taxable","29":"shipping-taxable","30":"purchasable","31":"product-type-variable","32":"customify-col","33":"product-has-gallery"},"aioseo_notices":[],"_links":{"self":[{"href":"https:\/\/motokary-karting.sk\/pl\/wp-json\/wp\/v2\/product\/14131","targetHints":{"allow":["GET"]}}],"collection":[{"href":"https:\/\/motokary-karting.sk\/pl\/wp-json\/wp\/v2\/product"}],"about":[{"href":"https:\/\/motokary-karting.sk\/pl\/wp-json\/wp\/v2\/types\/product"}],"wp:featuredmedia":[{"embeddable":true,"href":"https:\/\/motokary-karting.sk\/pl\/wp-json\/wp\/v2\/media\/14133"}],"wp:attachment":[{"href":"https:\/\/motokary-karting.sk\/pl\/wp-json\/wp\/v2\/media?parent=14131"}],"wp:term":[{"taxonomy":"product_brand","embeddable":true,"href":"https:\/\/motokary-karting.sk\/pl\/wp-json\/wp\/v2\/product_brand?post=14131"},{"taxonomy":"product_cat","embeddable":true,"href":"https:\/\/motokary-karting.sk\/pl\/wp-json\/wp\/v2\/product_cat?post=14131"},{"taxonomy":"product_tag","embeddable":true,"href":"https:\/\/motokary-karting.sk\/pl\/wp-json\/wp\/v2\/product_tag?post=14131"}],"curies":[{"name":"wp","href":"https:\/\/api.w.org\/{rel}","templated":true}]}}